{"id":97723,"date":"2022-07-10T21:14:08","date_gmt":"2022-07-10T21:14:08","guid":{"rendered":"https:\/\/www.3p-gmbh.de\/produkt\/mikrojet-sugebaeltebord-til-adressering\/"},"modified":"2022-07-10T21:14:08","modified_gmt":"2022-07-10T21:14:08","slug":"mikrojet-sugebaeltebord-til-adressering","status":"publish","type":"product","link":"https:\/\/www.3p-gmbh.de\/da\/produkt\/mikrojet-sugebaeltebord-til-adressering\/","title":{"rendered":"Mikrojet-sugeb\u00e6ltebord til adressering"},"content":{"rendered":"<p><strong>Microjet h\u00f8jdejusterbart, frekvensstyret sugeb\u00e6ltebord<br \/>\n<\/strong><br \/>\ntil adressering<br \/>\nL\u00e6ngde ca. 1600 m<br \/>\nIndl\u00f8bsbredde ca. 85 cm<\/p>\n","protected":false},"excerpt":{"rendered":"<p>Microjet h\u00f8jdejusterbart, frekvensstyret sugeb\u00e6ltebord til adressering L\u00e6ngde ca. 1600 m Indl\u00f8bsbredde ca. 85 cm<\/p>\n","protected":false},"featured_media":97726,"template":"","meta":[],"product_brand":[],"product_cat":[3346,3321],"product_tag":[],"class_list":{"0":"post-97723","1":"product","2":"type-product","3":"status-publish","4":"has-post-thumbnail","6":"product_cat-mailing-systemer","7":"product_cat-teknologi-til-transportbaand","8":"pa_hersteller-microjet-systems","10":"first","11":"instock","12":"taxable","13":"shipping-taxable","14":"product-type-simple"},"jetpack_sharing_enabled":true,"_links":{"self":[{"href":"https:\/\/www.3p-gmbh.de\/da\/wp-json\/wp\/v2\/product\/97723","targetHints":{"allow":["GET"]}}],"collection":[{"href":"https:\/\/www.3p-gmbh.de\/da\/wp-json\/wp\/v2\/product"}],"about":[{"href":"https:\/\/www.3p-gmbh.de\/da\/wp-json\/wp\/v2\/types\/product"}],"wp:featuredmedia":[{"embeddable":true,"href":"https:\/\/www.3p-gmbh.de\/da\/wp-json\/wp\/v2\/media\/97726"}],"wp:attachment":[{"href":"https:\/\/www.3p-gmbh.de\/da\/wp-json\/wp\/v2\/media?parent=97723"}],"wp:term":[{"taxonomy":"product_brand","embeddable":true,"href":"https:\/\/www.3p-gmbh.de\/da\/wp-json\/wp\/v2\/product_brand?post=97723"},{"taxonomy":"product_cat","embeddable":true,"href":"https:\/\/www.3p-gmbh.de\/da\/wp-json\/wp\/v2\/product_cat?post=97723"},{"taxonomy":"product_tag","embeddable":true,"href":"https:\/\/www.3p-gmbh.de\/da\/wp-json\/wp\/v2\/product_tag?post=97723"}],"curies":[{"name":"wp","href":"https:\/\/api.w.org\/{rel}","templated":true}]}}