{"id":97538,"date":"2022-08-02T13:51:38","date_gmt":"2022-08-02T13:51:38","guid":{"rendered":"https:\/\/www.3p-gmbh.de\/produkt\/2-th-mobil-foldeenhed-stahlfolder-buh-66-4\/"},"modified":"2022-08-02T13:51:38","modified_gmt":"2022-08-02T13:51:38","slug":"2-th-mobil-foldeenhed-stahlfolder-buh-66-4","status":"publish","type":"product","link":"https:\/\/www.3p-gmbh.de\/da\/produkt\/2-th-mobil-foldeenhed-stahlfolder-buh-66-4\/","title":{"rendered":"2.th mobil foldeenhed Stahlfolder BUH 66-4"},"content":{"rendered":"<p><strong>2.th mobil foldeenhed Stahlfolder BUH 66-4<\/strong><br \/>\n<strong>Bygge\u00e5r 2006<\/strong><\/p>\n<p>kun 4352 driftstimer\/foldekapacitet<\/p>\n<ul>\n<li>MCT-kontrol<\/li>\n<li>Gearplade<\/li>\n<li>Lineal stopper lige som FW 2<\/li>\n<li>4 kombinationslommer 66 cm indl\u00f8bsbredde<\/li>\n<li>Motoriserede, justerbare folderuller i h\u00e5rd PU<\/li>\n<li>Nedstr\u00f8ms sk\u00e6rehoved<\/li>\n<li>Kontrol af arkflow<\/li>\n<\/ul>\n","protected":false},"excerpt":{"rendered":"<p>2.th mobil foldeenhed Stahlfolder BUH 66-4 Bygge\u00e5r 2006 kun 4352 driftstimer\/foldekapacitet MCT-kontrol Gearplade Lineal stopper lige som FW 2 4 kombinationslommer 66 cm indl\u00f8bsbredde Motoriserede, justerbare folderuller i h\u00e5rd PU Nedstr\u00f8ms sk\u00e6rehoved Kontrol af arkflow<\/p>\n","protected":false},"featured_media":97549,"template":"","meta":[],"product_brand":[],"product_cat":[3325],"product_tag":[],"class_list":{"0":"post-97538","1":"product","2":"type-product","3":"status-publish","4":"has-post-thumbnail","6":"product_cat-sammenklappelige-enheder","7":"pa_hersteller-heidelberg-stahlfolder","8":"pa_typ-buh-66-4","10":"first","11":"instock","12":"taxable","13":"shipping-taxable","14":"product-type-simple"},"jetpack_sharing_enabled":true,"_links":{"self":[{"href":"https:\/\/www.3p-gmbh.de\/da\/wp-json\/wp\/v2\/product\/97538","targetHints":{"allow":["GET"]}}],"collection":[{"href":"https:\/\/www.3p-gmbh.de\/da\/wp-json\/wp\/v2\/product"}],"about":[{"href":"https:\/\/www.3p-gmbh.de\/da\/wp-json\/wp\/v2\/types\/product"}],"wp:featuredmedia":[{"embeddable":true,"href":"https:\/\/www.3p-gmbh.de\/da\/wp-json\/wp\/v2\/media\/97549"}],"wp:attachment":[{"href":"https:\/\/www.3p-gmbh.de\/da\/wp-json\/wp\/v2\/media?parent=97538"}],"wp:term":[{"taxonomy":"product_brand","embeddable":true,"href":"https:\/\/www.3p-gmbh.de\/da\/wp-json\/wp\/v2\/product_brand?post=97538"},{"taxonomy":"product_cat","embeddable":true,"href":"https:\/\/www.3p-gmbh.de\/da\/wp-json\/wp\/v2\/product_cat?post=97538"},{"taxonomy":"product_tag","embeddable":true,"href":"https:\/\/www.3p-gmbh.de\/da\/wp-json\/wp\/v2\/product_tag?post=97538"}],"curies":[{"name":"wp","href":"https:\/\/api.w.org\/{rel}","templated":true}]}}