{"id":97510,"date":"2022-08-02T14:21:32","date_gmt":"2022-08-02T14:21:32","guid":{"rendered":"https:\/\/www.3p-gmbh.de\/produkt\/polar-55-em-skaeremaskine\/"},"modified":"2022-08-02T14:21:32","modified_gmt":"2022-08-02T14:21:32","slug":"polar-55-em-skaeremaskine","status":"publish","type":"product","link":"https:\/\/www.3p-gmbh.de\/da\/produkt\/polar-55-em-skaeremaskine\/","title":{"rendered":"POLAR 55 EM-sk\u00e6remaskine"},"content":{"rendered":"<p><strong>POLAR 55 EM-sk\u00e6remaskine  <\/strong><br \/>\n<strong>Bygge\u00e5r 1987<\/strong><\/p>\n<p><strong>SN 5751401<\/strong><\/p>\n<p>EM-programstyring<br \/>\nJustering af pressetryk<br \/>\nKlippebredde: 55 cm<br \/>\nIndf\u00f8ringsdybde: 55 cm<br \/>\nmax. H\u00f8jde p\u00e5 indsatsen: 10 cm<\/p>\n<p>to knive<\/p>\n","protected":false},"excerpt":{"rendered":"<p>POLAR 55 EM-sk\u00e6remaskine Bygge\u00e5r 1987 SN 5751401 EM-programstyring Justering af pressetryk Klippebredde: 55 cm Indf\u00f8ringsdybde: 55 cm max. H\u00f8jde p\u00e5 indsatsen: 10 cm to knive<\/p>\n","protected":false},"featured_media":97512,"template":"","meta":[],"product_brand":[],"product_cat":[3302],"product_tag":[],"class_list":{"0":"post-97510","1":"product","2":"type-product","3":"status-publish","4":"has-post-thumbnail","6":"product_cat-skaeremaskiner","7":"pa_hersteller-polar-mohr","8":"pa_typ-polar-55-em","10":"first","11":"instock","12":"taxable","13":"shipping-taxable","14":"product-type-simple"},"jetpack_sharing_enabled":true,"_links":{"self":[{"href":"https:\/\/www.3p-gmbh.de\/da\/wp-json\/wp\/v2\/product\/97510","targetHints":{"allow":["GET"]}}],"collection":[{"href":"https:\/\/www.3p-gmbh.de\/da\/wp-json\/wp\/v2\/product"}],"about":[{"href":"https:\/\/www.3p-gmbh.de\/da\/wp-json\/wp\/v2\/types\/product"}],"wp:featuredmedia":[{"embeddable":true,"href":"https:\/\/www.3p-gmbh.de\/da\/wp-json\/wp\/v2\/media\/97512"}],"wp:attachment":[{"href":"https:\/\/www.3p-gmbh.de\/da\/wp-json\/wp\/v2\/media?parent=97510"}],"wp:term":[{"taxonomy":"product_brand","embeddable":true,"href":"https:\/\/www.3p-gmbh.de\/da\/wp-json\/wp\/v2\/product_brand?post=97510"},{"taxonomy":"product_cat","embeddable":true,"href":"https:\/\/www.3p-gmbh.de\/da\/wp-json\/wp\/v2\/product_cat?post=97510"},{"taxonomy":"product_tag","embeddable":true,"href":"https:\/\/www.3p-gmbh.de\/da\/wp-json\/wp\/v2\/product_tag?post=97510"}],"curies":[{"name":"wp","href":"https:\/\/api.w.org\/{rel}","templated":true}]}}