{"id":97482,"date":"2023-07-26T22:02:25","date_gmt":"2023-07-26T22:02:25","guid":{"rendered":"https:\/\/www.3p-gmbh.de\/produkt\/hoejtloeftende-gaffeltruck-hs-1029\/"},"modified":"2023-07-26T22:02:25","modified_gmt":"2023-07-26T22:02:25","slug":"hoejtloeftende-gaffeltruck-hs-1029","status":"publish","type":"product","link":"https:\/\/www.3p-gmbh.de\/da\/produkt\/hoejtloeftende-gaffeltruck-hs-1029\/","title":{"rendered":"H\u00f8jtl\u00f8ftende gaffeltruck HS 1029"},"content":{"rendered":"<p><strong>H\u00f8jtl\u00f8ftende gaffeltruck HS 1029<\/strong><br \/>\n<strong>fra 2010<\/strong><\/p>\n<p>Denne hydrauliske pallevogn best\u00e5r af en fast svejset, solid og holdbar st\u00e5lkonstruktion.<br \/>\nEnheden l\u00f8fter belastninger p\u00e5 op til 1000 kg og en l\u00f8fteh\u00f8jde p\u00e5 2780 mm.<br \/>\nPallevognen g\u00f8r det lettere at arbejde med paller og containere og sikrer en ergonomisk arbejdsmetode.<br \/>\nDen betjenes med en enh\u00e5ndsbetjent sikkerhedsstyrestang.<\/p>\n<p>Yderligere funktioner:<br \/>\n&#8211; Solid, svejset st\u00e5lkonstruktion<br \/>\n&#8211; Robust pulverlakering i RAL 1028<br \/>\n&#8211; Hjul med polyuretan-d\u00e6k<br \/>\n&#8211; Begge drejelige hjul med bremser<\/p>\n<p>Dimensioner L x B x H: 1705 x 755 x 2080 mm<br \/>\nDrevtype: manuel<br \/>\nType: H\u00f8jtl\u00f8ftende truck<br \/>\nSamlet h\u00f8jde: 2080 mm<br \/>\nEgenv\u00e6gt: 230 kg<br \/>\nGaffell\u00e6ngde: 1150 mm<br \/>\nL\u00f8fteh\u00f8jde: 2780 mm<br \/>\nLastens tyngdepunkt: 600 mm<br \/>\nDrejelige hjul: 150 x 40 mm<br \/>\nBelastningskapacitet: 1000 kg<br \/>\nVenderadius: 1380 mm<\/p>\n","protected":false},"excerpt":{"rendered":"<p>H\u00f8jtl\u00f8ftende gaffeltruck HS 1029 fra 2010 Denne hydrauliske pallevogn best\u00e5r af en fast svejset, solid og holdbar st\u00e5lkonstruktion. Enheden l\u00f8fter belastninger p\u00e5 op til 1000 kg og en l\u00f8fteh\u00f8jde p\u00e5 2780 mm. Pallevognen g\u00f8r det lettere at arbejde med paller og containere og sikrer en ergonomisk arbejdsmetode. Den betjenes med en enh\u00e5ndsbetjent sikkerhedsstyrestang. Yderligere funktioner: [&hellip;]<\/p>\n","protected":false},"featured_media":97483,"template":"","meta":[],"product_brand":[],"product_cat":[3306],"product_tag":[],"class_list":{"0":"post-97482","1":"product","2":"type-product","3":"status-publish","4":"has-post-thumbnail","6":"product_cat-industritrucks","7":"pa_bezeichnung_typ-hs-1029","9":"first","10":"instock","11":"taxable","12":"shipping-taxable","13":"product-type-simple"},"jetpack_sharing_enabled":true,"_links":{"self":[{"href":"https:\/\/www.3p-gmbh.de\/da\/wp-json\/wp\/v2\/product\/97482","targetHints":{"allow":["GET"]}}],"collection":[{"href":"https:\/\/www.3p-gmbh.de\/da\/wp-json\/wp\/v2\/product"}],"about":[{"href":"https:\/\/www.3p-gmbh.de\/da\/wp-json\/wp\/v2\/types\/product"}],"wp:featuredmedia":[{"embeddable":true,"href":"https:\/\/www.3p-gmbh.de\/da\/wp-json\/wp\/v2\/media\/97483"}],"wp:attachment":[{"href":"https:\/\/www.3p-gmbh.de\/da\/wp-json\/wp\/v2\/media?parent=97482"}],"wp:term":[{"taxonomy":"product_brand","embeddable":true,"href":"https:\/\/www.3p-gmbh.de\/da\/wp-json\/wp\/v2\/product_brand?post=97482"},{"taxonomy":"product_cat","embeddable":true,"href":"https:\/\/www.3p-gmbh.de\/da\/wp-json\/wp\/v2\/product_cat?post=97482"},{"taxonomy":"product_tag","embeddable":true,"href":"https:\/\/www.3p-gmbh.de\/da\/wp-json\/wp\/v2\/product_tag?post=97482"}],"curies":[{"name":"wp","href":"https:\/\/api.w.org\/{rel}","templated":true}]}}