{"id":97439,"date":"2023-07-09T10:13:25","date_gmt":"2023-07-09T10:13:25","guid":{"rendered":"https:\/\/www.3p-gmbh.de\/produkt\/diverse-vaerktoejer-til-lukning-af-bogtryk\/"},"modified":"2023-07-09T10:13:25","modified_gmt":"2023-07-09T10:13:25","slug":"diverse-vaerktoejer-til-lukning-af-bogtryk","status":"publish","type":"product","link":"https:\/\/www.3p-gmbh.de\/da\/produkt\/diverse-vaerktoejer-til-lukning-af-bogtryk\/","title":{"rendered":"Diverse v\u00e6rkt\u00f8jer til lukning af bogtryk"},"content":{"rendered":"<p><strong>Diverse v\u00e6rkt\u00f8jer til lukning af bogtryk<\/strong><\/p>\n","protected":false},"excerpt":{"rendered":"<p>Diverse v\u00e6rkt\u00f8jer til lukning af bogtryk<\/p>\n","protected":false},"featured_media":97443,"template":"","meta":[],"product_brand":[],"product_cat":[3314,3299],"product_tag":[],"class_list":{"0":"post-97439","1":"product","2":"type-product","3":"status-publish","4":"has-post-thumbnail","6":"product_cat-bogtryk","7":"product_cat-sortiment-bogbinding","9":"first","10":"instock","11":"taxable","12":"shipping-taxable","13":"product-type-simple"},"jetpack_sharing_enabled":true,"_links":{"self":[{"href":"https:\/\/www.3p-gmbh.de\/da\/wp-json\/wp\/v2\/product\/97439","targetHints":{"allow":["GET"]}}],"collection":[{"href":"https:\/\/www.3p-gmbh.de\/da\/wp-json\/wp\/v2\/product"}],"about":[{"href":"https:\/\/www.3p-gmbh.de\/da\/wp-json\/wp\/v2\/types\/product"}],"wp:featuredmedia":[{"embeddable":true,"href":"https:\/\/www.3p-gmbh.de\/da\/wp-json\/wp\/v2\/media\/97443"}],"wp:attachment":[{"href":"https:\/\/www.3p-gmbh.de\/da\/wp-json\/wp\/v2\/media?parent=97439"}],"wp:term":[{"taxonomy":"product_brand","embeddable":true,"href":"https:\/\/www.3p-gmbh.de\/da\/wp-json\/wp\/v2\/product_brand?post=97439"},{"taxonomy":"product_cat","embeddable":true,"href":"https:\/\/www.3p-gmbh.de\/da\/wp-json\/wp\/v2\/product_cat?post=97439"},{"taxonomy":"product_tag","embeddable":true,"href":"https:\/\/www.3p-gmbh.de\/da\/wp-json\/wp\/v2\/product_tag?post=97439"}],"curies":[{"name":"wp","href":"https:\/\/api.w.org\/{rel}","templated":true}]}}