{"id":97412,"date":"2023-07-09T11:47:42","date_gmt":"2023-07-09T11:47:42","guid":{"rendered":"https:\/\/www.3p-gmbh.de\/produkt\/forskellige-polar-mohr-luftborde-pakkeborde-luftsengeborde\/"},"modified":"2023-07-09T11:47:42","modified_gmt":"2023-07-09T11:47:42","slug":"forskellige-polar-mohr-luftborde-pakkeborde-luftsengeborde","status":"publish","type":"product","link":"https:\/\/www.3p-gmbh.de\/da\/produkt\/forskellige-polar-mohr-luftborde-pakkeborde-luftsengeborde\/","title":{"rendered":"forskellige Polar Mohr luftborde &#8211; pakkeborde &#8211; luftsengeborde"},"content":{"rendered":"<p><strong>forskellige Polar Mohr luftborde &#8211; pakkeborde &#8211; luftsengeborde<\/strong><\/p>\n<p><strong>1 Polar Mohr luftbordssegment 100&#215;100 cm (uden kompressor)  <\/strong><br \/>\nForniklet overflade i rustfrit st\u00e5l<br \/>\n<em><strong>tilg\u00e6ngelig 2<\/strong><\/em><\/p>\n<p><strong>1 Polar Mohr luftbordssegment 75&#215;100 cm (uden kompressor)  <\/strong><br \/>\nForniklet overflade i rustfrit st\u00e5l<\/p>\n<p><strong>  1 Polar Mohr luftbordssegment 100&#215;100 cm (uden kompressor)  <\/strong><br \/>\nResophal overflade med bagm\u00e5ler<\/p>\n<p><strong>1 Polar Mohr bordsegment 100&#215;100 cm uden luftdyser<\/strong><br \/>\n<em><strong>tilg\u00e6ngelig 2<\/strong><\/em><\/p>\n<p><strong>  1 Polar Mohr luftbordssegment 75&#215;100 cm (uden kompressor)  <\/strong><br \/>\nResophal overflade<\/p>\n<p><strong>  1 Polar Mohr luftbordssegment 75x75cm (uden kompressor)  <\/strong><br \/>\nResophal overflade<br \/>\n<strong>   <em>tilg\u00e6ngelig 2<\/em><\/strong><\/p>\n<p><strong>1 POLAR Mohr trapezformet lufttransportbord 100 x 98 x 24 x 100 cm med 2 ben<\/strong><br \/>\n<strong>  <em>tilg\u00e6ngelig 2<\/em><\/strong><\/p>\n<p><strong>  1 Polar Mohr luftbordssegment 50&#215;100 cm (uden kompressor)  <\/strong><br \/>\nResophal-overflade med bagkant og benbeskyttelse<\/p>\n<p><em><strong>derudover . Kompressor til luftpuder Rietschle CEV 3709<\/strong><\/em><br \/>\nCentrifugalbl\u00e6ser med tre til fem trin til drift under tryk.<br \/>\nKompakt design.<br \/>\nLav temperatur selv med drosling.<br \/>\nHurtig start takket v\u00e6re letv\u00e6gtshjul.<\/p>\n","protected":false},"excerpt":{"rendered":"<p>forskellige Polar Mohr luftborde &#8211; pakkeborde &#8211; luftsengeborde 1 Polar Mohr luftbordssegment 100&#215;100 cm (uden kompressor) Forniklet overflade i rustfrit st\u00e5l tilg\u00e6ngelig 2 1 Polar Mohr luftbordssegment 75&#215;100 cm (uden kompressor) Forniklet overflade i rustfrit st\u00e5l 1 Polar Mohr luftbordssegment 100&#215;100 cm (uden kompressor) Resophal overflade med bagm\u00e5ler 1 Polar Mohr bordsegment 100&#215;100 cm uden [&hellip;]<\/p>\n","protected":false},"featured_media":97415,"template":"","meta":[],"product_brand":[],"product_cat":[3305,3317],"product_tag":[],"class_list":{"0":"post-97412","1":"product","2":"type-product","3":"status-publish","4":"has-post-thumbnail","6":"product_cat-tilbehoer","7":"product_cat-anden-videreforarbejdning","9":"first","10":"instock","11":"taxable","12":"shipping-taxable","13":"product-type-simple"},"jetpack_sharing_enabled":true,"_links":{"self":[{"href":"https:\/\/www.3p-gmbh.de\/da\/wp-json\/wp\/v2\/product\/97412","targetHints":{"allow":["GET"]}}],"collection":[{"href":"https:\/\/www.3p-gmbh.de\/da\/wp-json\/wp\/v2\/product"}],"about":[{"href":"https:\/\/www.3p-gmbh.de\/da\/wp-json\/wp\/v2\/types\/product"}],"wp:featuredmedia":[{"embeddable":true,"href":"https:\/\/www.3p-gmbh.de\/da\/wp-json\/wp\/v2\/media\/97415"}],"wp:attachment":[{"href":"https:\/\/www.3p-gmbh.de\/da\/wp-json\/wp\/v2\/media?parent=97412"}],"wp:term":[{"taxonomy":"product_brand","embeddable":true,"href":"https:\/\/www.3p-gmbh.de\/da\/wp-json\/wp\/v2\/product_brand?post=97412"},{"taxonomy":"product_cat","embeddable":true,"href":"https:\/\/www.3p-gmbh.de\/da\/wp-json\/wp\/v2\/product_cat?post=97412"},{"taxonomy":"product_tag","embeddable":true,"href":"https:\/\/www.3p-gmbh.de\/da\/wp-json\/wp\/v2\/product_tag?post=97412"}],"curies":[{"name":"wp","href":"https:\/\/api.w.org\/{rel}","templated":true}]}}