{"id":97383,"date":"2023-07-26T21:57:34","date_gmt":"2023-07-26T21:57:34","guid":{"rendered":"https:\/\/www.3p-gmbh.de\/produkt\/busch-tb-24-ii-bordnivellering\/"},"modified":"2023-07-26T21:57:34","modified_gmt":"2023-07-26T21:57:34","slug":"busch-tb-24-ii-bordnivellering","status":"publish","type":"product","link":"https:\/\/www.3p-gmbh.de\/da\/produkt\/busch-tb-24-ii-bordnivellering\/","title":{"rendered":"Busch TB 24-II bordnivellering"},"content":{"rendered":"<p><strong>Busch TB 24-II bordnivellering<br \/>\nfra 2000  <\/strong><br \/>\n<strong>Rengjort og v\u00e6rkstedstestet tilstand (sliddele udskiftet)<\/strong><\/p>\n<p>Pakkematerialet er bestr\u00f8get kraftpapir (brunt eller hvidt) eller gennemsigtig polypropylenfilm.<br \/>\nUdstyret med digitalt display, fejlindikator og elektronisk temperaturkontrol.<\/p>\n<p>Betjeningsmuligheder:<br \/>\n&#8211; Enkelt cyklusudl\u00f8sning via trykknap<br \/>\n&#8211; Enkelt cyklusudl\u00f8sning via fodpedal <em>(ekstra<\/em>udstyr)<br \/>\n&#8211; Automatisk udl\u00f8sning via sensor<\/p>\n<p>Pakkemateriale: Bestr\u00f8get kraftpapir, polypropylenfilm (PP)<br \/>\nB\u00e5ndbredder: <strong>40 og 50 mm<\/strong><br \/>\nRullel\u00e6ngde kraftpapir 150 \/ film 200 m<br \/>\nMaskinydelse 20-25 cyklusser\/min.<br \/>\nMax. Dimensioner p\u00e5 de bundtede varer: 240 mm bredde for papirbundter og 180 mm for filmbundter, h\u00f8jde 150 mm, l\u00e6ngde ubegr\u00e6nset.<\/p>\n","protected":false},"excerpt":{"rendered":"<p>Busch TB 24-II bordnivellering fra 2000 Rengjort og v\u00e6rkstedstestet tilstand (sliddele udskiftet) Pakkematerialet er bestr\u00f8get kraftpapir (brunt eller hvidt) eller gennemsigtig polypropylenfilm. Udstyret med digitalt display, fejlindikator og elektronisk temperaturkontrol. Betjeningsmuligheder: &#8211; Enkelt cyklusudl\u00f8sning via trykknap &#8211; Enkelt cyklusudl\u00f8sning via fodpedal (ekstraudstyr) &#8211; Automatisk udl\u00f8sning via sensor Pakkemateriale: Bestr\u00f8get kraftpapir, polypropylenfilm (PP) B\u00e5ndbredder: 40 og [&hellip;]<\/p>\n","protected":false},"featured_media":97387,"template":"","meta":[],"product_brand":[],"product_cat":[3307],"product_tag":[],"class_list":{"0":"post-97383","1":"product","2":"type-product","3":"status-publish","4":"has-post-thumbnail","6":"product_cat-banderoleringsmaskiner","7":"pa_bezeichnung_typ-tb-24-ii","8":"pa_hersteller-busch","10":"first","11":"instock","12":"taxable","13":"shipping-taxable","14":"product-type-simple"},"jetpack_sharing_enabled":true,"_links":{"self":[{"href":"https:\/\/www.3p-gmbh.de\/da\/wp-json\/wp\/v2\/product\/97383","targetHints":{"allow":["GET"]}}],"collection":[{"href":"https:\/\/www.3p-gmbh.de\/da\/wp-json\/wp\/v2\/product"}],"about":[{"href":"https:\/\/www.3p-gmbh.de\/da\/wp-json\/wp\/v2\/types\/product"}],"wp:featuredmedia":[{"embeddable":true,"href":"https:\/\/www.3p-gmbh.de\/da\/wp-json\/wp\/v2\/media\/97387"}],"wp:attachment":[{"href":"https:\/\/www.3p-gmbh.de\/da\/wp-json\/wp\/v2\/media?parent=97383"}],"wp:term":[{"taxonomy":"product_brand","embeddable":true,"href":"https:\/\/www.3p-gmbh.de\/da\/wp-json\/wp\/v2\/product_brand?post=97383"},{"taxonomy":"product_cat","embeddable":true,"href":"https:\/\/www.3p-gmbh.de\/da\/wp-json\/wp\/v2\/product_cat?post=97383"},{"taxonomy":"product_tag","embeddable":true,"href":"https:\/\/www.3p-gmbh.de\/da\/wp-json\/wp\/v2\/product_tag?post=97383"}],"curies":[{"name":"wp","href":"https:\/\/api.w.org\/{rel}","templated":true}]}}