{"id":97353,"date":"2023-11-12T23:27:28","date_gmt":"2023-11-12T23:27:28","guid":{"rendered":"https:\/\/www.3p-gmbh.de\/produkt\/ringbind-kalender-traadbinder-renz-mobi-500-med-kalenderophaeng-ka-300\/"},"modified":"2023-11-12T23:27:28","modified_gmt":"2023-11-12T23:27:28","slug":"ringbind-kalender-traadbinder-renz-mobi-500-med-kalenderophaeng-ka-300","status":"publish","type":"product","link":"https:\/\/www.3p-gmbh.de\/da\/produkt\/ringbind-kalender-traadbinder-renz-mobi-500-med-kalenderophaeng-ka-300\/","title":{"rendered":"Ringbind &amp; kalender &#8211; Tr\u00e5dbinder RENZ Mobi 500 med kalenderoph\u00e6ng KA 300"},"content":{"rendered":"<p><strong>Ringbinder og kalendertr\u00e5dbinder RENZ Mobi 500 med kalenderb\u00f8jle KA 300 til automatisk indf\u00f8ring af kalenderkroge fra 80 &#8211; 300 mm l\u00e6ngde<\/strong><br \/>\n<strong>Bygge\u00e5r 07-2016<\/strong><br \/>\n<strong>i perfekt stand  <\/strong><\/p>\n<p>&#8211; Max. Format: 500 x 500 mm<br \/>\n&#8211; Min. Format: 90 x 90 mm<br \/>\n&#8211; Diametre, der skal bindes: 3\/16&#8243; &#8211; 1 1\/4&#8243; (3 v\u00e6rkt\u00f8jer er inkluderet i leveringsomfanget)<br \/>\n&#8211; Pitch 3:1 + 2:1 (begge tandhjul medf\u00f8lger)<br \/>\n&#8211; Mekanisk cyklusydelse kan indstilles variabelt fra 100 &#8211; 1.200 cyklusser\/t<br \/>\n&#8211; Blok- og kalenderindbinding med b\u00f8jle mulig<br \/>\n&#8211; Ber\u00f8ringssk\u00e6rm med brugervejledning<br \/>\n&#8211; Fuldautomatisk omstillingsproces til papirformat og indbindingsdiameter<br \/>\n&#8211; H\u00f8jdejusterbar kasseudlevering<br \/>\n&#8211; Maskinens opstartstid er ca. 5-10 minutter.<br \/>\n&#8211; H\u00e6ngestation til det forudstansede indbindingsmateriale<br \/>\n&#8211; L\u00f8fteanordning til hurtigt og brugervenligt spoleskift<br \/>\n&#8211; Tilsluttede belastninger: 230\/400 V, 50 Hz<br \/>\n&#8211; Maskinens m\u00e5l: L x B x H 220 x 75 x 205 cm<br \/>\n&#8211; M\u00e5l p\u00e5 \u00e6skens display: L x B 60 x 55 cm<br \/>\n&#8211; V\u00e6gt: 640 kg<\/p>\n","protected":false},"excerpt":{"rendered":"<p>Ringbinder og kalendertr\u00e5dbinder RENZ Mobi 500 med kalenderb\u00f8jle KA 300 til automatisk indf\u00f8ring af kalenderkroge fra 80 &#8211; 300 mm l\u00e6ngde Bygge\u00e5r 07-2016 i perfekt stand &#8211; Max. Format: 500 x 500 mm &#8211; Min. Format: 90 x 90 mm &#8211; Diametre, der skal bindes: 3\/16&#8243; &#8211; 1 1\/4&#8243; (3 v\u00e6rkt\u00f8jer er inkluderet i leveringsomfanget) [&hellip;]<\/p>\n","protected":false},"featured_media":97355,"template":"","meta":[],"product_brand":[],"product_cat":[3308],"product_tag":[],"class_list":{"0":"post-97353","1":"product","2":"type-product","3":"status-publish","4":"has-post-thumbnail","6":"product_cat-maskiner-til-traadindbinding","7":"pa_hersteller-renz","8":"pa_typ-ka-300","9":"pa_typ-mobi-500","11":"first","12":"instock","13":"taxable","14":"shipping-taxable","15":"product-type-simple"},"jetpack_sharing_enabled":true,"_links":{"self":[{"href":"https:\/\/www.3p-gmbh.de\/da\/wp-json\/wp\/v2\/product\/97353","targetHints":{"allow":["GET"]}}],"collection":[{"href":"https:\/\/www.3p-gmbh.de\/da\/wp-json\/wp\/v2\/product"}],"about":[{"href":"https:\/\/www.3p-gmbh.de\/da\/wp-json\/wp\/v2\/types\/product"}],"wp:featuredmedia":[{"embeddable":true,"href":"https:\/\/www.3p-gmbh.de\/da\/wp-json\/wp\/v2\/media\/97355"}],"wp:attachment":[{"href":"https:\/\/www.3p-gmbh.de\/da\/wp-json\/wp\/v2\/media?parent=97353"}],"wp:term":[{"taxonomy":"product_brand","embeddable":true,"href":"https:\/\/www.3p-gmbh.de\/da\/wp-json\/wp\/v2\/product_brand?post=97353"},{"taxonomy":"product_cat","embeddable":true,"href":"https:\/\/www.3p-gmbh.de\/da\/wp-json\/wp\/v2\/product_cat?post=97353"},{"taxonomy":"product_tag","embeddable":true,"href":"https:\/\/www.3p-gmbh.de\/da\/wp-json\/wp\/v2\/product_tag?post=97353"}],"curies":[{"name":"wp","href":"https:\/\/api.w.org\/{rel}","templated":true}]}}