{"id":97342,"date":"2023-11-12T23:46:21","date_gmt":"2023-11-12T23:46:21","guid":{"rendered":"https:\/\/www.3p-gmbh.de\/produkt\/mobil-hoejdejusterbar-pp-stroppemaskine-ti-535\/"},"modified":"2023-11-12T23:46:21","modified_gmt":"2023-11-12T23:46:21","slug":"mobil-hoejdejusterbar-pp-stroppemaskine-ti-535","status":"publish","type":"product","link":"https:\/\/www.3p-gmbh.de\/da\/produkt\/mobil-hoejdejusterbar-pp-stroppemaskine-ti-535\/","title":{"rendered":"Mobil, h\u00f8jdejusterbar PP-stroppemaskine Ti 535"},"content":{"rendered":"<p><strong>Mobil, h\u00f8jdejusterbar halvautomatisk omsn\u00f8ringsmaskine Ti 535  <\/strong><\/p>\n<p>Ideel til pakker af forskellige dimensioner, dvs. pakker af enhver form, st\u00f8rrelse og sammens\u00e6tning.<\/p>\n<p>Denne omsn\u00f8ringsmaskine kr\u00e6ver ikke en b\u00e5ndstyreramme, s\u00e5 pakken skal placeres manuelt af brugeren p\u00e5 det b\u00e5nd, der findes i transportkanalen.<br \/>\nN\u00e5r dette er gjort, kan omsn\u00f8ringsprocessen udl\u00f8ses med en fod- eller h\u00e5ndkontakt, hvorved omsn\u00f8ringsmaskinen omsn\u00f8rer pakken i \u00e9n arbejdsgang, forsegler de l\u00f8se stroppender og udl\u00f8ser en ny tilf\u00f8rsel.<\/p>\n<p>Den h\u00e6ngslede top i rustfrit st\u00e5l, en mekanisk ekstern sp\u00e6ndingsregulator, en h\u00f8jdejusterbar bordplade og sikkerhedsafbryderen nedenunder sikrer et gennemt\u00e6nkt og sikkert design.<\/p>\n<p>B\u00e5ndbredde 12 mm<br \/>\nAutomatisk forvalg af b\u00e5ndl\u00e6ngde<\/p>\n","protected":false},"excerpt":{"rendered":"<p>Mobil, h\u00f8jdejusterbar halvautomatisk omsn\u00f8ringsmaskine Ti 535 Ideel til pakker af forskellige dimensioner, dvs. pakker af enhver form, st\u00f8rrelse og sammens\u00e6tning. Denne omsn\u00f8ringsmaskine kr\u00e6ver ikke en b\u00e5ndstyreramme, s\u00e5 pakken skal placeres manuelt af brugeren p\u00e5 det b\u00e5nd, der findes i transportkanalen. N\u00e5r dette er gjort, kan omsn\u00f8ringsprocessen udl\u00f8ses med en fod- eller h\u00e5ndkontakt, hvorved omsn\u00f8ringsmaskinen omsn\u00f8rer [&hellip;]<\/p>\n","protected":false},"featured_media":97347,"template":"","meta":[],"product_brand":[],"product_cat":[3307],"product_tag":[],"class_list":{"0":"post-97342","1":"product","2":"type-product","3":"status-publish","4":"has-post-thumbnail","6":"product_cat-banderoleringsmaskiner","7":"pa_bezeichnung_typ-ti-535","9":"first","10":"instock","11":"taxable","12":"shipping-taxable","13":"product-type-simple"},"jetpack_sharing_enabled":true,"_links":{"self":[{"href":"https:\/\/www.3p-gmbh.de\/da\/wp-json\/wp\/v2\/product\/97342","targetHints":{"allow":["GET"]}}],"collection":[{"href":"https:\/\/www.3p-gmbh.de\/da\/wp-json\/wp\/v2\/product"}],"about":[{"href":"https:\/\/www.3p-gmbh.de\/da\/wp-json\/wp\/v2\/types\/product"}],"wp:featuredmedia":[{"embeddable":true,"href":"https:\/\/www.3p-gmbh.de\/da\/wp-json\/wp\/v2\/media\/97347"}],"wp:attachment":[{"href":"https:\/\/www.3p-gmbh.de\/da\/wp-json\/wp\/v2\/media?parent=97342"}],"wp:term":[{"taxonomy":"product_brand","embeddable":true,"href":"https:\/\/www.3p-gmbh.de\/da\/wp-json\/wp\/v2\/product_brand?post=97342"},{"taxonomy":"product_cat","embeddable":true,"href":"https:\/\/www.3p-gmbh.de\/da\/wp-json\/wp\/v2\/product_cat?post=97342"},{"taxonomy":"product_tag","embeddable":true,"href":"https:\/\/www.3p-gmbh.de\/da\/wp-json\/wp\/v2\/product_tag?post=97342"}],"curies":[{"name":"wp","href":"https:\/\/api.w.org\/{rel}","templated":true}]}}