{"id":97299,"date":"2023-11-30T14:37:54","date_gmt":"2023-11-30T14:37:54","guid":{"rendered":"https:\/\/www.3p-gmbh.de\/produkt\/vlf-skaeremaskine-wohlenberg-185-mcs-2tv\/"},"modified":"2023-12-20T13:26:35","modified_gmt":"2023-12-20T13:26:35","slug":"vlf-skaeremaskine-wohlenberg-185-mcs-2tv","status":"publish","type":"product","link":"https:\/\/www.3p-gmbh.de\/da\/produkt\/vlf-skaeremaskine-wohlenberg-185-mcs-2tv\/","title":{"rendered":"VLF-sk\u00e6remaskine WOHLENBERG 185 MCS-2TV"},"content":{"rendered":"<p><strong>VLF-sk\u00e6remaskine WOHLENBERG 185 MCS-2TV<\/strong><br \/>\n<strong>fra ca. 1993<\/strong><\/p>\n<p>Arbejdsbredde 185 mm<br \/>\n2 knive<br \/>\nLuftborde til venstre, midten og h\u00f8jre<br \/>\nModificeret tv-sk\u00e6rm med programmer<br \/>\nSikkerhedssensorer<br \/>\nCE-godkendelse<\/p>\n<p>Maskinen er stadig i produktion, i god stand<br \/>\nUmiddelbart tilg\u00e6ngelig<\/p>\n","protected":false},"excerpt":{"rendered":"<p>VLF-sk\u00e6remaskine WOHLENBERG 185 MCS-2TV fra ca. 1993 Arbejdsbredde 185 mm 2 knive Luftborde til venstre, midten og h\u00f8jre Modificeret tv-sk\u00e6rm med programmer Sikkerhedssensorer CE-godkendelse Maskinen er stadig i produktion, i god stand Umiddelbart tilg\u00e6ngelig<\/p>\n","protected":false},"featured_media":97300,"template":"","meta":[],"product_brand":[],"product_cat":[3302],"product_tag":[],"class_list":{"0":"post-97299","1":"product","2":"type-product","3":"status-publish","4":"has-post-thumbnail","6":"product_cat-skaeremaskiner","7":"pa_hersteller-wohlenberg","8":"pa_typ-185-mcs-2tv","10":"first","11":"instock","12":"taxable","13":"shipping-taxable","14":"product-type-simple"},"jetpack_sharing_enabled":true,"_links":{"self":[{"href":"https:\/\/www.3p-gmbh.de\/da\/wp-json\/wp\/v2\/product\/97299","targetHints":{"allow":["GET"]}}],"collection":[{"href":"https:\/\/www.3p-gmbh.de\/da\/wp-json\/wp\/v2\/product"}],"about":[{"href":"https:\/\/www.3p-gmbh.de\/da\/wp-json\/wp\/v2\/types\/product"}],"wp:featuredmedia":[{"embeddable":true,"href":"https:\/\/www.3p-gmbh.de\/da\/wp-json\/wp\/v2\/media\/97300"}],"wp:attachment":[{"href":"https:\/\/www.3p-gmbh.de\/da\/wp-json\/wp\/v2\/media?parent=97299"}],"wp:term":[{"taxonomy":"product_brand","embeddable":true,"href":"https:\/\/www.3p-gmbh.de\/da\/wp-json\/wp\/v2\/product_brand?post=97299"},{"taxonomy":"product_cat","embeddable":true,"href":"https:\/\/www.3p-gmbh.de\/da\/wp-json\/wp\/v2\/product_cat?post=97299"},{"taxonomy":"product_tag","embeddable":true,"href":"https:\/\/www.3p-gmbh.de\/da\/wp-json\/wp\/v2\/product_tag?post=97299"}],"curies":[{"name":"wp","href":"https:\/\/api.w.org\/{rel}","templated":true}]}}