{"id":97277,"date":"2023-11-30T14:21:29","date_gmt":"2023-11-30T14:21:29","guid":{"rendered":"https:\/\/www.3p-gmbh.de\/produkt\/siri-rotorvasker-bochonow-rw-850-automatisk-skaermvasker\/"},"modified":"2023-12-20T13:26:25","modified_gmt":"2023-12-20T13:26:25","slug":"siri-rotorvasker-bochonow-rw-850-automatisk-skaermvasker","status":"publish","type":"product","link":"https:\/\/www.3p-gmbh.de\/da\/produkt\/siri-rotorvasker-bochonow-rw-850-automatisk-skaermvasker\/","title":{"rendered":"SIRI Rotorvasker BOCHONOW RW 850 &#8211; Automatisk sk\u00e6rmvasker"},"content":{"rendered":"<p><strong>SIRI Rotorvasker BOCHONOW RW 850 &#8211; Automatisk sk\u00e6rmvasker<\/strong><br \/>\n<strong>fra Bj. 2018 s\u00e5 god som ny<br \/>\n<\/strong><br \/>\nRW-rotorvaskesystemet opfylder alle sikkerhedskrav og er is\u00e6r designet i overensstemmelse med ATEX-specifikationerne.<\/p>\n<p>Sigtest\u00f8rrelse maks. 85 x 85 x 230 Dimensioner (HxBxD) cm<\/p>\n<p>Specielt anbragte fladstr\u00e5ledyser vasker de vertikalt placerede serigrafiformer fra begge sider i RW-rotorvaskesystemet med roterende dysest\u00e6nger.<br \/>\nVaskeprocessen f\u00f8lger det gennempr\u00f8vede &#8220;h\u00f8jvolumenprincip&#8221; fra BOCHONOW \u00ae.<br \/>\nEn dysediameter p\u00e5 mere end tre millimeter (!) sikrer en optimal reng\u00f8ringseffekt og kr\u00e6ver kun lidt vedligeholdelse.<br \/>\nReng\u00f8ringsmediet pumpes ind i kredsl\u00f8bet fra en stor tank under vaskekammeret ved hj\u00e6lp af en kraftig centrifugalpumpe.<br \/>\nPumpens h\u00f8je gennemstr\u00f8mningshastighed g\u00f8r det muligt at bruge dyser med store tv\u00e6rsnit, som er uf\u00f8lsomme over for tilstopning og har en h\u00f8j reng\u00f8ringseffekt.<br \/>\nSom rensemiddel anvendes sigterens med et flammepunkt p\u00e5 &gt; 55\u00b0 C og en ledningsevne p\u00e5 &gt; 10-9 S\/m.<br \/>\nEfter vask overf\u00f8res sien manuelt til t\u00f8rrekammeret.<\/p>\n<p>T\u00f8rrekammeret er robust, let at vedligeholde og enkelt at styre.<br \/>\nBetjeningselementerne er let tilg\u00e6ngelige p\u00e5 forsiden. Styreskabet er monteret p\u00e5 systemet og klar til tilslutning.<br \/>\nVaske- og afl\u00f8bstider kan programmeres individuelt.<br \/>\nSkylning med rent opl\u00f8sningsmiddel er ogs\u00e5 muligt med passende tilbeh\u00f8r<\/p>\n","protected":false},"excerpt":{"rendered":"<p>SIRI Rotorvasker BOCHONOW RW 850 &#8211; Automatisk sk\u00e6rmvasker fra Bj. 2018 s\u00e5 god som ny RW-rotorvaskesystemet opfylder alle sikkerhedskrav og er is\u00e6r designet i overensstemmelse med ATEX-specifikationerne. Sigtest\u00f8rrelse maks. 85 x 85 x 230 Dimensioner (HxBxD) cm Specielt anbragte fladstr\u00e5ledyser vasker de vertikalt placerede serigrafiformer fra begge sider i RW-rotorvaskesystemet med roterende dysest\u00e6nger. Vaskeprocessen f\u00f8lger [&hellip;]<\/p>\n","protected":false},"featured_media":97280,"template":"","meta":[],"product_brand":[],"product_cat":[3301],"product_tag":[],"class_list":{"0":"post-97277","1":"product","2":"type-product","3":"status-publish","4":"has-post-thumbnail","6":"product_cat-serigrafi-flexo-og-dybtryk","7":"pa_hersteller-bochonow","8":"pa_typ-rw-850","10":"first","11":"instock","12":"taxable","13":"shipping-taxable","14":"product-type-simple"},"jetpack_sharing_enabled":true,"_links":{"self":[{"href":"https:\/\/www.3p-gmbh.de\/da\/wp-json\/wp\/v2\/product\/97277","targetHints":{"allow":["GET"]}}],"collection":[{"href":"https:\/\/www.3p-gmbh.de\/da\/wp-json\/wp\/v2\/product"}],"about":[{"href":"https:\/\/www.3p-gmbh.de\/da\/wp-json\/wp\/v2\/types\/product"}],"wp:featuredmedia":[{"embeddable":true,"href":"https:\/\/www.3p-gmbh.de\/da\/wp-json\/wp\/v2\/media\/97280"}],"wp:attachment":[{"href":"https:\/\/www.3p-gmbh.de\/da\/wp-json\/wp\/v2\/media?parent=97277"}],"wp:term":[{"taxonomy":"product_brand","embeddable":true,"href":"https:\/\/www.3p-gmbh.de\/da\/wp-json\/wp\/v2\/product_brand?post=97277"},{"taxonomy":"product_cat","embeddable":true,"href":"https:\/\/www.3p-gmbh.de\/da\/wp-json\/wp\/v2\/product_cat?post=97277"},{"taxonomy":"product_tag","embeddable":true,"href":"https:\/\/www.3p-gmbh.de\/da\/wp-json\/wp\/v2\/product_tag?post=97277"}],"curies":[{"name":"wp","href":"https:\/\/api.w.org\/{rel}","templated":true}]}}