{"id":97256,"date":"2023-11-30T15:05:51","date_gmt":"2023-11-30T15:05:51","guid":{"rendered":"https:\/\/www.3p-gmbh.de\/produkt\/original-heidelberg-ohz-sbd-stansemaskine\/"},"modified":"2023-12-20T13:26:26","modified_gmt":"2023-12-20T13:26:26","slug":"original-heidelberg-ohz-sbd-stansemaskine","status":"publish","type":"product","link":"https:\/\/www.3p-gmbh.de\/da\/produkt\/original-heidelberg-ohz-sbd-stansemaskine\/","title":{"rendered":"Original Heidelberg OHZ &#8211; SBD stansemaskine"},"content":{"rendered":"<p><strong>Original Heidelberg OHZ &#8211; SBD stansemaskine<\/strong><br \/>\n<strong>Bygge\u00e5r 1969  <\/strong><br \/>\n<strong>P\/N: 34542<\/strong><\/p>\n<p><strong><em>Udstyr:<\/em><\/strong><br \/>\nStandardtilbeh\u00f8r kun til stansning<br \/>\n2 Ramme<\/p>\n<p>Arkst\u00f8rrelse maks. 640 x 900 mm<br \/>\nBladst\u00f8rrelse min. 290 x 400 mm<br \/>\nHastighed max. \/h: 4000<br \/>\nL\u00e6ngde: 370 cm<br \/>\nBredde: 245 cm<br \/>\nH\u00f8jde: 145 cm<br \/>\nV\u00e6gt: 6000 kg<br \/>\nStr\u00f8mforbrug: 10,8 kW<\/p>\n<p><strong>I meget god stand<\/strong><\/p>\n<p>Video p\u00e5 <a href=\"https:\/\/youtu.be\/OAB3yqei830\">https:\/\/youtu.be\/OAB3yqei830<\/a><\/p>\n","protected":false},"excerpt":{"rendered":"<p>Original Heidelberg OHZ &#8211; SBD stansemaskine Bygge\u00e5r 1969 P\/N: 34542 Udstyr: Standardtilbeh\u00f8r kun til stansning 2 Ramme Arkst\u00f8rrelse maks. 640 x 900 mm Bladst\u00f8rrelse min. 290 x 400 mm Hastighed max. \/h: 4000 L\u00e6ngde: 370 cm Bredde: 245 cm H\u00f8jde: 145 cm V\u00e6gt: 6000 kg Str\u00f8mforbrug: 10,8 kW I meget god stand Video p\u00e5 https:\/\/youtu.be\/OAB3yqei830<\/p>\n","protected":false},"featured_media":97257,"template":"","meta":[],"product_brand":[],"product_cat":[3300],"product_tag":[],"class_list":{"0":"post-97256","1":"product","2":"type-product","3":"status-publish","4":"has-post-thumbnail","6":"product_cat-stansning","7":"pa_hersteller-heidelberg","8":"pa_typ-ohz-sbd","10":"first","11":"instock","12":"taxable","13":"shipping-taxable","14":"product-type-simple"},"jetpack_sharing_enabled":true,"_links":{"self":[{"href":"https:\/\/www.3p-gmbh.de\/da\/wp-json\/wp\/v2\/product\/97256","targetHints":{"allow":["GET"]}}],"collection":[{"href":"https:\/\/www.3p-gmbh.de\/da\/wp-json\/wp\/v2\/product"}],"about":[{"href":"https:\/\/www.3p-gmbh.de\/da\/wp-json\/wp\/v2\/types\/product"}],"wp:featuredmedia":[{"embeddable":true,"href":"https:\/\/www.3p-gmbh.de\/da\/wp-json\/wp\/v2\/media\/97257"}],"wp:attachment":[{"href":"https:\/\/www.3p-gmbh.de\/da\/wp-json\/wp\/v2\/media?parent=97256"}],"wp:term":[{"taxonomy":"product_brand","embeddable":true,"href":"https:\/\/www.3p-gmbh.de\/da\/wp-json\/wp\/v2\/product_brand?post=97256"},{"taxonomy":"product_cat","embeddable":true,"href":"https:\/\/www.3p-gmbh.de\/da\/wp-json\/wp\/v2\/product_cat?post=97256"},{"taxonomy":"product_tag","embeddable":true,"href":"https:\/\/www.3p-gmbh.de\/da\/wp-json\/wp\/v2\/product_tag?post=97256"}],"curies":[{"name":"wp","href":"https:\/\/api.w.org\/{rel}","templated":true}]}}