{"id":7432,"date":"2019-07-11T13:59:08","date_gmt":"2019-07-11T13:59:08","guid":{"rendered":"http:\/\/www.3p-gmbh.de\/produkt\/rill-und-falzmaschine\/"},"modified":"2019-11-12T13:19:45","modified_gmt":"2019-11-12T13:19:45","slug":"rill-und-falzmaschine","status":"publish","type":"product","link":"https:\/\/www.3p-gmbh.de\/da\/produkt\/rill-und-falzmaschine\/","title":{"rendered":"Ernst Nagel\/Morgana Digifold Pro Rill- und Falzmaschine"},"content":{"rendered":"<p>Die DigiFold Pro vereint die bew\u00e4hrte Rilltechnologie eines AutoRillnaks mit einem \u00fcberzeugenden Falzsystem.<br \/>\nDie Gefahr von Markierungen oder das Zerkratzen empfindlicher Materialien bei der Weiterverarbeitung wird hierbei deutlich reduziert<br \/>\nund ein perfekt scharfer und unverletzter Falz erzeugt, ideal f\u00fcr den Digitaldruck, aber nicht nur dort.<br \/>\nDurch Verbindung von Rillen und Falzen in einer kompakten Einheit entsteht ein hochproduktives und bedienerfreundliches,<br \/>\nmobiles Finishing-Zentrum, das sowohl bei Digitaldrucken als auch bei dicken und schweren Materialien effektiv arbeitet.<\/p>\n<p>Vorteile<br \/>\nQualit\u00e4t &#8211; gerilltes Papier erm\u00f6glicht einen hochwertigen Falz bis 0.4mm (ca. 400 Gramm\/qm)<br \/>\nGeschwindigkeit &#8211; bis zu 6.000 Brosch\u00fcren \/ Stunde<br \/>\nBedienung &#8211; grosses \u00fcbersichtliches Touchscreeen-Display<br \/>\nund bereits voreingestellte Falzarten f\u00fcr einfache und schnelle Einstellung auch bei kleinsten Auflagen<br \/>\nR\u00fcstzeit &#8211; minimaler R\u00fcstaufwand selbst f\u00fcr kleinste Auflagen<br \/>\nGeringe Auflagenzahlen, kurzfristige \u00c4nderungen in letzter Minute durch variierende Daten, Individualisierungen<br \/>\nund personalisierte Drucke erfordern besonders bei Digitaldruckereien hohe Flexibilit\u00e4t und kurze Produktionszeiten.<br \/>\nAuch die Finishing-Maschinen muessen mithalten k\u00f6nnen.<br \/>\nKurze R\u00fcstzeiten, minimale Makulatur und Bedienerfreundlichkeit geh\u00f6ren zu den elementaren Kriterien.<\/p>\n","protected":false},"excerpt":{"rendered":"<p>Die DigiFold Pro vereint die bew\u00e4hrte Rilltechnologie eines AutoRillnaks mit einem \u00fcberzeugenden Falzsystem. Die Gefahr von Markierungen oder das Zerkratzen empfindlicher Materialien bei der Weiterverarbeitung wird hierbei deutlich reduziert und ein perfekt scharfer und unverletzter Falz erzeugt, ideal f\u00fcr den Digitaldruck, aber nicht nur dort. Durch Verbindung von Rillen und Falzen in einer kompakten Einheit [&hellip;]<\/p>\n","protected":false},"featured_media":3622,"template":"","meta":[],"product_brand":[],"product_cat":[83],"product_tag":[],"class_list":{"0":"post-7432","1":"product","2":"type-product","3":"status-publish","4":"has-post-thumbnail","6":"product_cat-falzmaschinen","7":"pa_baujahr-137","8":"pa_hersteller-ernst-nagel-morgana","9":"pa_typ-digifold-pro","11":"first","12":"instock","13":"sold-individually","14":"taxable","15":"shipping-taxable","16":"purchasable","17":"product-type-simple"},"jetpack_sharing_enabled":true,"_links":{"self":[{"href":"https:\/\/www.3p-gmbh.de\/da\/wp-json\/wp\/v2\/product\/7432","targetHints":{"allow":["GET"]}}],"collection":[{"href":"https:\/\/www.3p-gmbh.de\/da\/wp-json\/wp\/v2\/product"}],"about":[{"href":"https:\/\/www.3p-gmbh.de\/da\/wp-json\/wp\/v2\/types\/product"}],"wp:featuredmedia":[{"embeddable":true,"href":"https:\/\/www.3p-gmbh.de\/da\/wp-json\/wp\/v2\/media\/3622"}],"wp:attachment":[{"href":"https:\/\/www.3p-gmbh.de\/da\/wp-json\/wp\/v2\/media?parent=7432"}],"wp:term":[{"taxonomy":"product_brand","embeddable":true,"href":"https:\/\/www.3p-gmbh.de\/da\/wp-json\/wp\/v2\/product_brand?post=7432"},{"taxonomy":"product_cat","embeddable":true,"href":"https:\/\/www.3p-gmbh.de\/da\/wp-json\/wp\/v2\/product_cat?post=7432"},{"taxonomy":"product_tag","embeddable":true,"href":"https:\/\/www.3p-gmbh.de\/da\/wp-json\/wp\/v2\/product_tag?post=7432"}],"curies":[{"name":"wp","href":"https:\/\/api.w.org\/{rel}","templated":true}]}}