{"id":7406,"date":"2019-07-11T13:58:58","date_gmt":"2019-07-11T13:58:58","guid":{"rendered":"http:\/\/www.3p-gmbh.de\/produkt\/ruettelautomat-mit-luftausstreichwalze\/"},"modified":"2019-11-12T13:58:09","modified_gmt":"2019-11-12T13:58:09","slug":"ruettelautomat-mit-luftausstreichwalze","status":"publish","type":"product","link":"https:\/\/www.3p-gmbh.de\/da\/produkt\/ruettelautomat-mit-luftausstreichwalze\/","title":{"rendered":"Knorr RLA 6 PL R\u00fcttelautomat mit Luftausstreichwalze"},"content":{"rendered":"<p>&#8211; mit Schnittstelle f\u00fcr ein Greifersystem an der linken Tischseite<br \/>\n&#8211; pneumatische Seitenanschl\u00e4ge<br \/>\n&#8211; Edelstahl-Lufttisch<br \/>\n&#8211; max. Bogenformat 105&#215;145 cm<br \/>\n&#8211; Lagenh\u00f6he 165 mm<\/p>\n","protected":false},"excerpt":{"rendered":"<p>&#8211; mit Schnittstelle f\u00fcr ein Greifersystem an der linken Tischseite &#8211; pneumatische Seitenanschl\u00e4ge &#8211; Edelstahl-Lufttisch &#8211; max. Bogenformat 105&#215;145 cm &#8211; Lagenh\u00f6he 165 mm<\/p>\n","protected":false},"featured_media":8188,"template":"","meta":[],"product_brand":[],"product_cat":[1759],"product_tag":[],"class_list":{"0":"post-7406","1":"product","2":"type-product","3":"status-publish","4":"has-post-thumbnail","6":"product_cat-ruetteltische","7":"pa_baujahr-158","8":"pa_hersteller-knorr","9":"pa_typ-rla-6-pl","11":"first","12":"instock","13":"sold-individually","14":"taxable","15":"shipping-taxable","16":"purchasable","17":"product-type-simple"},"jetpack_sharing_enabled":true,"_links":{"self":[{"href":"https:\/\/www.3p-gmbh.de\/da\/wp-json\/wp\/v2\/product\/7406","targetHints":{"allow":["GET"]}}],"collection":[{"href":"https:\/\/www.3p-gmbh.de\/da\/wp-json\/wp\/v2\/product"}],"about":[{"href":"https:\/\/www.3p-gmbh.de\/da\/wp-json\/wp\/v2\/types\/product"}],"wp:featuredmedia":[{"embeddable":true,"href":"https:\/\/www.3p-gmbh.de\/da\/wp-json\/wp\/v2\/media\/8188"}],"wp:attachment":[{"href":"https:\/\/www.3p-gmbh.de\/da\/wp-json\/wp\/v2\/media?parent=7406"}],"wp:term":[{"taxonomy":"product_brand","embeddable":true,"href":"https:\/\/www.3p-gmbh.de\/da\/wp-json\/wp\/v2\/product_brand?post=7406"},{"taxonomy":"product_cat","embeddable":true,"href":"https:\/\/www.3p-gmbh.de\/da\/wp-json\/wp\/v2\/product_cat?post=7406"},{"taxonomy":"product_tag","embeddable":true,"href":"https:\/\/www.3p-gmbh.de\/da\/wp-json\/wp\/v2\/product_tag?post=7406"}],"curies":[{"name":"wp","href":"https:\/\/api.w.org\/{rel}","templated":true}]}}