{"id":7400,"date":"2019-07-11T13:58:58","date_gmt":"2019-07-11T13:58:58","guid":{"rendered":"http:\/\/www.3p-gmbh.de\/produkt\/broschurenfertigung-4\/"},"modified":"2019-11-12T13:55:32","modified_gmt":"2019-11-12T13:55:32","slug":"broschurenfertigung-4","status":"publish","type":"product","link":"https:\/\/www.3p-gmbh.de\/da\/produkt\/broschurenfertigung-4\/","title":{"rendered":"MKW Rapid UT 12 Brosch\u00fcrenfertigung"},"content":{"rendered":"<p>Zusammentragmaschine \/ Broschurenfertigung MKW Rapid UT 12\/B3\/GS + SFT 350<br \/>\nBaujahr: 2008, Format: min. 10 x 14 cm , max. 35 x 50 cm<\/p>\n<p>Ausstattung: 12 Stationen Zusammentragmaschine<br \/>\nTFT Touch Bedienung<br \/>\nUmlauf Zahnriementisch mit Tandemfunktion 1:1 und 2:1 Taktung<br \/>\nEinschussm\u00f6glichkeit an beliebiger Station<br \/>\nKartonwechselfunktion an beliebiger Station<br \/>\nEinstellbare Kippsauger<br \/>\nseitliche und vordere Blasluft<br \/>\nmax. Stapelh\u00f6he 700 mm<br \/>\nPapiergewicht von 14 &#8211; 1000 g\/qm<br \/>\nselbsteinmessende elektronische Doppel- und Fehlbogenkontrolle<\/p>\n<p>Heft-Falz-Schneid-Aggregat SFT 350<br \/>\nSchnell-Formatverstellung<br \/>\nFrontbeschnitt mit 6cm Minimalbeschnitt ueber Ober- und Untermesser<br \/>\nAbblasluft am Messer<br \/>\nEinstellbare Abpresseinrichtung<br \/>\n2 Heftk\u00f6pfe Hohner 48\/S<\/p>\n<p>PC-gesteuertes Zusammentragen mit der Baureihe MKW RAPID\u00ae UT<br \/>\nDas Umlauftischprinzip ermoeglicht die Tandemproduktion und garantiert<br \/>\neinen sicheren und ruhigen Papiertransport.<\/p>\n<p>Tandem Funktion<br \/>\nDie Aktivierung des Tandemsystems erfolgt durch einfache Umstellung am Bedienterminal.<br \/>\nDie Parallelnutzung von je zwei Stationen mit gleichem Druck ermoeglicht eine bis zu 75 %<br \/>\nh\u00f6here Produktionsleistung.<\/p>\n<p>Single Funktion<br \/>\nStandardmaessiges Zusammentragen im 1:1 Betrieb<br \/>\nbei hohen Seitenzahlen.<\/p>\n<p>MKW RAPID UT \u00b7 Steuerung<br \/>\nDer Einsatz modernster Industrie-PC-Technik bewirkt eine pr\u00e4zise<br \/>\nSteuerung der Systeme, kontrolliert das Zusammentragen digital<br \/>\nund erm\u00f6glicht Ihnen die Anbindung an Ihre betriebliche Produktions-<br \/>\nsteuerung.<br \/>\nDas Bediensystem mit hochwertigem TFT-Display erlaubt eine<br \/>\nunkomplizierte Bedienung der Maschinen. Alle Einstellungen erfolgen<br \/>\nmittels logisch strukturierter Menues, die einfach am Display aufgerufen<br \/>\nwerden. Bedienerf\u00fchrung und farblich unterlegte Statusanzeigen<br \/>\nsorgen fuer einen optimalen Produktionsablauf.<\/p>\n<p>Sekundenschnelles Abspeichern und Wiederaufrufen von Auftragskonfigurationen<br \/>\nKombinierbare Produktionsz\u00e4hler fuer exakte Auflagen und Separierung<br \/>\nSerienm\u00e4ssige Sonderfunktionen an beliebigen Stationen programmierbar<br \/>\nSerienm\u00e4ssige Qualit\u00e4tskontrolle durch Fehl- und Doppelbogen-\u00dcberwachung je Station<\/p>\n<p>Automatische Ausschleusung fehlerhafter S\u00e4tze fuer non-stop-Betrieb<br \/>\nDynamische Stationswahl f\u00fcr k\u00fcrzeste R\u00fcstzeiten bei Auftragswechsel<\/p>\n","protected":false},"excerpt":{"rendered":"<p>Zusammentragmaschine \/ Broschurenfertigung MKW Rapid UT 12\/B3\/GS + SFT 350 Baujahr: 2008, Format: min. 10 x 14 cm , max. 35 x 50 cm Ausstattung: 12 Stationen Zusammentragmaschine TFT Touch Bedienung Umlauf Zahnriementisch mit Tandemfunktion 1:1 und 2:1 Taktung Einschussm\u00f6glichkeit an beliebiger Station Kartonwechselfunktion an beliebiger Station Einstellbare Kippsauger seitliche und vordere Blasluft max. Stapelh\u00f6he [&hellip;]<\/p>\n","protected":false},"featured_media":8172,"template":"","meta":[],"product_brand":[],"product_cat":[1747],"product_tag":[],"class_list":{"0":"post-7400","1":"product","2":"type-product","3":"status-publish","4":"has-post-thumbnail","6":"product_cat-broschuerenfertigungssysteme","7":"pa_baujahr-326","8":"pa_hersteller-mkw","9":"pa_typ-rapid-ut-12-b3-gs","11":"first","12":"instock","13":"sold-individually","14":"taxable","15":"shipping-taxable","16":"purchasable","17":"product-type-simple"},"jetpack_sharing_enabled":true,"_links":{"self":[{"href":"https:\/\/www.3p-gmbh.de\/da\/wp-json\/wp\/v2\/product\/7400","targetHints":{"allow":["GET"]}}],"collection":[{"href":"https:\/\/www.3p-gmbh.de\/da\/wp-json\/wp\/v2\/product"}],"about":[{"href":"https:\/\/www.3p-gmbh.de\/da\/wp-json\/wp\/v2\/types\/product"}],"wp:featuredmedia":[{"embeddable":true,"href":"https:\/\/www.3p-gmbh.de\/da\/wp-json\/wp\/v2\/media\/8172"}],"wp:attachment":[{"href":"https:\/\/www.3p-gmbh.de\/da\/wp-json\/wp\/v2\/media?parent=7400"}],"wp:term":[{"taxonomy":"product_brand","embeddable":true,"href":"https:\/\/www.3p-gmbh.de\/da\/wp-json\/wp\/v2\/product_brand?post=7400"},{"taxonomy":"product_cat","embeddable":true,"href":"https:\/\/www.3p-gmbh.de\/da\/wp-json\/wp\/v2\/product_cat?post=7400"},{"taxonomy":"product_tag","embeddable":true,"href":"https:\/\/www.3p-gmbh.de\/da\/wp-json\/wp\/v2\/product_tag?post=7400"}],"curies":[{"name":"wp","href":"https:\/\/api.w.org\/{rel}","templated":true}]}}