{"id":7389,"date":"2019-07-11T13:58:49","date_gmt":"2019-07-11T13:58:49","guid":{"rendered":"http:\/\/www.3p-gmbh.de\/produkt\/tisch-papierbohrmaschine-constantin-hang\/"},"modified":"2019-11-12T14:05:18","modified_gmt":"2019-11-12T14:05:18","slug":"tisch-papierbohrmaschine-constantin-hang","status":"publish","type":"product","link":"https:\/\/www.3p-gmbh.de\/da\/produkt\/tisch-papierbohrmaschine-constantin-hang\/","title":{"rendered":"Constantin Hang 136 DK Tisch-Papierbohrmaschine"},"content":{"rendered":"<p>&#8211; 2 Bohrk\u00f6pfe mit Festabstand f\u00fcr Abheftlochung<br \/>\n&#8211; Tabulator Seitenanschl\u00e4ge mit Tischvergr\u00f6sserung<br \/>\n&#8211; Tiefenanschlag \u00fcber Skalentisch<br \/>\n&#8211; Senken des Bohrers mittels Handhebel<br \/>\n&#8211; Stapelh\u00f6he 50mm<br \/>\n&#8211; Lochdurchmesser 2 &#8211; 14 mm<br \/>\n&#8211;\u00a0 380V<\/p>\n","protected":false},"excerpt":{"rendered":"<p>&#8211; 2 Bohrk\u00f6pfe mit Festabstand f\u00fcr Abheftlochung &#8211; Tabulator Seitenanschl\u00e4ge mit Tischvergr\u00f6sserung &#8211; Tiefenanschlag \u00fcber Skalentisch &#8211; Senken des Bohrers mittels Handhebel &#8211; Stapelh\u00f6he 50mm &#8211; Lochdurchmesser 2 &#8211; 14 mm &#8211;\u00a0 380V<\/p>\n","protected":false},"featured_media":3454,"template":"","meta":[],"product_brand":[],"product_cat":[1757],"product_tag":[],"class_list":{"0":"post-7389","1":"product","2":"type-product","3":"status-publish","4":"has-post-thumbnail","6":"product_cat-papierbohrmaschinen","7":"pa_baujahr-266","8":"pa_hersteller-constantin-hang","9":"pa_typ-136-dk","11":"first","12":"instock","13":"sold-individually","14":"taxable","15":"shipping-taxable","16":"purchasable","17":"product-type-simple"},"jetpack_sharing_enabled":true,"_links":{"self":[{"href":"https:\/\/www.3p-gmbh.de\/da\/wp-json\/wp\/v2\/product\/7389","targetHints":{"allow":["GET"]}}],"collection":[{"href":"https:\/\/www.3p-gmbh.de\/da\/wp-json\/wp\/v2\/product"}],"about":[{"href":"https:\/\/www.3p-gmbh.de\/da\/wp-json\/wp\/v2\/types\/product"}],"wp:featuredmedia":[{"embeddable":true,"href":"https:\/\/www.3p-gmbh.de\/da\/wp-json\/wp\/v2\/media\/3454"}],"wp:attachment":[{"href":"https:\/\/www.3p-gmbh.de\/da\/wp-json\/wp\/v2\/media?parent=7389"}],"wp:term":[{"taxonomy":"product_brand","embeddable":true,"href":"https:\/\/www.3p-gmbh.de\/da\/wp-json\/wp\/v2\/product_brand?post=7389"},{"taxonomy":"product_cat","embeddable":true,"href":"https:\/\/www.3p-gmbh.de\/da\/wp-json\/wp\/v2\/product_cat?post=7389"},{"taxonomy":"product_tag","embeddable":true,"href":"https:\/\/www.3p-gmbh.de\/da\/wp-json\/wp\/v2\/product_tag?post=7389"}],"curies":[{"name":"wp","href":"https:\/\/api.w.org\/{rel}","templated":true}]}}