{"id":7382,"date":"2019-07-11T13:58:49","date_gmt":"2019-07-11T13:58:49","guid":{"rendered":"http:\/\/www.3p-gmbh.de\/produkt\/broschurenstrecke-2\/"},"modified":"2019-11-12T14:02:28","modified_gmt":"2019-11-12T14:02:28","slug":"broschurenstrecke-2","status":"publish","type":"product","link":"https:\/\/www.3p-gmbh.de\/da\/produkt\/broschurenstrecke-2\/","title":{"rendered":"c. p. Bourg BST 10 Brosch\u00fcrenstrecke"},"content":{"rendered":"<p>&#8211; 10 Stationen Saugluft BST 10<br \/>\n&#8211; Format max. 35x50cm<br \/>\n&#8211; \u00dcbergabebr\u00fccke<br \/>\n&#8211; Drahtheftmaschine AGR-P mit 2 Hohner Heftk\u00f6pfen<br \/>\n&#8211; Lagenfalzmaschine PA-t<br \/>\n&#8211; Frontschneider TR-t<br \/>\n&#8211; Bogenpresse BBP<br \/>\n&#8211; lange Schuppenauslage<\/p>\n","protected":false},"excerpt":{"rendered":"<p>&#8211; 10 Stationen Saugluft BST 10 &#8211; Format max. 35x50cm &#8211; \u00dcbergabebr\u00fccke &#8211; Drahtheftmaschine AGR-P mit 2 Hohner Heftk\u00f6pfen &#8211; Lagenfalzmaschine PA-t &#8211; Frontschneider TR-t &#8211; Bogenpresse BBP &#8211; lange Schuppenauslage<\/p>\n","protected":false},"featured_media":3419,"template":"","meta":[],"product_brand":[],"product_cat":[1747],"product_tag":[],"class_list":{"0":"post-7382","1":"product","2":"type-product","3":"status-publish","4":"has-post-thumbnail","6":"product_cat-broschuerenfertigungssysteme","7":"pa_baujahr-153","8":"pa_hersteller-c-p-bourg","9":"pa_typ-bst-10","11":"first","12":"instock","13":"sold-individually","14":"taxable","15":"shipping-taxable","16":"purchasable","17":"product-type-simple"},"jetpack_sharing_enabled":true,"_links":{"self":[{"href":"https:\/\/www.3p-gmbh.de\/da\/wp-json\/wp\/v2\/product\/7382","targetHints":{"allow":["GET"]}}],"collection":[{"href":"https:\/\/www.3p-gmbh.de\/da\/wp-json\/wp\/v2\/product"}],"about":[{"href":"https:\/\/www.3p-gmbh.de\/da\/wp-json\/wp\/v2\/types\/product"}],"wp:featuredmedia":[{"embeddable":true,"href":"https:\/\/www.3p-gmbh.de\/da\/wp-json\/wp\/v2\/media\/3419"}],"wp:attachment":[{"href":"https:\/\/www.3p-gmbh.de\/da\/wp-json\/wp\/v2\/media?parent=7382"}],"wp:term":[{"taxonomy":"product_brand","embeddable":true,"href":"https:\/\/www.3p-gmbh.de\/da\/wp-json\/wp\/v2\/product_brand?post=7382"},{"taxonomy":"product_cat","embeddable":true,"href":"https:\/\/www.3p-gmbh.de\/da\/wp-json\/wp\/v2\/product_cat?post=7382"},{"taxonomy":"product_tag","embeddable":true,"href":"https:\/\/www.3p-gmbh.de\/da\/wp-json\/wp\/v2\/product_tag?post=7382"}],"curies":[{"name":"wp","href":"https:\/\/api.w.org\/{rel}","templated":true}]}}