{"id":7370,"date":"2019-07-11T13:58:39","date_gmt":"2019-07-11T13:58:39","guid":{"rendered":"http:\/\/www.3p-gmbh.de\/produkt\/nut-perforiermaschine-4\/"},"modified":"2019-11-12T15:41:58","modified_gmt":"2019-11-12T15:41:58","slug":"nut-perforiermaschine-4","status":"publish","type":"product","link":"https:\/\/www.3p-gmbh.de\/da\/produkt\/nut-perforiermaschine-4\/","title":{"rendered":"Bickel HK 3-61 Nut- und Perforiermaschine"},"content":{"rendered":"<p>Diese Maschine mit Arbeitsbreite 61cm wird zum wirtschaftlichen Einsatz bei Perforier- oder Nutarbeiten eingesetzt. Der Stanzvorgang wird \u00fcber eine elektrisch gesteuerte, mit Fuss ausgel\u00f6ste Kupplung get\u00e4tigt. Dadurch hat man beide H\u00e4nde zum Anlegen und Ausrichten der Bogen frei. Als Zubeh\u00f6r ist ein Nutkamm sowie ein eingebautes Rillwerkzeug und diverse Anschlaege dabei.<\/p>\n","protected":false},"excerpt":{"rendered":"<p>Diese Maschine mit Arbeitsbreite 61cm wird zum wirtschaftlichen Einsatz bei Perforier- oder Nutarbeiten eingesetzt. Der Stanzvorgang wird \u00fcber eine elektrisch gesteuerte, mit Fuss ausgel\u00f6ste Kupplung get\u00e4tigt. Dadurch hat man beide H\u00e4nde zum Anlegen und Ausrichten der Bogen frei. Als Zubeh\u00f6r ist ein Nutkamm sowie ein eingebautes Rillwerkzeug und diverse Anschlaege dabei.<\/p>\n","protected":false},"featured_media":3379,"template":"","meta":[],"product_brand":[],"product_cat":[1755],"product_tag":[],"class_list":{"0":"post-7370","1":"product","2":"type-product","3":"status-publish","4":"has-post-thumbnail","6":"product_cat-nut-perforiermaschinen","7":"pa_baujahr-1314","8":"pa_hersteller-bickel","9":"pa_typ-hk-3-61","11":"first","12":"instock","13":"sold-individually","14":"taxable","15":"shipping-taxable","16":"purchasable","17":"product-type-simple"},"jetpack_sharing_enabled":true,"_links":{"self":[{"href":"https:\/\/www.3p-gmbh.de\/da\/wp-json\/wp\/v2\/product\/7370","targetHints":{"allow":["GET"]}}],"collection":[{"href":"https:\/\/www.3p-gmbh.de\/da\/wp-json\/wp\/v2\/product"}],"about":[{"href":"https:\/\/www.3p-gmbh.de\/da\/wp-json\/wp\/v2\/types\/product"}],"wp:featuredmedia":[{"embeddable":true,"href":"https:\/\/www.3p-gmbh.de\/da\/wp-json\/wp\/v2\/media\/3379"}],"wp:attachment":[{"href":"https:\/\/www.3p-gmbh.de\/da\/wp-json\/wp\/v2\/media?parent=7370"}],"wp:term":[{"taxonomy":"product_brand","embeddable":true,"href":"https:\/\/www.3p-gmbh.de\/da\/wp-json\/wp\/v2\/product_brand?post=7370"},{"taxonomy":"product_cat","embeddable":true,"href":"https:\/\/www.3p-gmbh.de\/da\/wp-json\/wp\/v2\/product_cat?post=7370"},{"taxonomy":"product_tag","embeddable":true,"href":"https:\/\/www.3p-gmbh.de\/da\/wp-json\/wp\/v2\/product_tag?post=7370"}],"curies":[{"name":"wp","href":"https:\/\/api.w.org\/{rel}","templated":true}]}}