{"id":7366,"date":"2019-07-11T13:58:39","date_gmt":"2019-07-11T13:58:39","guid":{"rendered":"http:\/\/www.3p-gmbh.de\/produkt\/tisch-papierbohrmaschine\/"},"modified":"2019-11-12T14:54:18","modified_gmt":"2019-11-12T14:54:18","slug":"tisch-papierbohrmaschine","status":"publish","type":"product","link":"https:\/\/www.3p-gmbh.de\/da\/produkt\/tisch-papierbohrmaschine\/","title":{"rendered":"Constantin Hang 136-D Tisch-Papierbohrmaschine"},"content":{"rendered":"<p>&#8211; 2 Bohrk\u00f6pfe mit Festabstand f\u00fcr Abheftlochung<br \/>\n&#8211; Seitenanschlag \u00fcber Tabulator-Stellringe<br \/>\n&#8211; Tiefenanschlag \u00fcber Skalentisch<br \/>\n&#8211; Senken des Bohrers mittels Handhebel<br \/>\n&#8211; Stapelh\u00f6he 50mm<br \/>\n&#8211; Lochdurchmesser 2 &#8211; 14 mm<br \/>\n&#8211; 380V<\/p>\n","protected":false},"excerpt":{"rendered":"<p>&#8211; 2 Bohrk\u00f6pfe mit Festabstand f\u00fcr Abheftlochung &#8211; Seitenanschlag \u00fcber Tabulator-Stellringe &#8211; Tiefenanschlag \u00fcber Skalentisch &#8211; Senken des Bohrers mittels Handhebel &#8211; Stapelh\u00f6he 50mm &#8211; Lochdurchmesser 2 &#8211; 14 mm &#8211; 380V<\/p>\n","protected":false},"featured_media":3358,"template":"","meta":[],"product_brand":[],"product_cat":[1757],"product_tag":[],"class_list":{"0":"post-7366","1":"product","2":"type-product","3":"status-publish","4":"has-post-thumbnail","6":"product_cat-papierbohrmaschinen","7":"pa_hersteller-constantin-hang","8":"pa_typ-136-d","10":"first","11":"instock","12":"sold-individually","13":"taxable","14":"shipping-taxable","15":"purchasable","16":"product-type-simple"},"jetpack_sharing_enabled":true,"_links":{"self":[{"href":"https:\/\/www.3p-gmbh.de\/da\/wp-json\/wp\/v2\/product\/7366","targetHints":{"allow":["GET"]}}],"collection":[{"href":"https:\/\/www.3p-gmbh.de\/da\/wp-json\/wp\/v2\/product"}],"about":[{"href":"https:\/\/www.3p-gmbh.de\/da\/wp-json\/wp\/v2\/types\/product"}],"wp:featuredmedia":[{"embeddable":true,"href":"https:\/\/www.3p-gmbh.de\/da\/wp-json\/wp\/v2\/media\/3358"}],"wp:attachment":[{"href":"https:\/\/www.3p-gmbh.de\/da\/wp-json\/wp\/v2\/media?parent=7366"}],"wp:term":[{"taxonomy":"product_brand","embeddable":true,"href":"https:\/\/www.3p-gmbh.de\/da\/wp-json\/wp\/v2\/product_brand?post=7366"},{"taxonomy":"product_cat","embeddable":true,"href":"https:\/\/www.3p-gmbh.de\/da\/wp-json\/wp\/v2\/product_cat?post=7366"},{"taxonomy":"product_tag","embeddable":true,"href":"https:\/\/www.3p-gmbh.de\/da\/wp-json\/wp\/v2\/product_tag?post=7366"}],"curies":[{"name":"wp","href":"https:\/\/api.w.org\/{rel}","templated":true}]}}