{"id":7358,"date":"2019-07-11T13:58:39","date_gmt":"2019-07-11T13:58:39","guid":{"rendered":"http:\/\/www.3p-gmbh.de\/produkt\/2-spindelpapierbohrmaschine\/"},"modified":"2019-11-12T15:44:17","modified_gmt":"2019-11-12T15:44:17","slug":"2-spindelpapierbohrmaschine","status":"publish","type":"product","link":"https:\/\/www.3p-gmbh.de\/da\/produkt\/2-spindelpapierbohrmaschine\/","title":{"rendered":"Ernst Nagel Citoborma 280 B 2-Spindelpapierbohrmaschine"},"content":{"rendered":"<p>Verwindungssteife Portalkonstruktion f\u00fcr Pr\u00e4zision und Lebensdauer<br \/>\nFussausl\u00f6sung oder manuell \u00fcber Hebel<br \/>\nStapelh\u00f6he 60mm<br \/>\nEinlegebreite 410 mm auf Schiebetisch<br \/>\nBohrerl\u00e4ngenausgleich<br \/>\nLochdurchmesser 2 &#8211; 14 mm<br \/>\nzwei im Abstand 45-12mm zueinander verstellbare Bohrk\u00f6pfe<br \/>\nLochabstand max. 410 mm<br \/>\nLochabstand min. 6 mm<br \/>\nGrundfl\u00e4che 850 x 580 mm<br \/>\nHo\u00f6he 1550mm<br \/>\nGewicht ca 120 kg<\/p>\n","protected":false},"excerpt":{"rendered":"<p>Verwindungssteife Portalkonstruktion f\u00fcr Pr\u00e4zision und Lebensdauer Fussausl\u00f6sung oder manuell \u00fcber Hebel Stapelh\u00f6he 60mm Einlegebreite 410 mm auf Schiebetisch Bohrerl\u00e4ngenausgleich Lochdurchmesser 2 &#8211; 14 mm zwei im Abstand 45-12mm zueinander verstellbare Bohrk\u00f6pfe Lochabstand max. 410 mm Lochabstand min. 6 mm Grundfl\u00e4che 850 x 580 mm Ho\u00f6he 1550mm Gewicht ca 120 kg<\/p>\n","protected":false},"featured_media":3322,"template":"","meta":[],"product_brand":[],"product_cat":[1757],"product_tag":[],"class_list":{"0":"post-7358","1":"product","2":"type-product","3":"status-publish","4":"has-post-thumbnail","6":"product_cat-papierbohrmaschinen","7":"pa_hersteller-ernst-nagel","8":"pa_typ-citoborma-280-b","10":"first","11":"instock","12":"sold-individually","13":"taxable","14":"shipping-taxable","15":"purchasable","16":"product-type-simple"},"jetpack_sharing_enabled":true,"_links":{"self":[{"href":"https:\/\/www.3p-gmbh.de\/da\/wp-json\/wp\/v2\/product\/7358","targetHints":{"allow":["GET"]}}],"collection":[{"href":"https:\/\/www.3p-gmbh.de\/da\/wp-json\/wp\/v2\/product"}],"about":[{"href":"https:\/\/www.3p-gmbh.de\/da\/wp-json\/wp\/v2\/types\/product"}],"wp:featuredmedia":[{"embeddable":true,"href":"https:\/\/www.3p-gmbh.de\/da\/wp-json\/wp\/v2\/media\/3322"}],"wp:attachment":[{"href":"https:\/\/www.3p-gmbh.de\/da\/wp-json\/wp\/v2\/media?parent=7358"}],"wp:term":[{"taxonomy":"product_brand","embeddable":true,"href":"https:\/\/www.3p-gmbh.de\/da\/wp-json\/wp\/v2\/product_brand?post=7358"},{"taxonomy":"product_cat","embeddable":true,"href":"https:\/\/www.3p-gmbh.de\/da\/wp-json\/wp\/v2\/product_cat?post=7358"},{"taxonomy":"product_tag","embeddable":true,"href":"https:\/\/www.3p-gmbh.de\/da\/wp-json\/wp\/v2\/product_tag?post=7358"}],"curies":[{"name":"wp","href":"https:\/\/api.w.org\/{rel}","templated":true}]}}