{"id":7306,"date":"2019-07-11T13:58:04","date_gmt":"2019-07-11T13:58:04","guid":{"rendered":"http:\/\/www.3p-gmbh.de\/produkt\/ringoesenheftkoepfe-3\/"},"modified":"2019-08-08T12:37:34","modified_gmt":"2019-08-08T12:37:34","slug":"ringoesenheftkoepfe-3","status":"publish","type":"product","link":"https:\/\/www.3p-gmbh.de\/da\/produkt\/ringoesenheftkoepfe-3\/","title":{"rendered":"Hohner 52-8 S L8 Ring\u00f6senheftkoepfe"},"content":{"rendered":"<p>Mit seinen optionalen Wechselteiles\u00e4tzen f\u00fcr verschiedene Klammerr\u00fcckenl\u00e4ngen, Ring\u00f6sendurchmesser und Drahtsorten ist dies der derzeit immer noch flexibelste und vielseitigste Heftkopf am Markt, geeignet f\u00fcr H\u00f6chstgeschwindigkeiten bis zu 20.000 Heftungen\/Stunde.<\/p>\n<p>&#8211; Extreme Klammervielfalt<br \/>\n&#8211; optionale Wechselteile, dadurch kostensparend<br \/>\n&#8211; schnelle Zentraleinstellung von Drahtl\u00e4nge und Heftst\u00e4rke<br \/>\n&#8211; mit Alu-Geh\u00e4use<br \/>\n&#8211; bedienerfreundliche, werkzeuglose Einstellung der Drahtl\u00e4nge<br \/>\n&#8211; extrem schmaler und robuster Niederhalter<\/p>\n","protected":false},"excerpt":{"rendered":"<p>Mit seinen optionalen Wechselteiles\u00e4tzen f\u00fcr verschiedene Klammerr\u00fcckenl\u00e4ngen, Ring\u00f6sendurchmesser und Drahtsorten ist dies der derzeit immer noch flexibelste und vielseitigste Heftkopf am Markt, geeignet f\u00fcr H\u00f6chstgeschwindigkeiten bis zu 20.000 Heftungen\/Stunde. &#8211; Extreme Klammervielfalt &#8211; optionale Wechselteile, dadurch kostensparend &#8211; schnelle Zentraleinstellung von Drahtl\u00e4nge und Heftst\u00e4rke &#8211; mit Alu-Geh\u00e4use &#8211; bedienerfreundliche, werkzeuglose Einstellung der Drahtl\u00e4nge &#8211; extrem [&hellip;]<\/p>\n","protected":false},"featured_media":3142,"template":"","meta":[],"product_brand":[],"product_cat":[86],"product_tag":[],"class_list":{"0":"post-7306","1":"product","2":"type-product","3":"status-publish","4":"has-post-thumbnail","6":"product_cat-sammelhefter","7":"pa_baujahr-326","8":"pa_hersteller-hohner-maschinenbau","9":"pa_typ-52-8-s-l8","11":"first","12":"instock","13":"sold-individually","14":"taxable","15":"shipping-taxable","16":"purchasable","17":"product-type-simple"},"jetpack_sharing_enabled":true,"_links":{"self":[{"href":"https:\/\/www.3p-gmbh.de\/da\/wp-json\/wp\/v2\/product\/7306","targetHints":{"allow":["GET"]}}],"collection":[{"href":"https:\/\/www.3p-gmbh.de\/da\/wp-json\/wp\/v2\/product"}],"about":[{"href":"https:\/\/www.3p-gmbh.de\/da\/wp-json\/wp\/v2\/types\/product"}],"wp:featuredmedia":[{"embeddable":true,"href":"https:\/\/www.3p-gmbh.de\/da\/wp-json\/wp\/v2\/media\/3142"}],"wp:attachment":[{"href":"https:\/\/www.3p-gmbh.de\/da\/wp-json\/wp\/v2\/media?parent=7306"}],"wp:term":[{"taxonomy":"product_brand","embeddable":true,"href":"https:\/\/www.3p-gmbh.de\/da\/wp-json\/wp\/v2\/product_brand?post=7306"},{"taxonomy":"product_cat","embeddable":true,"href":"https:\/\/www.3p-gmbh.de\/da\/wp-json\/wp\/v2\/product_cat?post=7306"},{"taxonomy":"product_tag","embeddable":true,"href":"https:\/\/www.3p-gmbh.de\/da\/wp-json\/wp\/v2\/product_tag?post=7306"}],"curies":[{"name":"wp","href":"https:\/\/api.w.org\/{rel}","templated":true}]}}