{"id":7303,"date":"2019-07-11T13:58:04","date_gmt":"2019-07-11T13:58:04","guid":{"rendered":"http:\/\/www.3p-gmbh.de\/produkt\/draht-heftkoepfe-2\/"},"modified":"2019-08-08T12:29:29","modified_gmt":"2019-08-08T12:29:29","slug":"draht-heftkoepfe-2","status":"publish","type":"product","link":"https:\/\/www.3p-gmbh.de\/da\/produkt\/draht-heftkoepfe-2\/","title":{"rendered":"Heidelberg\/Stahl Heftk\u00f6pfe f\u00fcr Sammelhefter"},"content":{"rendered":"<p>diverse Heftk\u00f6pfe f\u00fcr Heidelberg Sammelhefter ST 350, ST 400, ST 450, ST 500<br \/>\n&#8211; Stahl 45-N14 mit Klinscherkasten &amp; Falzdr\u00fccker (OVP)<br \/>\n&#8211; Stahl 50-L8 Ring\u00f6se 8mm<br \/>\n&#8211; Stahl 50-L6 Ring\u00f6se 6mm<br \/>\n&#8211; Hohner SB 55 Ring\u00f6se mit Klinscherkasten und Falzdr\u00fccker<br \/>\n&#8211; Hohner SB 50 mit Klinscherkasten und Falzdr\u00fccker<\/p>\n<p>***oder alternativ andere Produkte anfragen***<\/p>\n","protected":false},"excerpt":{"rendered":"<p>diverse Heftk\u00f6pfe f\u00fcr Heidelberg Sammelhefter ST 350, ST 400, ST 450, ST 500 &#8211; Stahl 45-N14 mit Klinscherkasten &amp; Falzdr\u00fccker (OVP) &#8211; Stahl 50-L8 Ring\u00f6se 8mm &#8211; Stahl 50-L6 Ring\u00f6se 6mm &#8211; Hohner SB 55 Ring\u00f6se mit Klinscherkasten und Falzdr\u00fccker &#8211; Hohner SB 50 mit Klinscherkasten und Falzdr\u00fccker ***oder alternativ andere Produkte anfragen***<\/p>\n","protected":false},"featured_media":3126,"template":"","meta":[],"product_brand":[],"product_cat":[86],"product_tag":[],"class_list":{"0":"post-7303","1":"product","2":"type-product","3":"status-publish","4":"has-post-thumbnail","6":"product_cat-sammelhefter","7":"pa_hersteller-heidelberg-stahl","8":"pa_typ-45-n14-50-8l-50-l6","10":"first","11":"instock","12":"sold-individually","13":"taxable","14":"shipping-taxable","15":"purchasable","16":"product-type-simple"},"jetpack_sharing_enabled":true,"_links":{"self":[{"href":"https:\/\/www.3p-gmbh.de\/da\/wp-json\/wp\/v2\/product\/7303","targetHints":{"allow":["GET"]}}],"collection":[{"href":"https:\/\/www.3p-gmbh.de\/da\/wp-json\/wp\/v2\/product"}],"about":[{"href":"https:\/\/www.3p-gmbh.de\/da\/wp-json\/wp\/v2\/types\/product"}],"wp:featuredmedia":[{"embeddable":true,"href":"https:\/\/www.3p-gmbh.de\/da\/wp-json\/wp\/v2\/media\/3126"}],"wp:attachment":[{"href":"https:\/\/www.3p-gmbh.de\/da\/wp-json\/wp\/v2\/media?parent=7303"}],"wp:term":[{"taxonomy":"product_brand","embeddable":true,"href":"https:\/\/www.3p-gmbh.de\/da\/wp-json\/wp\/v2\/product_brand?post=7303"},{"taxonomy":"product_cat","embeddable":true,"href":"https:\/\/www.3p-gmbh.de\/da\/wp-json\/wp\/v2\/product_cat?post=7303"},{"taxonomy":"product_tag","embeddable":true,"href":"https:\/\/www.3p-gmbh.de\/da\/wp-json\/wp\/v2\/product_tag?post=7303"}],"curies":[{"name":"wp","href":"https:\/\/api.w.org\/{rel}","templated":true}]}}