{"id":7281,"date":"2019-07-11T13:57:54","date_gmt":"2019-07-11T13:57:54","guid":{"rendered":"http:\/\/www.3p-gmbh.de\/produkt\/drahtheftmaschine-3\/"},"modified":"2019-08-08T15:07:01","modified_gmt":"2019-08-08T15:07:01","slug":"drahtheftmaschine-3","status":"publish","type":"product","link":"https:\/\/www.3p-gmbh.de\/da\/produkt\/drahtheftmaschine-3\/","title":{"rendered":"Hohner Exact Drahtheftmaschine"},"content":{"rendered":"<ul>\n<li>Installation von bis zu vier Hohner-Schmalheftk\u00f6pfen Universal 52\/8 f\u00fcr Normalheftung, Ring\u00f6senheftung oder gemischte Anwendung<\/li>\n<li>Gleichermassen hervorragend geeignet als Solomaschine oder Einbauaggregat<\/li>\n<li>Maximale Heftst\u00e4rke von 8 mm bei Normalheftung<\/li>\n<li>Leicht umstellbarer Hefttisch: gerade f\u00fcr Bl\u00f6cke, schr\u00e4g f\u00fcr Brosch\u00fcren<\/li>\n<li>Heftst\u00e4rke und Drahtl\u00e4nge werden gleichzeitig und zentral f\u00fcr alle K\u00f6pfe \u00fcber nur einen Hebel eingestellt<\/li>\n<li>Ein r\u00fcckw\u00e4rtiger und zwei seitliche Anschl\u00e4ge, alle verstellbar, sorgen daf\u00fcr, dass die Klammern stets an der gew\u00fcnschten Stelle positioniert sind<\/li>\n<li>Heftk\u00f6pfe k\u00f6nnen in aller Schnelle entnommen oder angebracht, seitlich verschoben oder auch einfach nur vor\u00fcbergehend abgeschaltet werden<\/li>\n<li>Maximale Heftleistung: je Kopf 206 Klammern \/ min<\/li>\n<li>Fussausl\u00f6sung<\/li>\n<li>Tischgroesse: 550 x 280 mm<\/li>\n<li>Einlegetiefe ab Klinscherkasten 165 mm<\/li>\n<li>Klammerabstand max. 330mm<\/li>\n<li>Klammerabstand min. 52-62 mm<\/li>\n<\/ul>\n","protected":false},"excerpt":{"rendered":"<p>Installation von bis zu vier Hohner-Schmalheftk\u00f6pfen Universal 52\/8 f\u00fcr Normalheftung, Ring\u00f6senheftung oder gemischte Anwendung Gleichermassen hervorragend geeignet als Solomaschine oder Einbauaggregat Maximale Heftst\u00e4rke von 8 mm bei Normalheftung Leicht umstellbarer Hefttisch: gerade f\u00fcr Bl\u00f6cke, schr\u00e4g f\u00fcr Brosch\u00fcren Heftst\u00e4rke und Drahtl\u00e4nge werden gleichzeitig und zentral f\u00fcr alle K\u00f6pfe \u00fcber nur einen Hebel eingestellt Ein r\u00fcckw\u00e4rtiger und [&hellip;]<\/p>\n","protected":false},"featured_media":3025,"template":"","meta":[],"product_brand":[],"product_cat":[86],"product_tag":[],"class_list":{"0":"post-7281","1":"product","2":"type-product","3":"status-publish","4":"has-post-thumbnail","6":"product_cat-sammelhefter","7":"pa_baujahr-188","8":"pa_hersteller-hohner","9":"pa_typ-exact","11":"first","12":"instock","13":"sold-individually","14":"taxable","15":"shipping-taxable","16":"purchasable","17":"product-type-simple"},"jetpack_sharing_enabled":true,"_links":{"self":[{"href":"https:\/\/www.3p-gmbh.de\/da\/wp-json\/wp\/v2\/product\/7281","targetHints":{"allow":["GET"]}}],"collection":[{"href":"https:\/\/www.3p-gmbh.de\/da\/wp-json\/wp\/v2\/product"}],"about":[{"href":"https:\/\/www.3p-gmbh.de\/da\/wp-json\/wp\/v2\/types\/product"}],"wp:featuredmedia":[{"embeddable":true,"href":"https:\/\/www.3p-gmbh.de\/da\/wp-json\/wp\/v2\/media\/3025"}],"wp:attachment":[{"href":"https:\/\/www.3p-gmbh.de\/da\/wp-json\/wp\/v2\/media?parent=7281"}],"wp:term":[{"taxonomy":"product_brand","embeddable":true,"href":"https:\/\/www.3p-gmbh.de\/da\/wp-json\/wp\/v2\/product_brand?post=7281"},{"taxonomy":"product_cat","embeddable":true,"href":"https:\/\/www.3p-gmbh.de\/da\/wp-json\/wp\/v2\/product_cat?post=7281"},{"taxonomy":"product_tag","embeddable":true,"href":"https:\/\/www.3p-gmbh.de\/da\/wp-json\/wp\/v2\/product_tag?post=7281"}],"curies":[{"name":"wp","href":"https:\/\/api.w.org\/{rel}","templated":true}]}}