{"id":7221,"date":"2019-07-11T13:57:16","date_gmt":"2019-07-11T13:57:16","guid":{"rendered":"http:\/\/www.3p-gmbh.de\/produkt\/heftkoepfe\/"},"modified":"2019-11-08T09:56:25","modified_gmt":"2019-11-08T09:56:25","slug":"heftkoepfe","status":"publish","type":"product","link":"https:\/\/www.3p-gmbh.de\/da\/produkt\/heftkoepfe\/","title":{"rendered":"Hohner Heftk\u00f6pfe"},"content":{"rendered":"<ul>\n<li>4 Hohner Universal HK 52\/8<\/li>\n<li>2 Hohner Universal HK 52\/8 Ring\u00f6sen<\/li>\n<li>2 Hohner 48\/5 S (Theissen &amp; Bonitz , Horizon, Bourg, MKW, Laconda uvm.<\/li>\n<li>2 Hohner 43\/6 Ring\u00f6se<\/li>\n<li>2 Hohner SB 55 Ring\u00f6se mit Klinscherkasten und Falzdr\u00fccker<\/li>\n<li>1 Hohner SB 50 mit Klinscherkasten und Falzdru\u00fccker<\/li>\n<\/ul>\n","protected":false},"excerpt":{"rendered":"<p>4 Hohner Universal HK 52\/8 2 Hohner Universal HK 52\/8 Ring\u00f6sen 2 Hohner 48\/5 S (Theissen &amp; Bonitz , Horizon, Bourg, MKW, Laconda uvm. 2 Hohner 43\/6 Ring\u00f6se 2 Hohner SB 55 Ring\u00f6se mit Klinscherkasten und Falzdr\u00fccker 1 Hohner SB 50 mit Klinscherkasten und Falzdru\u00fccker<\/p>\n","protected":false},"featured_media":2780,"template":"","meta":[],"product_brand":[],"product_cat":[86],"product_tag":[],"class_list":{"0":"post-7221","1":"product","2":"type-product","3":"status-publish","4":"has-post-thumbnail","6":"product_cat-sammelhefter","7":"pa_hersteller-hohner-maschinenbau","9":"first","10":"instock","11":"sold-individually","12":"taxable","13":"shipping-taxable","14":"purchasable","15":"product-type-simple"},"jetpack_sharing_enabled":true,"_links":{"self":[{"href":"https:\/\/www.3p-gmbh.de\/da\/wp-json\/wp\/v2\/product\/7221","targetHints":{"allow":["GET"]}}],"collection":[{"href":"https:\/\/www.3p-gmbh.de\/da\/wp-json\/wp\/v2\/product"}],"about":[{"href":"https:\/\/www.3p-gmbh.de\/da\/wp-json\/wp\/v2\/types\/product"}],"wp:featuredmedia":[{"embeddable":true,"href":"https:\/\/www.3p-gmbh.de\/da\/wp-json\/wp\/v2\/media\/2780"}],"wp:attachment":[{"href":"https:\/\/www.3p-gmbh.de\/da\/wp-json\/wp\/v2\/media?parent=7221"}],"wp:term":[{"taxonomy":"product_brand","embeddable":true,"href":"https:\/\/www.3p-gmbh.de\/da\/wp-json\/wp\/v2\/product_brand?post=7221"},{"taxonomy":"product_cat","embeddable":true,"href":"https:\/\/www.3p-gmbh.de\/da\/wp-json\/wp\/v2\/product_cat?post=7221"},{"taxonomy":"product_tag","embeddable":true,"href":"https:\/\/www.3p-gmbh.de\/da\/wp-json\/wp\/v2\/product_tag?post=7221"}],"curies":[{"name":"wp","href":"https:\/\/api.w.org\/{rel}","templated":true}]}}