{"id":7205,"date":"2019-07-11T13:57:16","date_gmt":"2019-07-11T13:57:16","guid":{"rendered":"http:\/\/www.3p-gmbh.de\/produkt\/buchrueckenrundemaschine\/"},"modified":"2019-11-08T09:58:33","modified_gmt":"2019-11-08T09:58:33","slug":"buchrueckenrundemaschine","status":"publish","type":"product","link":"https:\/\/www.3p-gmbh.de\/da\/produkt\/buchrueckenrundemaschine\/","title":{"rendered":"Karl Tr\u00e4nklein BRM 500 Buchr\u00fcckenrundemaschine"},"content":{"rendered":"<p>Die Maschine erm\u00f6glicht ein rasches und formsch\u00f6nes Runden von fadengehefteten und klebegebundenen Buchblocks. Schnelles Einstellen jeder Buchst\u00e4rke nach Skala \u00fcber Handrad macht die Maschine auch f\u00fcr kleine und kleinste Auflagen wirtschaftlich. Zum raschen Stillsetzen der Maschine bei Formatwechsel ist eine Fussbremse vorhanden. Weitere Vorteile der Buchr\u00fcckenrundemaschine liegen in ihrem geringem Platzbedarf, der stabilen Bauart und dem ger\u00e4uschlosen Lauf.<\/p>\n<ul>\n<li>Arbeitsbreite max. 540 mm<\/li>\n<li>Buchst\u00e4rke 0 &#8211; 100 mm<\/li>\n<li>Leistung 400 &#8211; 600 Blocks\/Stunde<\/li>\n<li>Zubeh\u00f6r 2 Ablagetische<\/li>\n<li>Platzbedarf 120 x 100 x 120 cm<\/li>\n<li>Gewicht ca. 390 kg<\/li>\n<\/ul>\n","protected":false},"excerpt":{"rendered":"<p>Die Maschine erm\u00f6glicht ein rasches und formsch\u00f6nes Runden von fadengehefteten und klebegebundenen Buchblocks. Schnelles Einstellen jeder Buchst\u00e4rke nach Skala \u00fcber Handrad macht die Maschine auch f\u00fcr kleine und kleinste Auflagen wirtschaftlich. Zum raschen Stillsetzen der Maschine bei Formatwechsel ist eine Fussbremse vorhanden. Weitere Vorteile der Buchr\u00fcckenrundemaschine liegen in ihrem geringem Platzbedarf, der stabilen Bauart und [&hellip;]<\/p>\n","protected":false},"featured_media":2719,"template":"","meta":[],"product_brand":[],"product_cat":[1764],"product_tag":[],"class_list":{"0":"post-7205","1":"product","2":"type-product","3":"status-publish","4":"has-post-thumbnail","6":"product_cat-sortimentsbuchbinderei","7":"pa_baujahr-357","8":"pa_hersteller-karl-traenklein","9":"pa_typ-brm-500","11":"first","12":"instock","13":"sold-individually","14":"taxable","15":"shipping-taxable","16":"purchasable","17":"product-type-simple"},"jetpack_sharing_enabled":true,"_links":{"self":[{"href":"https:\/\/www.3p-gmbh.de\/da\/wp-json\/wp\/v2\/product\/7205","targetHints":{"allow":["GET"]}}],"collection":[{"href":"https:\/\/www.3p-gmbh.de\/da\/wp-json\/wp\/v2\/product"}],"about":[{"href":"https:\/\/www.3p-gmbh.de\/da\/wp-json\/wp\/v2\/types\/product"}],"wp:featuredmedia":[{"embeddable":true,"href":"https:\/\/www.3p-gmbh.de\/da\/wp-json\/wp\/v2\/media\/2719"}],"wp:attachment":[{"href":"https:\/\/www.3p-gmbh.de\/da\/wp-json\/wp\/v2\/media?parent=7205"}],"wp:term":[{"taxonomy":"product_brand","embeddable":true,"href":"https:\/\/www.3p-gmbh.de\/da\/wp-json\/wp\/v2\/product_brand?post=7205"},{"taxonomy":"product_cat","embeddable":true,"href":"https:\/\/www.3p-gmbh.de\/da\/wp-json\/wp\/v2\/product_cat?post=7205"},{"taxonomy":"product_tag","embeddable":true,"href":"https:\/\/www.3p-gmbh.de\/da\/wp-json\/wp\/v2\/product_tag?post=7205"}],"curies":[{"name":"wp","href":"https:\/\/api.w.org\/{rel}","templated":true}]}}