{"id":7199,"date":"2019-07-11T13:57:04","date_gmt":"2019-07-11T13:57:04","guid":{"rendered":"http:\/\/www.3p-gmbh.de\/produkt\/anreibemaschine\/"},"modified":"2019-11-08T10:16:26","modified_gmt":"2019-11-08T10:16:26","slug":"anreibemaschine","status":"publish","type":"product","link":"https:\/\/www.3p-gmbh.de\/da\/produkt\/anreibemaschine\/","title":{"rendered":"Sumbel Regent 1000 Anreibemaschine"},"content":{"rendered":"<ul>\n<li>Anreibemaschine f\u00fcr alle \u00dcberzieh- und Kaschierarbeiten zum schnellen, sauberen und gleichm\u00e4ssigen Anpressen von Bucheinbanddecken, Mappen, Plakaten, Displays etc.<\/li>\n<li>Stufenlos regelbare Geschwindigkeit<\/li>\n<li>Motorantrieb 230 V<\/li>\n<li>Einstellung der Materialdicken von 0-30 mm mit zus\u00e4tzlicher Feineinstellung des Anpressdrucks<\/li>\n<li>Walzenbreite 1000 mm<\/li>\n<\/ul>\n","protected":false},"excerpt":{"rendered":"<p>Anreibemaschine f\u00fcr alle \u00dcberzieh- und Kaschierarbeiten zum schnellen, sauberen und gleichm\u00e4ssigen Anpressen von Bucheinbanddecken, Mappen, Plakaten, Displays etc. Stufenlos regelbare Geschwindigkeit Motorantrieb 230 V Einstellung der Materialdicken von 0-30 mm mit zus\u00e4tzlicher Feineinstellung des Anpressdrucks Walzenbreite 1000 mm<\/p>\n","protected":false},"featured_media":2692,"template":"","meta":[],"product_brand":[],"product_cat":[1764],"product_tag":[],"class_list":{"0":"post-7199","1":"product","2":"type-product","3":"status-publish","4":"has-post-thumbnail","6":"product_cat-sortimentsbuchbinderei","7":"pa_baujahr-153","8":"pa_hersteller-sumbel-herold","9":"pa_typ-regent-1000","11":"first","12":"instock","13":"sold-individually","14":"taxable","15":"shipping-taxable","16":"purchasable","17":"product-type-simple"},"jetpack_sharing_enabled":true,"_links":{"self":[{"href":"https:\/\/www.3p-gmbh.de\/da\/wp-json\/wp\/v2\/product\/7199","targetHints":{"allow":["GET"]}}],"collection":[{"href":"https:\/\/www.3p-gmbh.de\/da\/wp-json\/wp\/v2\/product"}],"about":[{"href":"https:\/\/www.3p-gmbh.de\/da\/wp-json\/wp\/v2\/types\/product"}],"wp:featuredmedia":[{"embeddable":true,"href":"https:\/\/www.3p-gmbh.de\/da\/wp-json\/wp\/v2\/media\/2692"}],"wp:attachment":[{"href":"https:\/\/www.3p-gmbh.de\/da\/wp-json\/wp\/v2\/media?parent=7199"}],"wp:term":[{"taxonomy":"product_brand","embeddable":true,"href":"https:\/\/www.3p-gmbh.de\/da\/wp-json\/wp\/v2\/product_brand?post=7199"},{"taxonomy":"product_cat","embeddable":true,"href":"https:\/\/www.3p-gmbh.de\/da\/wp-json\/wp\/v2\/product_cat?post=7199"},{"taxonomy":"product_tag","embeddable":true,"href":"https:\/\/www.3p-gmbh.de\/da\/wp-json\/wp\/v2\/product_tag?post=7199"}],"curies":[{"name":"wp","href":"https:\/\/api.w.org\/{rel}","templated":true}]}}