{"id":7184,"date":"2019-07-11T13:57:04","date_gmt":"2019-07-11T13:57:04","guid":{"rendered":"http:\/\/www.3p-gmbh.de\/produkt\/kalikoschere\/"},"modified":"2019-12-09T10:25:29","modified_gmt":"2019-12-09T10:25:29","slug":"kalikoschere","status":"publish","type":"product","link":"https:\/\/www.3p-gmbh.de\/da\/produkt\/kalikoschere\/","title":{"rendered":"Kolbus KS Kalikoschere"},"content":{"rendered":"<ul>\n<li>L\u00e4ngs- und Querschneidemaschine f\u00fcr von der Rolle laufende synthetische und nat\u00fcrliche Materialien<\/li>\n<li>Arbeitsbreite 1400 mm<\/li>\n<li>10 L\u00e4ngsschneidemesser<\/li>\n<li>1 Querschneider<\/li>\n<\/ul>\n","protected":false},"excerpt":{"rendered":"<p>L\u00e4ngs- und Querschneidemaschine f\u00fcr von der Rolle laufende synthetische und nat\u00fcrliche Materialien Arbeitsbreite 1400 mm 10 L\u00e4ngsschneidemesser 1 Querschneider<\/p>\n","protected":false},"featured_media":18490,"template":"","meta":[],"product_brand":[],"product_cat":[1764],"product_tag":[],"class_list":{"0":"post-7184","1":"product","2":"type-product","3":"status-publish","4":"has-post-thumbnail","6":"product_cat-sortimentsbuchbinderei","7":"pa_baujahr-353","8":"pa_hersteller-kolbus","9":"pa_typ-ks","11":"first","12":"instock","13":"sold-individually","14":"taxable","15":"shipping-taxable","16":"purchasable","17":"product-type-simple"},"jetpack_sharing_enabled":true,"_links":{"self":[{"href":"https:\/\/www.3p-gmbh.de\/da\/wp-json\/wp\/v2\/product\/7184","targetHints":{"allow":["GET"]}}],"collection":[{"href":"https:\/\/www.3p-gmbh.de\/da\/wp-json\/wp\/v2\/product"}],"about":[{"href":"https:\/\/www.3p-gmbh.de\/da\/wp-json\/wp\/v2\/types\/product"}],"wp:featuredmedia":[{"embeddable":true,"href":"https:\/\/www.3p-gmbh.de\/da\/wp-json\/wp\/v2\/media\/18490"}],"wp:attachment":[{"href":"https:\/\/www.3p-gmbh.de\/da\/wp-json\/wp\/v2\/media?parent=7184"}],"wp:term":[{"taxonomy":"product_brand","embeddable":true,"href":"https:\/\/www.3p-gmbh.de\/da\/wp-json\/wp\/v2\/product_brand?post=7184"},{"taxonomy":"product_cat","embeddable":true,"href":"https:\/\/www.3p-gmbh.de\/da\/wp-json\/wp\/v2\/product_cat?post=7184"},{"taxonomy":"product_tag","embeddable":true,"href":"https:\/\/www.3p-gmbh.de\/da\/wp-json\/wp\/v2\/product_tag?post=7184"}],"curies":[{"name":"wp","href":"https:\/\/api.w.org\/{rel}","templated":true}]}}