{"id":7164,"date":"2019-07-11T13:56:45","date_gmt":"2019-07-11T13:56:45","guid":{"rendered":"http:\/\/www.3p-gmbh.de\/produkt\/paeckchenauslage-mit-bogenpresse\/"},"modified":"2024-12-09T08:36:41","modified_gmt":"2024-12-09T08:36:41","slug":"paeckchenauslage-mit-bogenpresse","status":"publish","type":"product","link":"https:\/\/www.3p-gmbh.de\/da\/produkt\/paeckchenauslage-mit-bogenpresse\/","title":{"rendered":"Horizon PSX-56 P\u00e4ckchenauslage mit Bogenpresse"},"content":{"rendered":"<p>Mit diesem Anlagesystem zum Anschluss an Falzmaschinen und Sammelhefter nutzen Sie die Leistung schnell laufender Maschinen erst richtig und produzieren so noch rentabler. Die PSX-56 presst die ankommenden Produkte mit drei Walzenpaaren unter einem sehr hohen Druck von bis zu zweimal 1.200 kg nach und stapelt sie markierungsfrei zu handlichen P\u00e4ckchen. Makulatur wird sofort von einer elektronischen Kontrolle erkannt und ausgeschleust. Mit der PSX-56 ist serienm\u00e4ssig Doppelnutzung-Betrieb m\u00f6glich.<\/p>\n<p>Ihre Vorteile<\/p>\n<ul>\n<li>Perfekte Stapelung zu handlichen P\u00e4ckchen<\/li>\n<li>Selbstl\u00e4ufer mit zentraler, einfacher Bedienung<\/li>\n<li>Ergonomisches Arbeiten bei h\u00f6chster Produktivit\u00e4t<\/li>\n<li>Drei Presswalzenpaare fuer Topqualit\u00e4t<\/li>\n<li>Serienm\u00e4ssige Aussteuerweiche f\u00fcr Non-Stop-Betrieb<\/li>\n<\/ul>\n<p>Technische Daten<\/p>\n<ul>\n<li>Leistung max. 900 P\u00e4ckchen\/h<\/li>\n<li>Einlaufh\u00f6he 440 &#8211; 1.000 mm<\/li>\n<li>Stapelh\u00f6he max. 200 mm<\/li>\n<li>Pressdruck 2 x 1.200 kg<\/li>\n<li>Format max. 546 x 330 mm<\/li>\n<li>Format min.128 x 92 mm<\/li>\n<\/ul>\n","protected":false},"excerpt":{"rendered":"<p>Mit diesem Anlagesystem zum Anschluss an Falzmaschinen und Sammelhefter nutzen Sie die Leistung schnell laufender Maschinen erst richtig und produzieren so noch rentabler. Die PSX-56 presst die ankommenden Produkte mit drei Walzenpaaren unter einem sehr hohen Druck von bis zu zweimal 1.200 kg nach und stapelt sie markierungsfrei zu handlichen P\u00e4ckchen. Makulatur wird sofort von [&hellip;]<\/p>\n","protected":false},"featured_media":120869,"template":"","meta":[],"product_brand":[],"product_cat":[1745],"product_tag":[],"class_list":{"0":"post-7164","1":"product","2":"type-product","3":"status-publish","4":"has-post-thumbnail","6":"product_cat-auslagen","7":"pa_hersteller-horizon","8":"pa_typ-psx-56","10":"first","11":"instock","12":"sold-individually","13":"taxable","14":"shipping-taxable","15":"purchasable","16":"product-type-simple"},"jetpack_sharing_enabled":true,"_links":{"self":[{"href":"https:\/\/www.3p-gmbh.de\/da\/wp-json\/wp\/v2\/product\/7164","targetHints":{"allow":["GET"]}}],"collection":[{"href":"https:\/\/www.3p-gmbh.de\/da\/wp-json\/wp\/v2\/product"}],"about":[{"href":"https:\/\/www.3p-gmbh.de\/da\/wp-json\/wp\/v2\/types\/product"}],"wp:featuredmedia":[{"embeddable":true,"href":"https:\/\/www.3p-gmbh.de\/da\/wp-json\/wp\/v2\/media\/120869"}],"wp:attachment":[{"href":"https:\/\/www.3p-gmbh.de\/da\/wp-json\/wp\/v2\/media?parent=7164"}],"wp:term":[{"taxonomy":"product_brand","embeddable":true,"href":"https:\/\/www.3p-gmbh.de\/da\/wp-json\/wp\/v2\/product_brand?post=7164"},{"taxonomy":"product_cat","embeddable":true,"href":"https:\/\/www.3p-gmbh.de\/da\/wp-json\/wp\/v2\/product_cat?post=7164"},{"taxonomy":"product_tag","embeddable":true,"href":"https:\/\/www.3p-gmbh.de\/da\/wp-json\/wp\/v2\/product_tag?post=7164"}],"curies":[{"name":"wp","href":"https:\/\/api.w.org\/{rel}","templated":true}]}}