{"id":7093,"date":"2019-07-11T13:55:58","date_gmt":"2019-07-11T13:55:58","guid":{"rendered":"http:\/\/www.3p-gmbh.de\/produkt\/broschurenheftsystem\/"},"modified":"2019-11-14T09:28:46","modified_gmt":"2019-11-14T09:28:46","slug":"broschurenheftsystem","status":"publish","type":"product","link":"https:\/\/www.3p-gmbh.de\/da\/produkt\/broschurenheftsystem\/","title":{"rendered":"Ernst Nagel Foldnak 8 Broschurenheftsystem"},"content":{"rendered":"<ul>\n<li>Brosch\u00fcrenumfang bis 100 Seiten (80 g\/m\u00b2 Papier)<\/li>\n<li>Papier-Formate DIN A5, A4, A3, A3+, SRA3 (und jedes Zwischenformat)<\/li>\n<li>Brosch\u00fcrenformate DIN A4, A5, A6 (und jedes Zwischenformat)<\/li>\n<li>Umschlag Karton bis ca. 300 g\/m\u00b2<\/li>\n<li>2 Heftk\u00f6pfe 2 mit Magazinkontrolle<\/li>\n<li>Keine Einstellung auf Papierdicke erforderlich<\/li>\n<li>Heftkopfpositionen in mm 30 x 50 x 80 x 50 x 30<\/li>\n<li>Klammerumbieger Clincher (bewegliche Umbieger)<\/li>\n<li>Klammertypen Ringklammern Ri 26\/6<\/li>\n<li>Heftklammern 26\/6, 26\/8, 26\/8S<\/li>\n<li>Produktionsleistung bis zu 2.000 Brosch\u00fcren\/Stunde<\/li>\n<li>Schuppenauslage elektrisch, Hub einstellbar<\/li>\n<li>Blockheftung On-Line, bis 40 Blatt<\/li>\n<\/ul>\n<p>Frontschneider<br \/>\nDie Abpressstation vor dem Beschnitt sorgt f\u00fcr flachliegende Brosch\u00fcren mit scharfem Falz, obenliegende Transportb\u00e4nder sorgen f\u00fcr sicheren Papiertransport auch von dicken Heften, regelbarer Bandnachlauf bewirkt immer ein genaues Anliegen am Anschlag, auch bei schr\u00e4g einlaufenden Heften, Formatwechsel in 30 sec.<\/p>\n<ul>\n<li>Brosch\u00fcrenumfang bis 100 Seiten (80 g\/m\u00b2 Papier)<\/li>\n<li>Brosch\u00fcrenformate A4, A5, A6 (und jedes Zwischenformat), min 10 cm<\/li>\n<li>Produktionsleistung bis zu 2.000 Brosch\u00fcren\/Stunde<\/li>\n<li>Anschluss 230 V, 50 Hz, 600 W<\/li>\n<\/ul>\n","protected":false},"excerpt":{"rendered":"<p>Brosch\u00fcrenumfang bis 100 Seiten (80 g\/m\u00b2 Papier) Papier-Formate DIN A5, A4, A3, A3+, SRA3 (und jedes Zwischenformat) Brosch\u00fcrenformate DIN A4, A5, A6 (und jedes Zwischenformat) Umschlag Karton bis ca. 300 g\/m\u00b2 2 Heftk\u00f6pfe 2 mit Magazinkontrolle Keine Einstellung auf Papierdicke erforderlich Heftkopfpositionen in mm 30 x 50 x 80 x 50 x 30 Klammerumbieger Clincher [&hellip;]<\/p>\n","protected":false},"featured_media":2254,"template":"","meta":[],"product_brand":[],"product_cat":[1747],"product_tag":[],"class_list":{"0":"post-7093","1":"product","2":"type-product","3":"status-publish","4":"has-post-thumbnail","6":"product_cat-broschuerenfertigungssysteme","7":"pa_baujahr-326","8":"pa_hersteller-ernst-nagel","9":"pa_typ-foldnak-8","11":"first","12":"instock","13":"sold-individually","14":"taxable","15":"shipping-taxable","16":"purchasable","17":"product-type-simple"},"jetpack_sharing_enabled":true,"_links":{"self":[{"href":"https:\/\/www.3p-gmbh.de\/da\/wp-json\/wp\/v2\/product\/7093","targetHints":{"allow":["GET"]}}],"collection":[{"href":"https:\/\/www.3p-gmbh.de\/da\/wp-json\/wp\/v2\/product"}],"about":[{"href":"https:\/\/www.3p-gmbh.de\/da\/wp-json\/wp\/v2\/types\/product"}],"wp:featuredmedia":[{"embeddable":true,"href":"https:\/\/www.3p-gmbh.de\/da\/wp-json\/wp\/v2\/media\/2254"}],"wp:attachment":[{"href":"https:\/\/www.3p-gmbh.de\/da\/wp-json\/wp\/v2\/media?parent=7093"}],"wp:term":[{"taxonomy":"product_brand","embeddable":true,"href":"https:\/\/www.3p-gmbh.de\/da\/wp-json\/wp\/v2\/product_brand?post=7093"},{"taxonomy":"product_cat","embeddable":true,"href":"https:\/\/www.3p-gmbh.de\/da\/wp-json\/wp\/v2\/product_cat?post=7093"},{"taxonomy":"product_tag","embeddable":true,"href":"https:\/\/www.3p-gmbh.de\/da\/wp-json\/wp\/v2\/product_tag?post=7093"}],"curies":[{"name":"wp","href":"https:\/\/api.w.org\/{rel}","templated":true}]}}