{"id":7091,"date":"2019-07-11T13:55:58","date_gmt":"2019-07-11T13:55:58","guid":{"rendered":"http:\/\/www.3p-gmbh.de\/produkt\/kreuzbruchfalzwerk-2\/"},"modified":"2020-11-16T11:02:09","modified_gmt":"2020-11-16T11:02:09","slug":"kreuzbruchfalzwerk-2","status":"publish","type":"product","link":"https:\/\/www.3p-gmbh.de\/da\/produkt\/kreuzbruchfalzwerk-2\/","title":{"rendered":"digitales Messerfalzwerk GUK ZK 500 (mobiler Kreuzbruch)"},"content":{"rendered":"<p><strong>digitales Messerfalzwerk GUK ZK 500 (mobiler Kreuzbruch)<br \/>\nBj. 2004<\/strong><\/p>\n<p>Messerfalzwerk in modernster Technik &#8211; elektronisch gesteuert!<br \/>\nZum Anbau an Falzautomaten von GUK sowie an Fremdmaschinen wie Sammelhefter, Zusammentragmaschinen usw.<\/p>\n<ul>\n<li>Drehbares Falzwerk, f\u00fcr deutschen und internationalen Vierbruch<\/li>\n<li>V\u00f6llig ger\u00e4uschloser Antrieb ohne Zahnr\u00e4der \u00fcber Keilriemen und Flachb\u00e4nder<\/li>\n<li>Verschleisslose, elektronisch gesteuerte Drehzahlregelung mit Tachogenerator<\/li>\n<li>Automatische Takteinstellung \u00fcber eine Reflex-Lichtschranke durch den einlaufenden Bogen<\/li>\n<li>Zentrale Walzenverstellung mit Mikroeinstellung<\/li>\n<li>H\u00f6henverstellbar, fahrbar, feststellbar<\/li>\n<li>Elektrik umschaltbar von Automatik auf separaten Betrieb f\u00fcr Fremdmaschinen<\/li>\n<li>Massive Bauweise, wartungsfrei, f\u00fcr Dauerbetrieb ausgelegt<\/li>\n<\/ul>\n<ul>\n<li>Einlaufbreite: max. 48 mm, min. 14,8 mm<\/li>\n<li>Formatl\u00e4nge: max. 31 \/ 41 cm, min. 7 cm<\/li>\n<\/ul>\n<ul>\n<li>Einlaufh\u00f6he(Schwert von oben): max. 875 mm, min. 530 mm<\/li>\n<li>Auslaufh\u00f6he(Schwert von oben): max. 770 mm, min. 425 mm<\/li>\n<li>Einlaufh\u00f6he(Schwert von unten): max. 865 mm, min. 525 mm<\/li>\n<li>Auslaufh\u00f6he(Schwert von unten): max. 970 mm, min. 630 mm<\/li>\n<\/ul>\n<ul>\n<li>Geschwindigkeit: 40 &#8211; 160 m\/Minute, stufenlosregelbar \u00fcber elektronische Drehzahlregelung<\/li>\n<li>Taktzahl:bis ca. 20.000 Takte\/Std<\/li>\n<li>Kraftbedarf: 0,7 kW<\/li>\n<li>Platzbedarf: ca. 0,80 x 1,30 m<\/li>\n<li>Nettogewicht: 220 kg<\/li>\n<\/ul>\n","protected":false},"excerpt":{"rendered":"<p>digitales Messerfalzwerk GUK ZK 500 (mobiler Kreuzbruch) Bj. 2004 Messerfalzwerk in modernster Technik &#8211; elektronisch gesteuert! Zum Anbau an Falzautomaten von GUK sowie an Fremdmaschinen wie Sammelhefter, Zusammentragmaschinen usw. Drehbares Falzwerk, f\u00fcr deutschen und internationalen Vierbruch V\u00f6llig ger\u00e4uschloser Antrieb ohne Zahnr\u00e4der \u00fcber Keilriemen und Flachb\u00e4nder Verschleisslose, elektronisch gesteuerte Drehzahlregelung mit Tachogenerator Automatische Takteinstellung \u00fcber eine [&hellip;]<\/p>\n","protected":false},"featured_media":34929,"template":"","meta":[],"product_brand":[],"product_cat":[1842],"product_tag":[],"class_list":{"0":"post-7091","1":"product","2":"type-product","3":"status-publish","4":"has-post-thumbnail","6":"product_cat-falzwerke","7":"pa_baujahr-198","8":"pa_hersteller-griesser-kunzmann","9":"pa_typ-guk-zk-500","11":"first","12":"instock","13":"sold-individually","14":"taxable","15":"shipping-taxable","16":"purchasable","17":"product-type-simple"},"jetpack_sharing_enabled":true,"_links":{"self":[{"href":"https:\/\/www.3p-gmbh.de\/da\/wp-json\/wp\/v2\/product\/7091","targetHints":{"allow":["GET"]}}],"collection":[{"href":"https:\/\/www.3p-gmbh.de\/da\/wp-json\/wp\/v2\/product"}],"about":[{"href":"https:\/\/www.3p-gmbh.de\/da\/wp-json\/wp\/v2\/types\/product"}],"wp:featuredmedia":[{"embeddable":true,"href":"https:\/\/www.3p-gmbh.de\/da\/wp-json\/wp\/v2\/media\/34929"}],"wp:attachment":[{"href":"https:\/\/www.3p-gmbh.de\/da\/wp-json\/wp\/v2\/media?parent=7091"}],"wp:term":[{"taxonomy":"product_brand","embeddable":true,"href":"https:\/\/www.3p-gmbh.de\/da\/wp-json\/wp\/v2\/product_brand?post=7091"},{"taxonomy":"product_cat","embeddable":true,"href":"https:\/\/www.3p-gmbh.de\/da\/wp-json\/wp\/v2\/product_cat?post=7091"},{"taxonomy":"product_tag","embeddable":true,"href":"https:\/\/www.3p-gmbh.de\/da\/wp-json\/wp\/v2\/product_tag?post=7091"}],"curies":[{"name":"wp","href":"https:\/\/api.w.org\/{rel}","templated":true}]}}