{"id":7038,"date":"2019-07-11T13:55:29","date_gmt":"2019-07-11T13:55:29","guid":{"rendered":"http:\/\/www.3p-gmbh.de\/produkt\/kombifalzmaschine-mit-einstellautomatik\/"},"modified":"2019-08-16T12:01:51","modified_gmt":"2019-08-16T12:01:51","slug":"kombifalzmaschine-mit-einstellautomatik","status":"publish","type":"product","link":"https:\/\/www.3p-gmbh.de\/da\/produkt\/kombifalzmaschine-mit-einstellautomatik\/","title":{"rendered":"Horizon AFC 544 AKT Kombifalzmaschine"},"content":{"rendered":"<p>Hochleistungs-Kombifalzmaschine Horizon AFC-544 AKT mit Einstellautomatik und Flachstapelanleger, Baujahr 2002, bestehend aus 4 Taschen, 1 Schwert mit 2 Taschen (links\/rechts) mit automatischer Verstellung<\/p>\n<ul>\n<li>\u00a0sehr leichte und \u00fcbersichtliche Bedienbarkeit durch Touch&amp;work &#8211; Technologie<\/li>\n<li>grosser 14 Farbmonitor<\/li>\n<li>siebzehn Standardfalzarten, darunter auch f\u00fcnf mit Kreuzbr\u00fcchen, fest programmiert<\/li>\n<li>Einstellautomatik f\u00fcr Taschenanschl\u00e4ge und Bogenweichen<\/li>\n<li>Einstellautomatik f\u00fcr komplette Schwertfalzstation inklusive Einlauflineal<\/li>\n<li>automatische Berechnung der Falzwalzeneinstellung<\/li>\n<li>200 Programmpl\u00e4tze frei programmierbar f\u00fcr wiederkehrende Auftr\u00e4ge<\/li>\n<li>minimalster Platzbedarf durch sehr kompakte Bauweise<\/li>\n<li>stabilster Maschinenbau mit 16 mm Stahlseitenw\u00e4nden und vierfach gelagerten Falzwalzen<\/li>\n<li>garantiert h\u00f6chste Lebensdauer<\/li>\n<li>schr\u00e4gverzahnte Zahnr\u00e4der garantieren synchronen und ger\u00e4uscharmen Maschinenlauf bei minimalstem Verschleiss<\/li>\n<li>Getriebeplatte mit integrierten Scheibenkupplungen sorgt f\u00fcr einen idealen Eingriff der Antriebszahnr\u00e4der bei jeder Falzart und Papierst\u00e4rke<\/li>\n<li>Flachstapelanleger mit Einstapelautomatik und starLift-Trennkopf<\/li>\n<li>Netzwerkf\u00e4hig durch Horizon i2i Steuersoftware (CIP3\/CIP4)<\/li>\n<li>elektronische Doppelbogenkontrolle<\/li>\n<li>Bogenlauf\u00fcberwachung mit St\u00f6rungsanzeige am Monitor<\/li>\n<li>Total- und Vorwahlz\u00e4hler mit Stoppfunktion<\/li>\n<li>Zentralschmierung f\u00fcr Falzwalzenantrieb<\/li>\n<li>Leistungsanzeige<\/li>\n<li>Rill- und Perforiereinrichtung<\/li>\n<li>zentrale stufenlose elektronische Geschwindigkeitsregelung<\/li>\n<li>Soft-PU-Stahlwalzen<\/li>\n<li>Auslage mit Schwenkarm<\/li>\n<li>inklusive L\u00e4rmschutzeinrichtung und Kompressor<\/li>\n<\/ul>\n","protected":false},"excerpt":{"rendered":"<p>Hochleistungs-Kombifalzmaschine Horizon AFC-544 AKT mit Einstellautomatik und Flachstapelanleger, Baujahr 2002, bestehend aus 4 Taschen, 1 Schwert mit 2 Taschen (links\/rechts) mit automatischer Verstellung \u00a0sehr leichte und \u00fcbersichtliche Bedienbarkeit durch Touch&amp;work &#8211; Technologie grosser 14 Farbmonitor siebzehn Standardfalzarten, darunter auch f\u00fcnf mit Kreuzbr\u00fcchen, fest programmiert Einstellautomatik f\u00fcr Taschenanschl\u00e4ge und Bogenweichen Einstellautomatik f\u00fcr komplette Schwertfalzstation inklusive Einlauflineal [&hellip;]<\/p>\n","protected":false},"featured_media":2064,"template":"","meta":[],"product_brand":[],"product_cat":[83],"product_tag":[],"class_list":{"0":"post-7038","1":"product","2":"type-product","3":"status-publish","4":"has-post-thumbnail","6":"product_cat-falzmaschinen","7":"pa_baujahr-153","8":"pa_hersteller-horizon","9":"pa_typ-afc-544-akt","11":"first","12":"instock","13":"sold-individually","14":"taxable","15":"shipping-taxable","16":"purchasable","17":"product-type-simple"},"jetpack_sharing_enabled":true,"_links":{"self":[{"href":"https:\/\/www.3p-gmbh.de\/da\/wp-json\/wp\/v2\/product\/7038","targetHints":{"allow":["GET"]}}],"collection":[{"href":"https:\/\/www.3p-gmbh.de\/da\/wp-json\/wp\/v2\/product"}],"about":[{"href":"https:\/\/www.3p-gmbh.de\/da\/wp-json\/wp\/v2\/types\/product"}],"wp:featuredmedia":[{"embeddable":true,"href":"https:\/\/www.3p-gmbh.de\/da\/wp-json\/wp\/v2\/media\/2064"}],"wp:attachment":[{"href":"https:\/\/www.3p-gmbh.de\/da\/wp-json\/wp\/v2\/media?parent=7038"}],"wp:term":[{"taxonomy":"product_brand","embeddable":true,"href":"https:\/\/www.3p-gmbh.de\/da\/wp-json\/wp\/v2\/product_brand?post=7038"},{"taxonomy":"product_cat","embeddable":true,"href":"https:\/\/www.3p-gmbh.de\/da\/wp-json\/wp\/v2\/product_cat?post=7038"},{"taxonomy":"product_tag","embeddable":true,"href":"https:\/\/www.3p-gmbh.de\/da\/wp-json\/wp\/v2\/product_tag?post=7038"}],"curies":[{"name":"wp","href":"https:\/\/api.w.org\/{rel}","templated":true}]}}