{"id":6991,"date":"2019-07-11T13:55:08","date_gmt":"2019-07-11T13:55:08","guid":{"rendered":"http:\/\/www.3p-gmbh.de\/produkt\/grossformat-abstapler\/"},"modified":"2019-08-16T14:14:23","modified_gmt":"2019-08-16T14:14:23","slug":"grossformat-abstapler","status":"publish","type":"product","link":"https:\/\/www.3p-gmbh.de\/da\/produkt\/grossformat-abstapler\/","title":{"rendered":"Baumann BA 6 N Grossformat-Abstapler"},"content":{"rendered":"<ul>\n<li>Lagenbild max. [mm] 1050 x 1450<\/li>\n<li>Stapelh\u00f6he [mm] 1100<\/li>\n<li>Lagengewicht [kg] 300<\/li>\n<li>Palettenh\u00f6he min. [mm] 130<\/li>\n<\/ul>\n<p>Die m\u00fchelose und wirtschaftliche Art, Einzel- und Mehrfachnutzen mit hoher Pr\u00e4zision abzustapeln. Das manuelle Absetzen von geschnittenen oder geschnittenen Produkten kostet Zeit und Kraft. Dieser Prozess wird durch Ablader automatisiert. Das Material auf Tischniveau uebernommen. Der Stapel befindet sich unterhalb des Tisches. Es wird nur nach unten abgestapelt &#8211; die Stapelh\u00f6he betr\u00e4gt max. 1100 mm.<\/p>\n","protected":false},"excerpt":{"rendered":"<p>Lagenbild max. [mm] 1050 x 1450 Stapelh\u00f6he [mm] 1100 Lagengewicht [kg] 300 Palettenh\u00f6he min. [mm] 130 Die m\u00fchelose und wirtschaftliche Art, Einzel- und Mehrfachnutzen mit hoher Pr\u00e4zision abzustapeln. Das manuelle Absetzen von geschnittenen oder geschnittenen Produkten kostet Zeit und Kraft. Dieser Prozess wird durch Ablader automatisiert. Das Material auf Tischniveau uebernommen. Der Stapel befindet sich [&hellip;]<\/p>\n","protected":false},"featured_media":1877,"template":"","meta":[],"product_brand":[],"product_cat":[788],"product_tag":[],"class_list":{"0":"post-6991","1":"product","2":"type-product","3":"status-publish","4":"has-post-thumbnail","6":"product_cat-schneidemaschinen","7":"pa_baujahr-150","8":"pa_hersteller-wohlenberg-baumann","9":"pa_typ-ba-6-n","11":"first","12":"instock","13":"sold-individually","14":"taxable","15":"shipping-taxable","16":"purchasable","17":"product-type-simple"},"jetpack_sharing_enabled":true,"_links":{"self":[{"href":"https:\/\/www.3p-gmbh.de\/da\/wp-json\/wp\/v2\/product\/6991","targetHints":{"allow":["GET"]}}],"collection":[{"href":"https:\/\/www.3p-gmbh.de\/da\/wp-json\/wp\/v2\/product"}],"about":[{"href":"https:\/\/www.3p-gmbh.de\/da\/wp-json\/wp\/v2\/types\/product"}],"wp:featuredmedia":[{"embeddable":true,"href":"https:\/\/www.3p-gmbh.de\/da\/wp-json\/wp\/v2\/media\/1877"}],"wp:attachment":[{"href":"https:\/\/www.3p-gmbh.de\/da\/wp-json\/wp\/v2\/media?parent=6991"}],"wp:term":[{"taxonomy":"product_brand","embeddable":true,"href":"https:\/\/www.3p-gmbh.de\/da\/wp-json\/wp\/v2\/product_brand?post=6991"},{"taxonomy":"product_cat","embeddable":true,"href":"https:\/\/www.3p-gmbh.de\/da\/wp-json\/wp\/v2\/product_cat?post=6991"},{"taxonomy":"product_tag","embeddable":true,"href":"https:\/\/www.3p-gmbh.de\/da\/wp-json\/wp\/v2\/product_tag?post=6991"}],"curies":[{"name":"wp","href":"https:\/\/api.w.org\/{rel}","templated":true}]}}