{"id":6949,"date":"2019-07-11T13:54:40","date_gmt":"2019-07-11T13:54:40","guid":{"rendered":"http:\/\/www.3p-gmbh.de\/produkt\/plattenstapler-2\/"},"modified":"2019-11-08T11:20:21","modified_gmt":"2019-11-08T11:20:21","slug":"plattenstapler-2","status":"publish","type":"product","link":"https:\/\/www.3p-gmbh.de\/da\/produkt\/plattenstapler-2\/","title":{"rendered":"Grafoteam PST 480 C Plattenstapler"},"content":{"rendered":"<p>Der Plattenstapler zeichnet sich durch seine kompakte und flexible Bauweise aus und ist die ideale L\u00f6sung f\u00fcr automatische Produktionsabl\u00e4ufe. F\u00fcr h\u00f6chste Sicherheit ist der PST mit einer \u00dcberlastelektronik ausgestattet. Fehler werden akustisch und optisch angezeigt.<\/p>\n<ul>\n<li>Einstellbare Transportfinger f\u00fcr Plattengr\u00f6sse von min. 324 x 394 [mm] max. 1160 x 940 [mm]<\/li>\n<li>Der PST 48 verf\u00fcgt f\u00fcr verschiedene Plattenbelichterkonfigurationen \u00fcber eine elektronische Schnittstelle<\/li>\n<li>Einstellbare Geschwindigkeit der Transportb\u00e4nder<\/li>\n<li>Magnete f\u00fcr genaue Positionierung des Plattenwagens<\/li>\n<li>F\u00fcr Servicearbeiten an der Plattenentwicklungsmaschine k\u00f6nnen die Transportarme hochgestellt werden<\/li>\n<\/ul>\n","protected":false},"excerpt":{"rendered":"<p>Der Plattenstapler zeichnet sich durch seine kompakte und flexible Bauweise aus und ist die ideale L\u00f6sung f\u00fcr automatische Produktionsabl\u00e4ufe. F\u00fcr h\u00f6chste Sicherheit ist der PST mit einer \u00dcberlastelektronik ausgestattet. Fehler werden akustisch und optisch angezeigt. Einstellbare Transportfinger f\u00fcr Plattengr\u00f6sse von min. 324 x 394 [mm] max. 1160 x 940 [mm] Der PST 48 verf\u00fcgt f\u00fcr [&hellip;]<\/p>\n","protected":false},"featured_media":1729,"template":"","meta":[],"product_brand":[],"product_cat":[1787],"product_tag":[],"class_list":{"0":"post-6949","1":"product","2":"type-product","3":"status-publish","4":"has-post-thumbnail","6":"product_cat-druckplattenverarbeitung","7":"pa_baujahr-326","8":"pa_hersteller-grafoteam","9":"pa_typ-pst-480-c","11":"first","12":"instock","13":"sold-individually","14":"taxable","15":"shipping-taxable","16":"purchasable","17":"product-type-simple"},"jetpack_sharing_enabled":true,"_links":{"self":[{"href":"https:\/\/www.3p-gmbh.de\/da\/wp-json\/wp\/v2\/product\/6949","targetHints":{"allow":["GET"]}}],"collection":[{"href":"https:\/\/www.3p-gmbh.de\/da\/wp-json\/wp\/v2\/product"}],"about":[{"href":"https:\/\/www.3p-gmbh.de\/da\/wp-json\/wp\/v2\/types\/product"}],"wp:featuredmedia":[{"embeddable":true,"href":"https:\/\/www.3p-gmbh.de\/da\/wp-json\/wp\/v2\/media\/1729"}],"wp:attachment":[{"href":"https:\/\/www.3p-gmbh.de\/da\/wp-json\/wp\/v2\/media?parent=6949"}],"wp:term":[{"taxonomy":"product_brand","embeddable":true,"href":"https:\/\/www.3p-gmbh.de\/da\/wp-json\/wp\/v2\/product_brand?post=6949"},{"taxonomy":"product_cat","embeddable":true,"href":"https:\/\/www.3p-gmbh.de\/da\/wp-json\/wp\/v2\/product_cat?post=6949"},{"taxonomy":"product_tag","embeddable":true,"href":"https:\/\/www.3p-gmbh.de\/da\/wp-json\/wp\/v2\/product_tag?post=6949"}],"curies":[{"name":"wp","href":"https:\/\/api.w.org\/{rel}","templated":true}]}}