{"id":6906,"date":"2019-07-11T13:54:29","date_gmt":"2019-07-11T13:54:29","guid":{"rendered":"http:\/\/www.3p-gmbh.de\/produkt\/icc-profilierungssoftware\/"},"modified":"2019-08-26T12:29:16","modified_gmt":"2019-08-26T12:29:16","slug":"icc-profilierungssoftware","status":"publish","type":"product","link":"https:\/\/www.3p-gmbh.de\/da\/produkt\/icc-profilierungssoftware\/","title":{"rendered":"Gretag Macbeth ProfileMaker ICC-Profilierungssoftware"},"content":{"rendered":"<p>ProfileMaker Professional ist ein umfassendes Programmpaket zur Erstellung von ICC-Profilen f\u00fcr Ein- und Ausgabeger\u00e4te, wobei auch Mehrfarbenprozesse bis zu 10 Volltonfarben unterst\u00fctzt werden. Dar\u00fcber hinaus k\u00f6nnen Sie \u00fcber die entsprechenden Programmmodule Messdateien vergleichen und mitteln, ICC-Profile editieren, PANTONE-Farben in Geraetefarben umrechnen, CxF-Dateien schreiben und lesen und vieles mehr.<\/p>\n<ul>\n<li>ProfileMaker Input<\/li>\n<li>Erstellung von ICC-Profilen f\u00fcr Scanner inkl. Auflicht-, Durchlicht- und Dia-Testchart mit Referenzdateien (IT8-Charts)<\/li>\n<li>ProfileMaker Monitor<\/li>\n<li>Erstellung von ICC-Profilen fuer CRT- und LCD Monitore<\/li>\n<li>Kalibrierung von Monitoren<\/li>\n<li>ProfileMaker Output<\/li>\n<li>Erstellung von ICC-Profilen fuer RGB- CMYK- und 6-Farb-Druckprozesse<\/li>\n<\/ul>\n","protected":false},"excerpt":{"rendered":"<p>ProfileMaker Professional ist ein umfassendes Programmpaket zur Erstellung von ICC-Profilen f\u00fcr Ein- und Ausgabeger\u00e4te, wobei auch Mehrfarbenprozesse bis zu 10 Volltonfarben unterst\u00fctzt werden. Dar\u00fcber hinaus k\u00f6nnen Sie \u00fcber die entsprechenden Programmmodule Messdateien vergleichen und mitteln, ICC-Profile editieren, PANTONE-Farben in Geraetefarben umrechnen, CxF-Dateien schreiben und lesen und vieles mehr. ProfileMaker Input Erstellung von ICC-Profilen f\u00fcr Scanner [&hellip;]<\/p>\n","protected":false},"featured_media":1585,"template":"","meta":[],"product_brand":[],"product_cat":[699],"product_tag":[],"class_list":{"0":"post-6906","1":"product","2":"type-product","3":"status-publish","4":"has-post-thumbnail","6":"product_cat-druckvorstufen-software","7":"pa_baujahr-326","8":"pa_hersteller-gretag-macbeth","9":"pa_typ-profilemaker-publish-pro-version-5-1","11":"first","12":"instock","13":"sold-individually","14":"taxable","15":"shipping-taxable","16":"purchasable","17":"product-type-simple"},"jetpack_sharing_enabled":true,"_links":{"self":[{"href":"https:\/\/www.3p-gmbh.de\/da\/wp-json\/wp\/v2\/product\/6906","targetHints":{"allow":["GET"]}}],"collection":[{"href":"https:\/\/www.3p-gmbh.de\/da\/wp-json\/wp\/v2\/product"}],"about":[{"href":"https:\/\/www.3p-gmbh.de\/da\/wp-json\/wp\/v2\/types\/product"}],"wp:featuredmedia":[{"embeddable":true,"href":"https:\/\/www.3p-gmbh.de\/da\/wp-json\/wp\/v2\/media\/1585"}],"wp:attachment":[{"href":"https:\/\/www.3p-gmbh.de\/da\/wp-json\/wp\/v2\/media?parent=6906"}],"wp:term":[{"taxonomy":"product_brand","embeddable":true,"href":"https:\/\/www.3p-gmbh.de\/da\/wp-json\/wp\/v2\/product_brand?post=6906"},{"taxonomy":"product_cat","embeddable":true,"href":"https:\/\/www.3p-gmbh.de\/da\/wp-json\/wp\/v2\/product_cat?post=6906"},{"taxonomy":"product_tag","embeddable":true,"href":"https:\/\/www.3p-gmbh.de\/da\/wp-json\/wp\/v2\/product_tag?post=6906"}],"curies":[{"name":"wp","href":"https:\/\/api.w.org\/{rel}","templated":true}]}}