{"id":6800,"date":"2019-07-11T13:53:31","date_gmt":"2019-07-11T13:53:31","guid":{"rendered":"http:\/\/www.3p-gmbh.de\/produkt\/komplette-laengsperforation\/"},"modified":"2019-09-13T13:20:30","modified_gmt":"2019-09-13T13:20:30","slug":"komplette-laengsperforation","status":"publish","type":"product","link":"https:\/\/www.3p-gmbh.de\/da\/produkt\/komplette-laengsperforation\/","title":{"rendered":"Heidelberg L\u00e4ngsperforation f\u00fcr SM 52"},"content":{"rendered":"<ul>\n<li>komplette L\u00e4ngsperforation f\u00fcr Heidelberg Speedmaster SM 52<\/li>\n<li>mit 3 Perforierarmen<\/li>\n<li>zus\u00e4tzliche Perforierarme verf\u00fcgbar<\/li>\n<\/ul>\n","protected":false},"excerpt":{"rendered":"<p>komplette L\u00e4ngsperforation f\u00fcr Heidelberg Speedmaster SM 52 mit 3 Perforierarmen zus\u00e4tzliche Perforierarme verf\u00fcgbar<\/p>\n","protected":false},"featured_media":1267,"template":"","meta":[],"product_brand":[],"product_cat":[418],"product_tag":[],"class_list":{"0":"post-6800","1":"product","2":"type-product","3":"status-publish","4":"has-post-thumbnail","6":"product_cat-druckmaschinenzubehoer-und-ersatzteile","7":"pa_baujahr-137","8":"pa_hersteller-heidelberger-druckmaschinen","9":"pa_typ-laengsperforation-heidelberg-speedmaster","11":"first","12":"instock","13":"sold-individually","14":"taxable","15":"shipping-taxable","16":"purchasable","17":"product-type-simple"},"jetpack_sharing_enabled":true,"_links":{"self":[{"href":"https:\/\/www.3p-gmbh.de\/da\/wp-json\/wp\/v2\/product\/6800","targetHints":{"allow":["GET"]}}],"collection":[{"href":"https:\/\/www.3p-gmbh.de\/da\/wp-json\/wp\/v2\/product"}],"about":[{"href":"https:\/\/www.3p-gmbh.de\/da\/wp-json\/wp\/v2\/types\/product"}],"wp:featuredmedia":[{"embeddable":true,"href":"https:\/\/www.3p-gmbh.de\/da\/wp-json\/wp\/v2\/media\/1267"}],"wp:attachment":[{"href":"https:\/\/www.3p-gmbh.de\/da\/wp-json\/wp\/v2\/media?parent=6800"}],"wp:term":[{"taxonomy":"product_brand","embeddable":true,"href":"https:\/\/www.3p-gmbh.de\/da\/wp-json\/wp\/v2\/product_brand?post=6800"},{"taxonomy":"product_cat","embeddable":true,"href":"https:\/\/www.3p-gmbh.de\/da\/wp-json\/wp\/v2\/product_cat?post=6800"},{"taxonomy":"product_tag","embeddable":true,"href":"https:\/\/www.3p-gmbh.de\/da\/wp-json\/wp\/v2\/product_tag?post=6800"}],"curies":[{"name":"wp","href":"https:\/\/api.w.org\/{rel}","templated":true}]}}