{"id":6790,"date":"2019-07-11T13:53:31","date_gmt":"2019-07-11T13:53:31","guid":{"rendered":"http:\/\/www.3p-gmbh.de\/produkt\/druckplatten-bieger\/"},"modified":"2019-09-11T14:12:37","modified_gmt":"2019-09-11T14:12:37","slug":"druckplatten-bieger","status":"publish","type":"product","link":"https:\/\/www.3p-gmbh.de\/da\/produkt\/druckplatten-bieger\/","title":{"rendered":"Beil PB S 40 Druckplatten-Abkantung"},"content":{"rendered":"<ul>\n<li>Standmodell<\/li>\n<li>Druckplattenbreite bis 1055 mm<\/li>\n<li>Ausf\u00fchrung Schr\u00e4gtisch<\/li>\n<li>manuelle Ausl\u00f6sung \u00fcber Hebel<\/li>\n<li>Ergonomische Arbeitsh\u00f6he<\/li>\n<li>Biegegeometrie f\u00fcr Komori Lithrone Druckmaschinen<\/li>\n<li>Druckplattenentnahme durch Entnahmeschlitz<\/li>\n<li>Druckplattenfixierung \u00fcber gummibeschichteten Klemmbalken<\/li>\n<li>Robuste Qualit\u00e4tsbauweise f\u00fcr besondere Langlebigkeit<\/li>\n<li>Produktteile sind aus hochwertigen Materialien<\/li>\n<\/ul>\n","protected":false},"excerpt":{"rendered":"<p>Standmodell Druckplattenbreite bis 1055 mm Ausf\u00fchrung Schr\u00e4gtisch manuelle Ausl\u00f6sung \u00fcber Hebel Ergonomische Arbeitsh\u00f6he Biegegeometrie f\u00fcr Komori Lithrone Druckmaschinen Druckplattenentnahme durch Entnahmeschlitz Druckplattenfixierung \u00fcber gummibeschichteten Klemmbalken Robuste Qualit\u00e4tsbauweise f\u00fcr besondere Langlebigkeit Produktteile sind aus hochwertigen Materialien<\/p>\n","protected":false},"featured_media":1237,"template":"","meta":[],"product_brand":[],"product_cat":[418],"product_tag":[],"class_list":{"0":"post-6790","1":"product","2":"type-product","3":"status-publish","4":"has-post-thumbnail","6":"product_cat-druckmaschinenzubehoer-und-ersatzteile","7":"pa_baujahr-205","8":"pa_hersteller-beil-komori-lithrone","9":"pa_typ-pb-s40-hbm","11":"first","12":"instock","13":"sold-individually","14":"taxable","15":"shipping-taxable","16":"purchasable","17":"product-type-simple"},"jetpack_sharing_enabled":true,"_links":{"self":[{"href":"https:\/\/www.3p-gmbh.de\/da\/wp-json\/wp\/v2\/product\/6790","targetHints":{"allow":["GET"]}}],"collection":[{"href":"https:\/\/www.3p-gmbh.de\/da\/wp-json\/wp\/v2\/product"}],"about":[{"href":"https:\/\/www.3p-gmbh.de\/da\/wp-json\/wp\/v2\/types\/product"}],"wp:featuredmedia":[{"embeddable":true,"href":"https:\/\/www.3p-gmbh.de\/da\/wp-json\/wp\/v2\/media\/1237"}],"wp:attachment":[{"href":"https:\/\/www.3p-gmbh.de\/da\/wp-json\/wp\/v2\/media?parent=6790"}],"wp:term":[{"taxonomy":"product_brand","embeddable":true,"href":"https:\/\/www.3p-gmbh.de\/da\/wp-json\/wp\/v2\/product_brand?post=6790"},{"taxonomy":"product_cat","embeddable":true,"href":"https:\/\/www.3p-gmbh.de\/da\/wp-json\/wp\/v2\/product_cat?post=6790"},{"taxonomy":"product_tag","embeddable":true,"href":"https:\/\/www.3p-gmbh.de\/da\/wp-json\/wp\/v2\/product_tag?post=6790"}],"curies":[{"name":"wp","href":"https:\/\/api.w.org\/{rel}","templated":true}]}}