{"id":6772,"date":"2019-07-11T13:53:23","date_gmt":"2019-07-11T13:53:23","guid":{"rendered":"http:\/\/www.3p-gmbh.de\/produkt\/draabe-reinwasseraufbereitungssystem\/"},"modified":"2019-09-17T10:12:59","modified_gmt":"2019-09-17T10:12:59","slug":"draabe-reinwasseraufbereitungssystem","status":"publish","type":"product","link":"https:\/\/www.3p-gmbh.de\/da\/produkt\/draabe-reinwasseraufbereitungssystem\/","title":{"rendered":"Draabe DI-Puls Reinwasseraufbereitungssystem"},"content":{"rendered":"<p>Das Wasseraufbereitungssystem mit Luftbefeuchtungssystem DI-Puls zur Versorgung mit Prozesswasser und Luftbefeuchtungsanlage im Drucksaal aus Baujahr 2003 ist ausgelegt f\u00fcr eine Halle von ca. 3000 Quadratmetern, bestehend aus:<\/p>\n<ul>\n<li>Installationsschiene<\/li>\n<li>Wasserenth\u00e4rter AC 40-100<\/li>\n<li>1 Expansionsspeicher<\/li>\n<li>Reinwasserspeicher 400 Liter mit Betriebsdruck 10 bar<\/li>\n<li>Dosierung f\u00fcr Aqua Plus DOS 05 D 100R<\/li>\n<li>St\u00f6rmeldeeinheit f\u00fcr DI-Puls<\/li>\n<li>3 Hygrostate SA zur messtechnischen \u00dcberwachung<\/li>\n<li>Verrohrung (zerlegt)<\/li>\n<li>7 Stck DRAABE Hochdruck Reinwasservernebler DI-Flex HT einschliesslich Wandhalterung<\/li>\n<li>ohne Druckluftleitung und Verkabelung<\/li>\n<\/ul>\n<p>Achtung: Das Container Reinwassersystem Concept 2000 Typ CSF 2121 sowie das Draabe Hochdrucksystem HPS 200 muss gesondert von Draabe angemietet werden und wird dann alle 6-8 Monate im St\u00fcck zur Wartung ausgetauscht, die Miete in Deutschland betr\u00e4gt circa 200 Euro pro Monat inklusive der Wartung der beiden Container.<\/p>\n","protected":false},"excerpt":{"rendered":"<p>Das Wasseraufbereitungssystem mit Luftbefeuchtungssystem DI-Puls zur Versorgung mit Prozesswasser und Luftbefeuchtungsanlage im Drucksaal aus Baujahr 2003 ist ausgelegt f\u00fcr eine Halle von ca. 3000 Quadratmetern, bestehend aus: Installationsschiene Wasserenth\u00e4rter AC 40-100 1 Expansionsspeicher Reinwasserspeicher 400 Liter mit Betriebsdruck 10 bar Dosierung f\u00fcr Aqua Plus DOS 05 D 100R St\u00f6rmeldeeinheit f\u00fcr DI-Puls 3 Hygrostate SA zur [&hellip;]<\/p>\n","protected":false},"featured_media":1176,"template":"","meta":[],"product_brand":[],"product_cat":[418],"product_tag":[],"class_list":{"0":"post-6772","1":"product","2":"type-product","3":"status-publish","4":"has-post-thumbnail","6":"product_cat-druckmaschinenzubehoer-und-ersatzteile","7":"pa_baujahr-182","8":"pa_hersteller-draabe","9":"pa_typ-luftbefeuchtungssystem-di-puls","11":"first","12":"instock","13":"sold-individually","14":"taxable","15":"shipping-taxable","16":"purchasable","17":"product-type-simple"},"jetpack_sharing_enabled":true,"_links":{"self":[{"href":"https:\/\/www.3p-gmbh.de\/da\/wp-json\/wp\/v2\/product\/6772","targetHints":{"allow":["GET"]}}],"collection":[{"href":"https:\/\/www.3p-gmbh.de\/da\/wp-json\/wp\/v2\/product"}],"about":[{"href":"https:\/\/www.3p-gmbh.de\/da\/wp-json\/wp\/v2\/types\/product"}],"wp:featuredmedia":[{"embeddable":true,"href":"https:\/\/www.3p-gmbh.de\/da\/wp-json\/wp\/v2\/media\/1176"}],"wp:attachment":[{"href":"https:\/\/www.3p-gmbh.de\/da\/wp-json\/wp\/v2\/media?parent=6772"}],"wp:term":[{"taxonomy":"product_brand","embeddable":true,"href":"https:\/\/www.3p-gmbh.de\/da\/wp-json\/wp\/v2\/product_brand?post=6772"},{"taxonomy":"product_cat","embeddable":true,"href":"https:\/\/www.3p-gmbh.de\/da\/wp-json\/wp\/v2\/product_cat?post=6772"},{"taxonomy":"product_tag","embeddable":true,"href":"https:\/\/www.3p-gmbh.de\/da\/wp-json\/wp\/v2\/product_tag?post=6772"}],"curies":[{"name":"wp","href":"https:\/\/api.w.org\/{rel}","templated":true}]}}