{"id":6739,"date":"2019-07-11T13:53:09","date_gmt":"2019-07-11T13:53:09","guid":{"rendered":"http:\/\/www.3p-gmbh.de\/produkt\/feuchtwalzen-reinigungsgeraet\/"},"modified":"2019-09-18T12:21:01","modified_gmt":"2019-09-18T12:21:01","slug":"feuchtwalzen-reinigungsgeraet","status":"publish","type":"product","link":"https:\/\/www.3p-gmbh.de\/da\/produkt\/feuchtwalzen-reinigungsgeraet\/","title":{"rendered":"Stamm FWRA-3000 Feuchtwalzen-Reinigungsger\u00e4t"},"content":{"rendered":"<ul>\n<li>f\u00fcr Reinigung der Walzenbez\u00fcge nur mit Wasser<\/li>\n<li>f\u00fcr 3 Walzen bis 100 cm L\u00e4nge<\/li>\n<li>l\u00e4ngere Lebensdauer der Walzenbez\u00fcge<\/li>\n<li>Trocknung der Bez\u00fcge ohne manuelle Behandlung<\/li>\n<li>extrem kurze Reinigungszeit<\/li>\n<\/ul>\n","protected":false},"excerpt":{"rendered":"<p>f\u00fcr Reinigung der Walzenbez\u00fcge nur mit Wasser f\u00fcr 3 Walzen bis 100 cm L\u00e4nge l\u00e4ngere Lebensdauer der Walzenbez\u00fcge Trocknung der Bez\u00fcge ohne manuelle Behandlung extrem kurze Reinigungszeit<\/p>\n","protected":false},"featured_media":1081,"template":"","meta":[],"product_brand":[],"product_cat":[418],"product_tag":[],"class_list":{"0":"post-6739","1":"product","2":"type-product","3":"status-publish","4":"has-post-thumbnail","6":"product_cat-druckmaschinenzubehoer-und-ersatzteile","7":"pa_hersteller-herbert-stamm","8":"pa_typ-fwra-3000","10":"first","11":"instock","12":"sold-individually","13":"taxable","14":"shipping-taxable","15":"purchasable","16":"product-type-simple"},"jetpack_sharing_enabled":true,"_links":{"self":[{"href":"https:\/\/www.3p-gmbh.de\/da\/wp-json\/wp\/v2\/product\/6739","targetHints":{"allow":["GET"]}}],"collection":[{"href":"https:\/\/www.3p-gmbh.de\/da\/wp-json\/wp\/v2\/product"}],"about":[{"href":"https:\/\/www.3p-gmbh.de\/da\/wp-json\/wp\/v2\/types\/product"}],"wp:featuredmedia":[{"embeddable":true,"href":"https:\/\/www.3p-gmbh.de\/da\/wp-json\/wp\/v2\/media\/1081"}],"wp:attachment":[{"href":"https:\/\/www.3p-gmbh.de\/da\/wp-json\/wp\/v2\/media?parent=6739"}],"wp:term":[{"taxonomy":"product_brand","embeddable":true,"href":"https:\/\/www.3p-gmbh.de\/da\/wp-json\/wp\/v2\/product_brand?post=6739"},{"taxonomy":"product_cat","embeddable":true,"href":"https:\/\/www.3p-gmbh.de\/da\/wp-json\/wp\/v2\/product_cat?post=6739"},{"taxonomy":"product_tag","embeddable":true,"href":"https:\/\/www.3p-gmbh.de\/da\/wp-json\/wp\/v2\/product_tag?post=6739"}],"curies":[{"name":"wp","href":"https:\/\/api.w.org\/{rel}","templated":true}]}}