{"id":6710,"date":"2019-07-11T13:53:00","date_gmt":"2019-07-11T13:53:00","guid":{"rendered":"http:\/\/www.3p-gmbh.de\/produkt\/kuvertdruck-hilfe\/"},"modified":"2019-11-07T09:07:19","modified_gmt":"2019-11-07T09:07:19","slug":"kuvertdruck-hilfe","status":"publish","type":"product","link":"https:\/\/www.3p-gmbh.de\/da\/produkt\/kuvertdruck-hilfe\/","title":{"rendered":"JustFeed Universal Kuvertdruck-Kit"},"content":{"rendered":"<ul>\n<li>komplettes Set JustFeed Universal<\/li>\n<li>voll funktionsf\u00e4hig<\/li>\n<li>vier Stapelhilfen gleichen die H\u00f6henunterschiede bei eingestapelten Kuverts aus<\/li>\n<li>f\u00fcr die Formate DIN C5\/C6, B5, C4, B4<\/li>\n<\/ul>\n","protected":false},"excerpt":{"rendered":"<p>komplettes Set JustFeed Universal voll funktionsf\u00e4hig vier Stapelhilfen gleichen die H\u00f6henunterschiede bei eingestapelten Kuverts aus f\u00fcr die Formate DIN C5\/C6, B5, C4, B4<\/p>\n","protected":false},"featured_media":987,"template":"","meta":[],"product_brand":[],"product_cat":[418],"product_tag":[],"class_list":{"0":"post-6710","1":"product","2":"type-product","3":"status-publish","4":"has-post-thumbnail","6":"product_cat-druckmaschinenzubehoer-und-ersatzteile","7":"pa_baujahr-168","8":"pa_hersteller-justfeed","9":"pa_typ-justfeed-universal","11":"first","12":"instock","13":"sold-individually","14":"taxable","15":"shipping-taxable","16":"purchasable","17":"product-type-simple"},"jetpack_sharing_enabled":true,"_links":{"self":[{"href":"https:\/\/www.3p-gmbh.de\/da\/wp-json\/wp\/v2\/product\/6710","targetHints":{"allow":["GET"]}}],"collection":[{"href":"https:\/\/www.3p-gmbh.de\/da\/wp-json\/wp\/v2\/product"}],"about":[{"href":"https:\/\/www.3p-gmbh.de\/da\/wp-json\/wp\/v2\/types\/product"}],"wp:featuredmedia":[{"embeddable":true,"href":"https:\/\/www.3p-gmbh.de\/da\/wp-json\/wp\/v2\/media\/987"}],"wp:attachment":[{"href":"https:\/\/www.3p-gmbh.de\/da\/wp-json\/wp\/v2\/media?parent=6710"}],"wp:term":[{"taxonomy":"product_brand","embeddable":true,"href":"https:\/\/www.3p-gmbh.de\/da\/wp-json\/wp\/v2\/product_brand?post=6710"},{"taxonomy":"product_cat","embeddable":true,"href":"https:\/\/www.3p-gmbh.de\/da\/wp-json\/wp\/v2\/product_cat?post=6710"},{"taxonomy":"product_tag","embeddable":true,"href":"https:\/\/www.3p-gmbh.de\/da\/wp-json\/wp\/v2\/product_tag?post=6710"}],"curies":[{"name":"wp","href":"https:\/\/api.w.org\/{rel}","templated":true}]}}