{"id":6707,"date":"2019-07-11T13:53:00","date_gmt":"2019-07-11T13:53:00","guid":{"rendered":"http:\/\/www.3p-gmbh.de\/produkt\/bahnlaufregelsystem\/"},"modified":"2019-09-18T13:06:52","modified_gmt":"2019-09-18T13:06:52","slug":"bahnlaufregelsystem","status":"publish","type":"product","link":"https:\/\/www.3p-gmbh.de\/da\/produkt\/bahnlaufregelsystem\/","title":{"rendered":"Elguider Bahnlaufregelsystem"},"content":{"rendered":"<p>Das Bahnlaufregelsystem ELGUIDER mit DCS Steuerung hat eine Arbeitsbreite von 800 mm. Die Eliminierung von Fehlereinflussgr\u00f6ssen, die permanente positionsgenaue Ausrichtung der Bahn sowie die Gew\u00e4hrleistung eines pr\u00e4zisen Wickelaufbaus ist Aufgabe dieses Systems.<\/p>\n","protected":false},"excerpt":{"rendered":"<p>Das Bahnlaufregelsystem ELGUIDER mit DCS Steuerung hat eine Arbeitsbreite von 800 mm. Die Eliminierung von Fehlereinflussgr\u00f6ssen, die permanente positionsgenaue Ausrichtung der Bahn sowie die Gew\u00e4hrleistung eines pr\u00e4zisen Wickelaufbaus ist Aufgabe dieses Systems.<\/p>\n","protected":false},"featured_media":972,"template":"","meta":[],"product_brand":[],"product_cat":[418],"product_tag":[],"class_list":{"0":"post-6707","1":"product","2":"type-product","3":"status-publish","4":"has-post-thumbnail","6":"product_cat-druckmaschinenzubehoer-und-ersatzteile","7":"pa_baujahr-198","8":"pa_hersteller-erhardtleimer-gmbh","9":"pa_typ-elguider","11":"first","12":"instock","13":"sold-individually","14":"taxable","15":"shipping-taxable","16":"purchasable","17":"product-type-simple"},"jetpack_sharing_enabled":true,"_links":{"self":[{"href":"https:\/\/www.3p-gmbh.de\/da\/wp-json\/wp\/v2\/product\/6707","targetHints":{"allow":["GET"]}}],"collection":[{"href":"https:\/\/www.3p-gmbh.de\/da\/wp-json\/wp\/v2\/product"}],"about":[{"href":"https:\/\/www.3p-gmbh.de\/da\/wp-json\/wp\/v2\/types\/product"}],"wp:featuredmedia":[{"embeddable":true,"href":"https:\/\/www.3p-gmbh.de\/da\/wp-json\/wp\/v2\/media\/972"}],"wp:attachment":[{"href":"https:\/\/www.3p-gmbh.de\/da\/wp-json\/wp\/v2\/media?parent=6707"}],"wp:term":[{"taxonomy":"product_brand","embeddable":true,"href":"https:\/\/www.3p-gmbh.de\/da\/wp-json\/wp\/v2\/product_brand?post=6707"},{"taxonomy":"product_cat","embeddable":true,"href":"https:\/\/www.3p-gmbh.de\/da\/wp-json\/wp\/v2\/product_cat?post=6707"},{"taxonomy":"product_tag","embeddable":true,"href":"https:\/\/www.3p-gmbh.de\/da\/wp-json\/wp\/v2\/product_tag?post=6707"}],"curies":[{"name":"wp","href":"https:\/\/api.w.org\/{rel}","templated":true}]}}