{"id":6681,"date":"2019-07-11T13:52:47","date_gmt":"2019-07-11T13:52:47","guid":{"rendered":"http:\/\/www.3p-gmbh.de\/produkt\/adressieranlage\/"},"modified":"2019-11-12T15:22:50","modified_gmt":"2019-11-12T15:22:50","slug":"adressieranlage","status":"publish","type":"product","link":"https:\/\/www.3p-gmbh.de\/da\/produkt\/adressieranlage\/","title":{"rendered":"MicroJet Adressieranlage"},"content":{"rendered":"<ul>\n<li>mit zwei Druckk\u00f6pfen und variablem Tr\u00e4gersystem 140 x 75 cm mit Drehgeber<\/li>\n<li>Z\u00e4hlerstand 42 Mio Adressierungen<\/li>\n<\/ul>\n","protected":false},"excerpt":{"rendered":"<p>mit zwei Druckk\u00f6pfen und variablem Tr\u00e4gersystem 140 x 75 cm mit Drehgeber Z\u00e4hlerstand 42 Mio Adressierungen<\/p>\n","protected":false},"featured_media":859,"template":"","meta":[],"product_brand":[],"product_cat":[1744],"product_tag":[],"class_list":{"0":"post-6681","1":"product","2":"type-product","3":"status-publish","4":"has-post-thumbnail","6":"product_cat-adressier-und-kuvertiersysteme","7":"pa_hersteller-microjet-systems","9":"first","10":"instock","11":"sold-individually","12":"taxable","13":"shipping-taxable","14":"purchasable","15":"product-type-simple"},"jetpack_sharing_enabled":true,"_links":{"self":[{"href":"https:\/\/www.3p-gmbh.de\/da\/wp-json\/wp\/v2\/product\/6681","targetHints":{"allow":["GET"]}}],"collection":[{"href":"https:\/\/www.3p-gmbh.de\/da\/wp-json\/wp\/v2\/product"}],"about":[{"href":"https:\/\/www.3p-gmbh.de\/da\/wp-json\/wp\/v2\/types\/product"}],"wp:featuredmedia":[{"embeddable":true,"href":"https:\/\/www.3p-gmbh.de\/da\/wp-json\/wp\/v2\/media\/859"}],"wp:attachment":[{"href":"https:\/\/www.3p-gmbh.de\/da\/wp-json\/wp\/v2\/media?parent=6681"}],"wp:term":[{"taxonomy":"product_brand","embeddable":true,"href":"https:\/\/www.3p-gmbh.de\/da\/wp-json\/wp\/v2\/product_brand?post=6681"},{"taxonomy":"product_cat","embeddable":true,"href":"https:\/\/www.3p-gmbh.de\/da\/wp-json\/wp\/v2\/product_cat?post=6681"},{"taxonomy":"product_tag","embeddable":true,"href":"https:\/\/www.3p-gmbh.de\/da\/wp-json\/wp\/v2\/product_tag?post=6681"}],"curies":[{"name":"wp","href":"https:\/\/api.w.org\/{rel}","templated":true}]}}