{"id":6597,"date":"2019-07-11T13:51:55","date_gmt":"2019-07-11T13:51:55","guid":{"rendered":"http:\/\/www.3p-gmbh.de\/produkt\/banderoliermaschine\/"},"modified":"2019-11-12T16:09:55","modified_gmt":"2019-11-12T16:09:55","slug":"banderoliermaschine","status":"publish","type":"product","link":"https:\/\/www.3p-gmbh.de\/da\/produkt\/banderoliermaschine\/","title":{"rendered":"Akebono 301 N Banderoliermaschine"},"content":{"rendered":"<ul>\n<li>Leistung bis 30 Banderolierungen pro Minute<\/li>\n<li>Bandbreite 29mm<\/li>\n<li>Vorratsrolle 180\/200m<\/li>\n<li>Bogengr\u00f6ssen B 560 x H 200mm<\/li>\n<li>B\u00fcndelh\u00f6he 2-210 cm<\/li>\n<li>B\u00fcndelbreite 20-390 mm<\/li>\n<li>Elektrik 230 V, 50\/60 Hz, 1 PH<\/li>\n<li>verwendetes Material: Banderolierfolie und Banderolierpapier<\/li>\n<\/ul>\n","protected":false},"excerpt":{"rendered":"<p>Leistung bis 30 Banderolierungen pro Minute Bandbreite 29mm Vorratsrolle 180\/200m Bogengr\u00f6ssen B 560 x H 200mm B\u00fcndelh\u00f6he 2-210 cm B\u00fcndelbreite 20-390 mm Elektrik 230 V, 50\/60 Hz, 1 PH verwendetes Material: Banderolierfolie und Banderolierpapier<\/p>\n","protected":false},"featured_media":502,"template":"","meta":[],"product_brand":[],"product_cat":[1746],"product_tag":[],"class_list":{"0":"post-6597","1":"product","2":"type-product","3":"status-publish","4":"has-post-thumbnail","6":"product_cat-banderoliermaschinen","7":"pa_baujahr-205","8":"pa_hersteller-akebono","9":"pa_typ-301-n","11":"first","12":"instock","13":"sold-individually","14":"taxable","15":"shipping-taxable","16":"purchasable","17":"product-type-simple"},"jetpack_sharing_enabled":true,"_links":{"self":[{"href":"https:\/\/www.3p-gmbh.de\/da\/wp-json\/wp\/v2\/product\/6597","targetHints":{"allow":["GET"]}}],"collection":[{"href":"https:\/\/www.3p-gmbh.de\/da\/wp-json\/wp\/v2\/product"}],"about":[{"href":"https:\/\/www.3p-gmbh.de\/da\/wp-json\/wp\/v2\/types\/product"}],"wp:featuredmedia":[{"embeddable":true,"href":"https:\/\/www.3p-gmbh.de\/da\/wp-json\/wp\/v2\/media\/502"}],"wp:attachment":[{"href":"https:\/\/www.3p-gmbh.de\/da\/wp-json\/wp\/v2\/media?parent=6597"}],"wp:term":[{"taxonomy":"product_brand","embeddable":true,"href":"https:\/\/www.3p-gmbh.de\/da\/wp-json\/wp\/v2\/product_brand?post=6597"},{"taxonomy":"product_cat","embeddable":true,"href":"https:\/\/www.3p-gmbh.de\/da\/wp-json\/wp\/v2\/product_cat?post=6597"},{"taxonomy":"product_tag","embeddable":true,"href":"https:\/\/www.3p-gmbh.de\/da\/wp-json\/wp\/v2\/product_tag?post=6597"}],"curies":[{"name":"wp","href":"https:\/\/api.w.org\/{rel}","templated":true}]}}