{"id":6592,"date":"2019-07-11T13:51:55","date_gmt":"2019-07-11T13:51:55","guid":{"rendered":"http:\/\/www.3p-gmbh.de\/produkt\/tischbuendler\/"},"modified":"2019-11-12T16:10:20","modified_gmt":"2019-11-12T16:10:20","slug":"tischbuendler","status":"publish","type":"product","link":"https:\/\/www.3p-gmbh.de\/da\/produkt\/tischbuendler\/","title":{"rendered":"Busch TB 24-I Tischb\u00fcndler"},"content":{"rendered":"<p>Als B\u00fcndelmaterial wird beschichtetes Kraftpapier (braun oder weiss) oder transparente Polypropylenfolie verwendet. Die Maschine ist ausgestattet mit Digitaldisplay, Fehleranzeige und elektronischer Temperaturregelung.<\/p>\n<ul>\n<li>Bedienm\u00f6glichkeiten: Einzeltaktausl\u00f6sung \u00fcber Drucktaster, Einzeltaktausl\u00f6sung \u00fcber Fusspedal, automatische Ausl\u00f6sung \u00fcber Sensor<\/li>\n<li>B\u00fcndelmaterial: Beschichtetes Kraftpapier, Polypropylenfolie (PP)<\/li>\n<li>Bandbreite 50mm oder 30mm (zwei Ger\u00e4te verf\u00fcgbar)<\/li>\n<li>Rollenl\u00e4nge 150 m bei Kraftpapier, 200 m bei Folie<\/li>\n<li>Maschinenleistung 20 &#8211; 25 Takte\/min.<\/li>\n<li>Max. Abmessung des B\u00fcndelguts 240 mm Breite bei Papierb\u00fcndelung, 180mm bei Folienb\u00fcndelung<\/li>\n<li>H\u00f6he des B\u00fcndelguts 150mm, L\u00e4nge unbegrenzt<\/li>\n<\/ul>\n","protected":false},"excerpt":{"rendered":"<p>Als B\u00fcndelmaterial wird beschichtetes Kraftpapier (braun oder weiss) oder transparente Polypropylenfolie verwendet. Die Maschine ist ausgestattet mit Digitaldisplay, Fehleranzeige und elektronischer Temperaturregelung. Bedienm\u00f6glichkeiten: Einzeltaktausl\u00f6sung \u00fcber Drucktaster, Einzeltaktausl\u00f6sung \u00fcber Fusspedal, automatische Ausl\u00f6sung \u00fcber Sensor B\u00fcndelmaterial: Beschichtetes Kraftpapier, Polypropylenfolie (PP) Bandbreite 50mm oder 30mm (zwei Ger\u00e4te verf\u00fcgbar) Rollenl\u00e4nge 150 m bei Kraftpapier, 200 m bei Folie Maschinenleistung [&hellip;]<\/p>\n","protected":false},"featured_media":482,"template":"","meta":[],"product_brand":[],"product_cat":[1746],"product_tag":[],"class_list":{"0":"post-6592","1":"product","2":"type-product","3":"status-publish","4":"has-post-thumbnail","6":"product_cat-banderoliermaschinen","7":"pa_baujahr-205","8":"pa_hersteller-gerhard-busch","9":"pa_typ-tb-24-i","11":"first","12":"instock","13":"sold-individually","14":"taxable","15":"shipping-taxable","16":"purchasable","17":"product-type-simple"},"jetpack_sharing_enabled":true,"_links":{"self":[{"href":"https:\/\/www.3p-gmbh.de\/da\/wp-json\/wp\/v2\/product\/6592","targetHints":{"allow":["GET"]}}],"collection":[{"href":"https:\/\/www.3p-gmbh.de\/da\/wp-json\/wp\/v2\/product"}],"about":[{"href":"https:\/\/www.3p-gmbh.de\/da\/wp-json\/wp\/v2\/types\/product"}],"wp:featuredmedia":[{"embeddable":true,"href":"https:\/\/www.3p-gmbh.de\/da\/wp-json\/wp\/v2\/media\/482"}],"wp:attachment":[{"href":"https:\/\/www.3p-gmbh.de\/da\/wp-json\/wp\/v2\/media?parent=6592"}],"wp:term":[{"taxonomy":"product_brand","embeddable":true,"href":"https:\/\/www.3p-gmbh.de\/da\/wp-json\/wp\/v2\/product_brand?post=6592"},{"taxonomy":"product_cat","embeddable":true,"href":"https:\/\/www.3p-gmbh.de\/da\/wp-json\/wp\/v2\/product_cat?post=6592"},{"taxonomy":"product_tag","embeddable":true,"href":"https:\/\/www.3p-gmbh.de\/da\/wp-json\/wp\/v2\/product_tag?post=6592"}],"curies":[{"name":"wp","href":"https:\/\/api.w.org\/{rel}","templated":true}]}}