{"id":6570,"date":"2019-07-11T13:51:44","date_gmt":"2019-07-11T13:51:44","guid":{"rendered":"http:\/\/www.3p-gmbh.de\/produkt\/vollautomatische-winkelschrumpfmaschine\/"},"modified":"2019-11-13T13:01:08","modified_gmt":"2019-11-13T13:01:08","slug":"vollautomatische-winkelschrumpfmaschine","status":"publish","type":"product","link":"https:\/\/www.3p-gmbh.de\/da\/produkt\/vollautomatische-winkelschrumpfmaschine\/","title":{"rendered":"Pactur Ladypack Auto 60 vollautomatische Winkelschrumpfmaschine"},"content":{"rendered":"<p>Das Ger\u00e4t bietet h\u00f6chsten Komfort im Bereich der Winkelschweisstechnik. 20 unterschiedliche Produktgr\u00f6ssen k\u00f6nnen abgespeichert und \u00fcber ein anwenderfreundliches Bedienfeld durch Eingabe des entsprechenden Kurzcodes abgerufen werden. Die Einstellung auf die Produkte erfolgt automatisch.<\/p>\n","protected":false},"excerpt":{"rendered":"<p>Das Ger\u00e4t bietet h\u00f6chsten Komfort im Bereich der Winkelschweisstechnik. 20 unterschiedliche Produktgr\u00f6ssen k\u00f6nnen abgespeichert und \u00fcber ein anwenderfreundliches Bedienfeld durch Eingabe des entsprechenden Kurzcodes abgerufen werden. Die Einstellung auf die Produkte erfolgt automatisch.<\/p>\n","protected":false},"featured_media":387,"template":"","meta":[],"product_brand":[],"product_cat":[76],"product_tag":[],"class_list":{"0":"post-6570","1":"product","2":"type-product","3":"status-publish","4":"has-post-thumbnail","6":"product_cat-folienverpackung-und-straffpacker","7":"pa_baujahr-158","8":"pa_hersteller-paktur","9":"pa_typ-ladypack-auto-60","11":"first","12":"instock","13":"sold-individually","14":"taxable","15":"shipping-taxable","16":"purchasable","17":"product-type-simple"},"jetpack_sharing_enabled":true,"_links":{"self":[{"href":"https:\/\/www.3p-gmbh.de\/da\/wp-json\/wp\/v2\/product\/6570","targetHints":{"allow":["GET"]}}],"collection":[{"href":"https:\/\/www.3p-gmbh.de\/da\/wp-json\/wp\/v2\/product"}],"about":[{"href":"https:\/\/www.3p-gmbh.de\/da\/wp-json\/wp\/v2\/types\/product"}],"wp:featuredmedia":[{"embeddable":true,"href":"https:\/\/www.3p-gmbh.de\/da\/wp-json\/wp\/v2\/media\/387"}],"wp:attachment":[{"href":"https:\/\/www.3p-gmbh.de\/da\/wp-json\/wp\/v2\/media?parent=6570"}],"wp:term":[{"taxonomy":"product_brand","embeddable":true,"href":"https:\/\/www.3p-gmbh.de\/da\/wp-json\/wp\/v2\/product_brand?post=6570"},{"taxonomy":"product_cat","embeddable":true,"href":"https:\/\/www.3p-gmbh.de\/da\/wp-json\/wp\/v2\/product_cat?post=6570"},{"taxonomy":"product_tag","embeddable":true,"href":"https:\/\/www.3p-gmbh.de\/da\/wp-json\/wp\/v2\/product_tag?post=6570"}],"curies":[{"name":"wp","href":"https:\/\/api.w.org\/{rel}","templated":true}]}}