{"id":6555,"date":"2019-07-11T13:51:36","date_gmt":"2019-07-11T13:51:36","guid":{"rendered":"http:\/\/www.3p-gmbh.de\/produkt\/niet-oder-oesmaschine\/"},"modified":"2019-11-08T15:27:18","modified_gmt":"2019-11-08T15:27:18","slug":"niet-oder-oesmaschine","status":"publish","type":"product","link":"https:\/\/www.3p-gmbh.de\/da\/produkt\/niet-oder-oesmaschine\/","title":{"rendered":"Constantin Hang Niet-\/\u00d6smaschine"},"content":{"rendered":"<ul>\n<li>einfache Nietmaschine oder \u00d6seneinsetzmaschine mit Auflagetisch<\/li>\n<li>Arbeitstiefe ca. 200 mm<\/li>\n<li>Ausl\u00f6sung durch Fussbet\u00e4tigung<\/li>\n<\/ul>\n","protected":false},"excerpt":{"rendered":"<p>einfache Nietmaschine oder \u00d6seneinsetzmaschine mit Auflagetisch Arbeitstiefe ca. 200 mm Ausl\u00f6sung durch Fussbet\u00e4tigung<\/p>\n","protected":false},"featured_media":323,"template":"","meta":[],"product_brand":[],"product_cat":[1756],"product_tag":[],"class_list":{"0":"post-6555","1":"product","2":"type-product","3":"status-publish","4":"has-post-thumbnail","6":"product_cat-oesmaschinen","7":"pa_hersteller-constatin-hang","9":"first","10":"instock","11":"sold-individually","12":"taxable","13":"shipping-taxable","14":"purchasable","15":"product-type-simple"},"jetpack_sharing_enabled":true,"_links":{"self":[{"href":"https:\/\/www.3p-gmbh.de\/da\/wp-json\/wp\/v2\/product\/6555","targetHints":{"allow":["GET"]}}],"collection":[{"href":"https:\/\/www.3p-gmbh.de\/da\/wp-json\/wp\/v2\/product"}],"about":[{"href":"https:\/\/www.3p-gmbh.de\/da\/wp-json\/wp\/v2\/types\/product"}],"wp:featuredmedia":[{"embeddable":true,"href":"https:\/\/www.3p-gmbh.de\/da\/wp-json\/wp\/v2\/media\/323"}],"wp:attachment":[{"href":"https:\/\/www.3p-gmbh.de\/da\/wp-json\/wp\/v2\/media?parent=6555"}],"wp:term":[{"taxonomy":"product_brand","embeddable":true,"href":"https:\/\/www.3p-gmbh.de\/da\/wp-json\/wp\/v2\/product_brand?post=6555"},{"taxonomy":"product_cat","embeddable":true,"href":"https:\/\/www.3p-gmbh.de\/da\/wp-json\/wp\/v2\/product_cat?post=6555"},{"taxonomy":"product_tag","embeddable":true,"href":"https:\/\/www.3p-gmbh.de\/da\/wp-json\/wp\/v2\/product_tag?post=6555"}],"curies":[{"name":"wp","href":"https:\/\/api.w.org\/{rel}","templated":true}]}}