{"id":16363,"date":"2019-11-12T08:51:24","date_gmt":"2019-11-12T08:51:24","guid":{"rendered":"http:\/\/www.3p-gmbh.de\/?post_type=product&#038;p=16363"},"modified":"2020-04-15T14:22:15","modified_gmt":"2020-04-15T14:22:15","slug":"atlas-hydraulische-schwenkarm-stanzmaschine","status":"publish","type":"product","link":"https:\/\/www.3p-gmbh.de\/da\/produkt\/atlas-hydraulische-schwenkarm-stanzmaschine\/","title":{"rendered":"Atlas Hydraulische Schwenkarm-Stanzmaschine"},"content":{"rendered":"<p>Stanzma\u00df 55 x 55 cm<br \/>\nStanzmaschinen zur manuellen Best\u00fcckung mit Material und Werkzeug sind besonders f\u00fcr kleinere Losgr\u00f6\u00dfen oder kleinere Teileabmessungen geeignet.<\/p>\n<p>Stanzfl\u00e4che schwenkbar<br \/>\nAuflagetisch ca.50x100cm<\/p>\n","protected":false},"excerpt":{"rendered":"<p>Stanzma\u00df 55 x 55 cm Stanzmaschinen zur manuellen Best\u00fcckung mit Material und Werkzeug sind besonders f\u00fcr kleinere Losgr\u00f6\u00dfen oder kleinere Teileabmessungen geeignet. Stanzfl\u00e4che schwenkbar Auflagetisch ca.50x100cm<\/p>\n","protected":false},"featured_media":16364,"template":"","meta":[],"product_brand":[],"product_cat":[1760],"product_tag":[],"class_list":{"0":"post-16363","1":"product","2":"type-product","3":"status-publish","4":"has-post-thumbnail","6":"product_cat-stanzen","7":"pa_hersteller-atlas-copco","9":"first","10":"instock","11":"taxable","12":"shipping-taxable","13":"purchasable","14":"product-type-simple"},"jetpack_sharing_enabled":true,"_links":{"self":[{"href":"https:\/\/www.3p-gmbh.de\/da\/wp-json\/wp\/v2\/product\/16363","targetHints":{"allow":["GET"]}}],"collection":[{"href":"https:\/\/www.3p-gmbh.de\/da\/wp-json\/wp\/v2\/product"}],"about":[{"href":"https:\/\/www.3p-gmbh.de\/da\/wp-json\/wp\/v2\/types\/product"}],"wp:featuredmedia":[{"embeddable":true,"href":"https:\/\/www.3p-gmbh.de\/da\/wp-json\/wp\/v2\/media\/16364"}],"wp:attachment":[{"href":"https:\/\/www.3p-gmbh.de\/da\/wp-json\/wp\/v2\/media?parent=16363"}],"wp:term":[{"taxonomy":"product_brand","embeddable":true,"href":"https:\/\/www.3p-gmbh.de\/da\/wp-json\/wp\/v2\/product_brand?post=16363"},{"taxonomy":"product_cat","embeddable":true,"href":"https:\/\/www.3p-gmbh.de\/da\/wp-json\/wp\/v2\/product_cat?post=16363"},{"taxonomy":"product_tag","embeddable":true,"href":"https:\/\/www.3p-gmbh.de\/da\/wp-json\/wp\/v2\/product_tag?post=16363"}],"curies":[{"name":"wp","href":"https:\/\/api.w.org\/{rel}","templated":true}]}}