{"id":15671,"date":"2019-11-07T11:23:35","date_gmt":"2019-11-07T11:23:35","guid":{"rendered":"http:\/\/www.3p-gmbh.de\/?post_type=product&#038;p=15671"},"modified":"2020-04-15T14:20:48","modified_gmt":"2020-04-15T14:20:48","slug":"gkf-90-500r-600-kurvengurtfoerderer","status":"publish","type":"product","link":"https:\/\/www.3p-gmbh.de\/da\/produkt\/gkf-90-500r-600-kurvengurtfoerderer\/","title":{"rendered":"GKF 90-500R-600 Kurvengurtf\u00f6rderer"},"content":{"rendered":"<p>Winkel 90\u00b0<br \/>\nBandbreite 500mm<br \/>\nRechtslaufend<br \/>\nh\u00f6henverstellbar<\/p>\n<p>Nachr\u00fcstung mit Frequenzumrichter gegen Aufpreis m\u00f6glich<\/p>\n<p>2 St\u00fcck verf\u00fcgbar<\/p>\n","protected":false},"excerpt":{"rendered":"<p>Winkel 90\u00b0 Bandbreite 500mm Rechtslaufend h\u00f6henverstellbar Nachr\u00fcstung mit Frequenzumrichter gegen Aufpreis m\u00f6glich 2 St\u00fcck verf\u00fcgbar<\/p>\n","protected":false},"featured_media":15672,"template":"","meta":[],"product_brand":[],"product_cat":[77],"product_tag":[],"class_list":{"0":"post-15671","1":"product","2":"type-product","3":"status-publish","4":"has-post-thumbnail","6":"product_cat-foerdertechnik","7":"pa_hersteller-gkf","8":"pa_typ-gkf-90-500r-600","10":"first","11":"instock","12":"taxable","13":"shipping-taxable","14":"purchasable","15":"product-type-simple"},"jetpack_sharing_enabled":true,"_links":{"self":[{"href":"https:\/\/www.3p-gmbh.de\/da\/wp-json\/wp\/v2\/product\/15671","targetHints":{"allow":["GET"]}}],"collection":[{"href":"https:\/\/www.3p-gmbh.de\/da\/wp-json\/wp\/v2\/product"}],"about":[{"href":"https:\/\/www.3p-gmbh.de\/da\/wp-json\/wp\/v2\/types\/product"}],"wp:featuredmedia":[{"embeddable":true,"href":"https:\/\/www.3p-gmbh.de\/da\/wp-json\/wp\/v2\/media\/15672"}],"wp:attachment":[{"href":"https:\/\/www.3p-gmbh.de\/da\/wp-json\/wp\/v2\/media?parent=15671"}],"wp:term":[{"taxonomy":"product_brand","embeddable":true,"href":"https:\/\/www.3p-gmbh.de\/da\/wp-json\/wp\/v2\/product_brand?post=15671"},{"taxonomy":"product_cat","embeddable":true,"href":"https:\/\/www.3p-gmbh.de\/da\/wp-json\/wp\/v2\/product_cat?post=15671"},{"taxonomy":"product_tag","embeddable":true,"href":"https:\/\/www.3p-gmbh.de\/da\/wp-json\/wp\/v2\/product_tag?post=15671"}],"curies":[{"name":"wp","href":"https:\/\/api.w.org\/{rel}","templated":true}]}}