{"id":15611,"date":"2019-11-07T09:45:33","date_gmt":"2019-11-07T09:45:33","guid":{"rendered":"http:\/\/www.3p-gmbh.de\/?post_type=product&#038;p=15611"},"modified":"2020-04-15T14:20:49","modified_gmt":"2020-04-15T14:20:49","slug":"muero-nutenfraese-fuer-blockleimkarusell-oder-blockleimpresse","status":"publish","type":"product","link":"https:\/\/www.3p-gmbh.de\/da\/produkt\/muero-nutenfraese-fuer-blockleimkarusell-oder-blockleimpresse\/","title":{"rendered":"M\u00fcro Nutenfr\u00e4se f\u00fcr Blockleimkarussell oder Blockleimpresse"},"content":{"rendered":"<p>Die M\u00dcRO-Nutenfr\u00e4se dient zur Verst\u00e4rkung der Blockverleimung bei Brosch\u00fcren,<br \/>\nKatalogen, Listen, Kalendern und Wiegekarten (Formulars\u00e4tze auf Pappunterlage).<\/p>\n<p>Anzahl der Nuten pro Arbeitsgang: 10<br \/>\nNutenabstand: 9 mm<br \/>\nNutentiefe: ca. 1,1 mm<\/p>\n<p>Anschlu\u00df: 230 Volt ~, 510 Watt<br \/>\nNutenbreite: 1 mm<br \/>\nGr\u00f6\u00dfe: 40 x 20 x 10 cm<br \/>\nGewicht: 4,0 kg<\/p>\n<p>Das zu fr\u00e4sende Material mu\u00df fest und mit absolut glattem Binder\u00fccken im Karusell eingespannt sein eingespannt sein,<br \/>\ndie Fr\u00e4se wird angedr\u00fcckt und Auf- und Abw\u00e4rtsbewegt und seitlich versetzt.<\/p>\n","protected":false},"excerpt":{"rendered":"<p>Die M\u00dcRO-Nutenfr\u00e4se dient zur Verst\u00e4rkung der Blockverleimung bei Brosch\u00fcren, Katalogen, Listen, Kalendern und Wiegekarten (Formulars\u00e4tze auf Pappunterlage). Anzahl der Nuten pro Arbeitsgang: 10 Nutenabstand: 9 mm Nutentiefe: ca. 1,1 mm Anschlu\u00df: 230 Volt ~, 510 Watt Nutenbreite: 1 mm Gr\u00f6\u00dfe: 40 x 20 x 10 cm Gewicht: 4,0 kg Das zu fr\u00e4sende Material mu\u00df fest [&hellip;]<\/p>\n","protected":false},"featured_media":15612,"template":"","meta":[],"product_brand":[],"product_cat":[1764],"product_tag":[],"class_list":{"0":"post-15611","1":"product","2":"type-product","3":"status-publish","4":"has-post-thumbnail","6":"product_cat-sortimentsbuchbinderei","7":"pa_hersteller-muero","9":"first","10":"instock","11":"taxable","12":"shipping-taxable","13":"purchasable","14":"product-type-simple"},"jetpack_sharing_enabled":true,"_links":{"self":[{"href":"https:\/\/www.3p-gmbh.de\/da\/wp-json\/wp\/v2\/product\/15611","targetHints":{"allow":["GET"]}}],"collection":[{"href":"https:\/\/www.3p-gmbh.de\/da\/wp-json\/wp\/v2\/product"}],"about":[{"href":"https:\/\/www.3p-gmbh.de\/da\/wp-json\/wp\/v2\/types\/product"}],"wp:featuredmedia":[{"embeddable":true,"href":"https:\/\/www.3p-gmbh.de\/da\/wp-json\/wp\/v2\/media\/15612"}],"wp:attachment":[{"href":"https:\/\/www.3p-gmbh.de\/da\/wp-json\/wp\/v2\/media?parent=15611"}],"wp:term":[{"taxonomy":"product_brand","embeddable":true,"href":"https:\/\/www.3p-gmbh.de\/da\/wp-json\/wp\/v2\/product_brand?post=15611"},{"taxonomy":"product_cat","embeddable":true,"href":"https:\/\/www.3p-gmbh.de\/da\/wp-json\/wp\/v2\/product_cat?post=15611"},{"taxonomy":"product_tag","embeddable":true,"href":"https:\/\/www.3p-gmbh.de\/da\/wp-json\/wp\/v2\/product_tag?post=15611"}],"curies":[{"name":"wp","href":"https:\/\/api.w.org\/{rel}","templated":true}]}}