{"id":13639,"date":"2019-10-28T14:47:34","date_gmt":"2019-10-28T14:47:34","guid":{"rendered":"http:\/\/www.3p-gmbh.de\/?post_type=product&#038;p=13639"},"modified":"2020-04-15T14:15:39","modified_gmt":"2020-04-15T14:15:39","slug":"polar-stapellift-lw-1200-6","status":"publish","type":"product","link":"https:\/\/www.3p-gmbh.de\/da\/produkt\/polar-stapellift-lw-1200-6\/","title":{"rendered":"Polar LW 1200-6 Stapellift"},"content":{"rendered":"<p>Baujahr 2010 oder 2013<br \/>\nFormat 1050&#215;1480 cm<br \/>\nTransportkapazit\u00e4t bis zu 1200 kg<\/p>\n<p>Beim Beladen von Schnellschneidern sorgen POLAR Stapellifte LW f\u00fcr mehr Ergonomie und f\u00fcr leichtes Arbeiten in angenehmer Arbeitsh\u00f6he.<br \/>\nKundennutzen:<br \/>\nDie Produktivit\u00e4t der Schneidemaschine erh\u00f6ht sich um bis zu 10 Prozent, da die Arbeitsh\u00f6he beim Be-\/Entladen konstant bleibt.<br \/>\nDie Leistungskurve des Bedieners bleibt konstant.<\/p>\n","protected":false},"excerpt":{"rendered":"<p>Baujahr 2010 oder 2013 Format 1050&#215;1480 cm Transportkapazit\u00e4t bis zu 1200 kg Beim Beladen von Schnellschneidern sorgen POLAR Stapellifte LW f\u00fcr mehr Ergonomie und f\u00fcr leichtes Arbeiten in angenehmer Arbeitsh\u00f6he. Kundennutzen: Die Produktivit\u00e4t der Schneidemaschine erh\u00f6ht sich um bis zu 10 Prozent, da die Arbeitsh\u00f6he beim Be-\/Entladen konstant bleibt. Die Leistungskurve des Bedieners bleibt konstant.<\/p>\n","protected":false},"featured_media":13640,"template":"","meta":[],"product_brand":[],"product_cat":[1761],"product_tag":[],"class_list":{"0":"post-13639","1":"product","2":"type-product","3":"status-publish","4":"has-post-thumbnail","6":"product_cat-stapelheber-stapellifte","7":"pa_hersteller-polar-mohr","8":"pa_typ-lw-1200-6","10":"first","11":"instock","12":"taxable","13":"shipping-taxable","14":"purchasable","15":"product-type-simple"},"jetpack_sharing_enabled":true,"_links":{"self":[{"href":"https:\/\/www.3p-gmbh.de\/da\/wp-json\/wp\/v2\/product\/13639","targetHints":{"allow":["GET"]}}],"collection":[{"href":"https:\/\/www.3p-gmbh.de\/da\/wp-json\/wp\/v2\/product"}],"about":[{"href":"https:\/\/www.3p-gmbh.de\/da\/wp-json\/wp\/v2\/types\/product"}],"wp:featuredmedia":[{"embeddable":true,"href":"https:\/\/www.3p-gmbh.de\/da\/wp-json\/wp\/v2\/media\/13640"}],"wp:attachment":[{"href":"https:\/\/www.3p-gmbh.de\/da\/wp-json\/wp\/v2\/media?parent=13639"}],"wp:term":[{"taxonomy":"product_brand","embeddable":true,"href":"https:\/\/www.3p-gmbh.de\/da\/wp-json\/wp\/v2\/product_brand?post=13639"},{"taxonomy":"product_cat","embeddable":true,"href":"https:\/\/www.3p-gmbh.de\/da\/wp-json\/wp\/v2\/product_cat?post=13639"},{"taxonomy":"product_tag","embeddable":true,"href":"https:\/\/www.3p-gmbh.de\/da\/wp-json\/wp\/v2\/product_tag?post=13639"}],"curies":[{"name":"wp","href":"https:\/\/api.w.org\/{rel}","templated":true}]}}