{"id":13381,"date":"2019-10-24T14:23:58","date_gmt":"2019-10-24T14:23:58","guid":{"rendered":"http:\/\/www.3p-gmbh.de\/?post_type=product&#038;p=13381"},"modified":"2020-04-15T14:15:40","modified_gmt":"2020-04-15T14:15:40","slug":"ats-tanner-us-2000-trs-l-banderoliermaschine","status":"publish","type":"product","link":"https:\/\/www.3p-gmbh.de\/da\/produkt\/ats-tanner-us-2000-trs-l-banderoliermaschine\/","title":{"rendered":"ATS Tanner US 2000 TRS-L Banderoliermaschine"},"content":{"rendered":"<p>Diese automatische Inline-Banderoliermaschine verf\u00fcgt \u00fcber einen pneumatischen Produktniederhalter und Mittenzentrierung. Das extra langen F\u00f6rderband \u00fcbernimmt die Produktestapel (Einzel- oder Doppel-Nutzen) von der Vormaschine und transportiert sie an den Produktanschlag. Vor dem Banderolieren werden die Stapel gepresst und an allen vier Seiten ausgerichtet. Produkte werden via F\u00f6rderband in die US-2000 TRS-L transportiert, wo der Stapel allseitig zentriert, gepresst und 1- oder 2-fach banderoliert wird.<\/p>\n","protected":false},"excerpt":{"rendered":"<p>Diese automatische Inline-Banderoliermaschine verf\u00fcgt \u00fcber einen pneumatischen Produktniederhalter und Mittenzentrierung. Das extra langen F\u00f6rderband \u00fcbernimmt die Produktestapel (Einzel- oder Doppel-Nutzen) von der Vormaschine und transportiert sie an den Produktanschlag. Vor dem Banderolieren werden die Stapel gepresst und an allen vier Seiten ausgerichtet. Produkte werden via F\u00f6rderband in die US-2000 TRS-L transportiert, wo der Stapel allseitig [&hellip;]<\/p>\n","protected":false},"featured_media":13384,"template":"","meta":[],"product_brand":[],"product_cat":[1746],"product_tag":[],"class_list":{"0":"post-13381","1":"product","2":"type-product","3":"status-publish","4":"has-post-thumbnail","6":"product_cat-banderoliermaschinen","7":"pa_bezeichnung_typ-us-2000-trs-l","8":"pa_hersteller-ats-tanner","10":"first","11":"instock","12":"taxable","13":"shipping-taxable","14":"purchasable","15":"product-type-simple"},"jetpack_sharing_enabled":true,"_links":{"self":[{"href":"https:\/\/www.3p-gmbh.de\/da\/wp-json\/wp\/v2\/product\/13381","targetHints":{"allow":["GET"]}}],"collection":[{"href":"https:\/\/www.3p-gmbh.de\/da\/wp-json\/wp\/v2\/product"}],"about":[{"href":"https:\/\/www.3p-gmbh.de\/da\/wp-json\/wp\/v2\/types\/product"}],"wp:featuredmedia":[{"embeddable":true,"href":"https:\/\/www.3p-gmbh.de\/da\/wp-json\/wp\/v2\/media\/13384"}],"wp:attachment":[{"href":"https:\/\/www.3p-gmbh.de\/da\/wp-json\/wp\/v2\/media?parent=13381"}],"wp:term":[{"taxonomy":"product_brand","embeddable":true,"href":"https:\/\/www.3p-gmbh.de\/da\/wp-json\/wp\/v2\/product_brand?post=13381"},{"taxonomy":"product_cat","embeddable":true,"href":"https:\/\/www.3p-gmbh.de\/da\/wp-json\/wp\/v2\/product_cat?post=13381"},{"taxonomy":"product_tag","embeddable":true,"href":"https:\/\/www.3p-gmbh.de\/da\/wp-json\/wp\/v2\/product_tag?post=13381"}],"curies":[{"name":"wp","href":"https:\/\/api.w.org\/{rel}","templated":true}]}}